{"id":5509,"date":"2025-11-11T20:21:57","date_gmt":"2025-11-11T20:21:57","guid":{"rendered":"https:\/\/baflesoviedo.com\/home\/?post_type=product&#038;p=5509"},"modified":"2025-11-11T20:21:57","modified_gmt":"2025-11-11T20:21:57","slug":"ifi-ipower-elite-fuente-alimentacion-ac-dc","status":"publish","type":"product","link":"https:\/\/baflesoviedo.com\/home\/product\/ifi-ipower-elite-fuente-alimentacion-ac-dc\/","title":{"rendered":"iFi, iPower Elite, Fuente Alimentaci\u00f3n AC\/DC"},"content":{"rendered":"<p class=\"p1\"><b>Especificaciones T\u00e9cnicas:<\/b><\/p>\n<p class=\"p1\"><b>INPUT<\/b><br \/>\n100-240VAC (50-60Hz\/1.5A)<\/p>\n<p class=\"p1\"><b>OUTPUT<\/b><\/p>\n<p class=\"p3\">5V\/5.0A; 12V\/4.0A; 15V\/3.5A; 24V\/2.5A<\/p>\n<p class=\"p3\"><b>OUTPUT PLUG<\/b><\/p>\n<p class=\"p3\">5.5&#215;2.1mm Centre Positive<\/p>\n<p class=\"p3\"><b>NOISE FLOOR<\/b><\/p>\n<p class=\"p3\">~1uV<\/p>\n<p class=\"p3\"><b>DIMENSIONS<\/b><\/p>\n<p class=\"p3\">148 x 55 x 50 mm \/ 5.8&#8243; x 2.2&#8243; x 1.3&#8243;<\/p>\n<p class=\"p3\"><b>WEIGHT<\/b><\/p>\n<p class=\"p3\">550 g (1.2 Ibs).<\/p>\n<p><a href=\"https:\/\/www.silentpower.tech\/collections\/power\/products\/ipower-elite\" target=\"_blank\" rel=\"noopener noreferrer\"><span style=\"color: #0000ff;\">Click aqu\u00ed para m\u00e1s informaci\u00f3n del producto.<\/span><\/a><\/p>\n","protected":false},"excerpt":{"rendered":"<p class=\"p1\">La iPower Elite es una fuente de alimentaci\u00f3n de muy alto nivel dise\u00f1ada para reemplazar adaptadores gen\u00e9ricos en equipamiento de audio (streamers, DACs, etapas, preamplificadores). Su objetivo: entregar una corriente ultra limpia, con un nivel de ruido residuo muy bajo (~1 \u00b5V) y una estabilidad superior. El resultado: mayor claridad, mejor espaciamiento sonoro y menor fondo de ruido en el sistema.<span class=\"Apple-converted-space\">\u00a0<\/span><\/p>\n<ul class=\"ul1\">\n<li class=\"li1\"><b>Compatibilidad multivoltaje para dispositivos DC<\/b><br \/>\nDisponible en versiones de salida: 5 V\/5 A, 12 V\/4 A, 15 V\/3,5 A y 24 V\/2,5 A, lo que permite su uso con una amplia gama de dispositivos de audio.<\/li>\n<li class=\"li1\"><b>Nivel de ruido ultra-bajo (&lt; 1 \u00b5V)<\/b><br \/>\nLa iPower Elite promete un piso de ruido residual de menos de 1 microvoltio, lo que la posiciona muy por encima de fuentes gen\u00e9ricas y muchas fuentes audi\u00f3filas.<span class=\"Apple-converted-space\">\u00a0<\/span><\/li>\n<li class=\"li1\"><b>Tecnolog\u00eda Active Noise Cancellation II (ANC II)<\/b><br \/>\nUtiliza un circuito de cancelaci\u00f3n activa de ruido que act\u00faa en frecuencias bajas y medias, combinado con filtros pasivos para altas frecuencias, para ofrecer una alimentaci\u00f3n \u00abm\u00e1s limpia que una bater\u00eda\u00bb.<span class=\"Apple-converted-space\">\u00a0<\/span><\/li>\n<li class=\"li1\"><b>Construcci\u00f3n de alta gama<\/b><br \/>\nChasis unibody de aluminio aeron\u00e1utico, con disipador integrado, tama\u00f1o y peso que reflejan calidad premium (\u2248 148 \u00d7 55 \u00d7 50 mm; peso ~550 g) para versiones est\u00e1ndar.<span class=\"Apple-converted-space\">\u00a0<\/span><\/li>\n<li class=\"li1\"><b>Filtro avanzado de interferencias (EMI\/RFI) y conversi\u00f3n eficiente<\/b><br \/>\nDise\u00f1o de control adaptativo de 60 W de potencia nominal, t\u00e9cnicas de \u201cfrequency shuffling\u201d para EMI, transformador de baja fuga, PCB dise\u00f1adas para RF.<span class=\"Apple-converted-space\">\u00a0<\/span><\/li>\n<li class=\"li1\"><b>Mejora audible de sistemas exigentes<\/b><br \/>\nSe suele recomendar en sistemas donde la fuente de alimentaci\u00f3n standard ya se considera un cuello de botella en la calidad sonora; sustituirla por este modelo permite mejoras reales en espacialidad, silencio de fondo y definici\u00f3n.<\/li>\n<\/ul>\n","protected":false},"featured_media":5510,"template":"","meta":[],"product_cat":[26],"product_tag":[201,40,224],"_links":{"self":[{"href":"https:\/\/baflesoviedo.com\/home\/wp-json\/wp\/v2\/product\/5509"}],"collection":[{"href":"https:\/\/baflesoviedo.com\/home\/wp-json\/wp\/v2\/product"}],"about":[{"href":"https:\/\/baflesoviedo.com\/home\/wp-json\/wp\/v2\/types\/product"}],"wp:featuredmedia":[{"embeddable":true,"href":"https:\/\/baflesoviedo.com\/home\/wp-json\/wp\/v2\/media\/5510"}],"wp:attachment":[{"href":"https:\/\/baflesoviedo.com\/home\/wp-json\/wp\/v2\/media?parent=5509"}],"wp:term":[{"taxonomy":"product_cat","embeddable":true,"href":"https:\/\/baflesoviedo.com\/home\/wp-json\/wp\/v2\/product_cat?post=5509"},{"taxonomy":"product_tag","embeddable":true,"href":"https:\/\/baflesoviedo.com\/home\/wp-json\/wp\/v2\/product_tag?post=5509"}],"curies":[{"name":"wp","href":"https:\/\/api.w.org\/{rel}","templated":true}]}}