{"id":5513,"date":"2025-11-11T20:26:18","date_gmt":"2025-11-11T20:26:18","guid":{"rendered":"https:\/\/baflesoviedo.com\/home\/?post_type=product&#038;p=5513"},"modified":"2025-11-11T20:26:18","modified_gmt":"2025-11-11T20:26:18","slug":"ifi-ipowerx-lan-isilencer-combo-alimentacion-aislamiento","status":"publish","type":"product","link":"https:\/\/baflesoviedo.com\/home\/product\/ifi-ipowerx-lan-isilencer-combo-alimentacion-aislamiento\/","title":{"rendered":"iFi, iPowerX &#038; LAN iSilencer, Combo Alimentaci\u00f3n + Aislamiento"},"content":{"rendered":"<p class=\"p1\"><b>Especificaciones T\u00e9cnicas:<\/b><\/p>\n<p class=\"p1\"><span class=\"s1\"><b>LAN iSilencer<\/b><\/span><\/p>\n<p class=\"p1\"><b>OPERATING VOLTAGE<\/b><\/p>\n<p class=\"p3\"><b>90V &#8211; 265V<\/b><\/p>\n<p class=\"p1\"><b>LENGTH<\/b><\/p>\n<p class=\"p3\"><b>1.8 m (70.8&#8243;)<\/b><\/p>\n<p class=\"p1\"><b>WEIGHT<\/b><\/p>\n<p class=\"p3\">US: 580 g (1.28 Ibs)<span class=\"s2\"><br \/>\n<\/span>EU: 595 g (1.30 Ibs)<span class=\"s2\"><br \/>\n<\/span>UK: 600 g (1.32 Ibs)<span class=\"s2\"><br \/>\n<\/span>AU: 578 g (1.27 Ibs)<\/p>\n<p class=\"p1\"><b>WARRANTY PERIOD<\/b><\/p>\n<p class=\"p3\">12 months<\/p>\n<p class=\"p1\"><span class=\"s1\"><b>iPower X<\/b><\/span><\/p>\n<p class=\"p1\"><b>INPUT<\/b><br \/>\n100-240VAC (50-60Hz\/1.5A)<br \/>\n(UK\/US\/EU\/AU interchangeable pins. Sold separately)<\/p>\n<p class=\"p1\"><b>OUTPUT<\/b><\/p>\n<p class=\"p6\">5V\/3.0A, 9V\/2.5A, 12V\/2.0A, 15V\/1.5A<\/p>\n<p class=\"p7\"><b>OUTPUT PLUG<\/b><\/p>\n<p class=\"p6\">3.5&#215;1.35mm; 4.0&#215;1.7mm; 4.8&#215;1.7mm;<br \/>\n5.5&#215;2.1 mm; 5.5&#215;2.5mm Reverse Polarity Plug (White)<\/p>\n<p class=\"p7\"><b>NOISE FLOOR<\/b><\/p>\n<p class=\"p6\">~1uV.<\/p>\n<p class=\"p7\"><b>DIMENSIONS<\/b><\/p>\n<p class=\"p6\">95 (L) 5O (W) 43 (H) mm.<\/p>\n<p class=\"p7\"><b>WEIGHT<\/b><\/p>\n<p class=\"p6\">7 g (0.25 oz).<\/p>\n<p><a href=\"https:\/\/www.silentpower.tech\/collections\/power\/products\/ipowerx-lan-isilencer\" target=\"_blank\" rel=\"noopener noreferrer\"><span style=\"color: #0000ff;\">Click aqu\u00ed para m\u00e1s informaci\u00f3n del producto.<\/span><\/a><\/p>\n","protected":false},"excerpt":{"rendered":"<p class=\"p1\">Este paquete combina dos herramientas clave para mejorar el rendimiento de sistemas de audio\/streaming de alto nivel: la fuente de alimentaci\u00f3n de bajo ruido <b>iPower X<\/b> y el filtrado\/aislamiento de la conexi\u00f3n de red mediante el <b>LAN iSilencer<\/b>. El objetivo: minimizar tanto el ruido el\u00e9ctrico en la alimentaci\u00f3n como las interferencias que ingresan por la red, para revelar mayor detalle, silencio de fondo m\u00e1s profundo y una experiencia m\u00e1s fluida en streaming.<span class=\"Apple-converted-space\">\u00a0<\/span><\/p>\n<ul class=\"ul1\">\n<li class=\"li1\"><b>Fuente de alimentaci\u00f3n de referencia (iPower X)<\/b>:\n<ul class=\"ul2\">\n<li class=\"li1\"><b><\/b>Entrada AC 100-240 V, salida seleccionable: 5 V\/3.0 A, 9 V\/2.5 A, 12 V\/2.0 A, 15 V\/1.5 A.<span class=\"Apple-converted-space\">\u00a0<\/span><\/li>\n<li class=\"li1\"><b><\/b>Nivel de ruido (noise floor) estimado ~ 1 \u00b5V \u2014 uno de los valores m\u00e1s bajos en su categor\u00eda.<span class=\"Apple-converted-space\">\u00a0<\/span><\/li>\n<li class=\"li1\"><b><\/b>Construcci\u00f3n compacta: dimensiones aproximadas 95 \u00d7 50 \u00d7 43 mm.<span class=\"Apple-converted-space\">\u00a0<\/span><\/li>\n<\/ul>\n<\/li>\n<li class=\"li1\"><b>Filtro\/aislamiento de red (LAN iSilencer)<\/b>:\n<ul class=\"ul2\">\n<li class=\"li1\"><b><\/b>A\u00edsla galv\u00e1nicamente la conexi\u00f3n RJ-45 (entrada hembra, salida macho) para eliminar corrientes de tierra y ruido inducido por la red.<span class=\"Apple-converted-space\">\u00a0<\/span><\/li>\n<li class=\"li1\"><b><\/b>Soporte para gigabit (1000\/100\/10 Mbps) sin restricci\u00f3n, lo que lo hace adecuado para streaming de alta resoluci\u00f3n.<span class=\"Apple-converted-space\">\u00a0<\/span><\/li>\n<li class=\"li1\"><b><\/b>Carcasa blindada con toma de tierra integrada, supresor de transitorios (TVS) para proteger frente a picos de tensi\u00f3n.<span class=\"Apple-converted-space\">\u00a0<\/span><\/li>\n<\/ul>\n<\/li>\n<li class=\"li1\"><b>Mejora global del sistema<\/b>: Al atacar dos fuentes principales de contaminaci\u00f3n (la alimentaci\u00f3n y la red), este bundle puede liberar el m\u00e1ximo potencial del equipo conectado, sobre todo en sistemas exigentes de audio digital\/streaming.<\/li>\n<\/ul>\n","protected":false},"featured_media":5514,"template":"","meta":[],"product_cat":[26],"product_tag":[201,40,224],"_links":{"self":[{"href":"https:\/\/baflesoviedo.com\/home\/wp-json\/wp\/v2\/product\/5513"}],"collection":[{"href":"https:\/\/baflesoviedo.com\/home\/wp-json\/wp\/v2\/product"}],"about":[{"href":"https:\/\/baflesoviedo.com\/home\/wp-json\/wp\/v2\/types\/product"}],"wp:featuredmedia":[{"embeddable":true,"href":"https:\/\/baflesoviedo.com\/home\/wp-json\/wp\/v2\/media\/5514"}],"wp:attachment":[{"href":"https:\/\/baflesoviedo.com\/home\/wp-json\/wp\/v2\/media?parent=5513"}],"wp:term":[{"taxonomy":"product_cat","embeddable":true,"href":"https:\/\/baflesoviedo.com\/home\/wp-json\/wp\/v2\/product_cat?post=5513"},{"taxonomy":"product_tag","embeddable":true,"href":"https:\/\/baflesoviedo.com\/home\/wp-json\/wp\/v2\/product_tag?post=5513"}],"curies":[{"name":"wp","href":"https:\/\/api.w.org\/{rel}","templated":true}]}}