{"id":5518,"date":"2025-11-18T22:04:29","date_gmt":"2025-11-18T22:04:29","guid":{"rendered":"https:\/\/baflesoviedo.com\/home\/?post_type=product&#038;p=5518"},"modified":"2025-11-18T22:04:41","modified_gmt":"2025-11-18T22:04:41","slug":"pro-ject-elvis-turntable-tornamesa-ed-limitada","status":"publish","type":"product","link":"https:\/\/baflesoviedo.com\/home\/product\/pro-ject-elvis-turntable-tornamesa-ed-limitada\/","title":{"rendered":"Pro-Ject, Elvis Turntable, Tornamesa Ed. Limitada"},"content":{"rendered":"<p class=\"p1\"><b>Especificaciones T\u00e9cnicas:<\/b><\/p>\n<table class=\"t1\" cellspacing=\"0\" cellpadding=\"0\">\n<tbody>\n<tr>\n<td class=\"td1\" valign=\"middle\">\n<p class=\"p3\"><span class=\"s1\"><b>Speed<\/b><\/span><\/p>\n<\/td>\n<td class=\"td2\" valign=\"middle\">\n<p class=\"p3\"><span class=\"s1\">33, 45 (electronic speed change)<\/span><\/p>\n<\/td>\n<\/tr>\n<tr>\n<td class=\"td3\" valign=\"middle\">\n<p class=\"p3\"><span class=\"s1\"><b>Drive principle<\/b><\/span><\/p>\n<\/td>\n<td class=\"td4\" valign=\"middle\">\n<p class=\"p3\"><span class=\"s1\">belt drive<\/span><\/p>\n<\/td>\n<\/tr>\n<tr>\n<td class=\"td1\" valign=\"middle\">\n<p class=\"p3\"><span class=\"s1\"><b>Speed drift<\/b><\/span><\/p>\n<\/td>\n<td class=\"td2\" valign=\"middle\">\n<p class=\"p3\"><span class=\"s1\">33: +\/-0,60%; 45: +\/-0,50%<\/span><\/p>\n<\/td>\n<\/tr>\n<tr>\n<td class=\"td5\" valign=\"middle\">\n<p class=\"p3\"><span class=\"s1\"><b>Wow &amp; flutter<\/b><\/span><\/p>\n<\/td>\n<td class=\"td6\" valign=\"middle\">\n<p class=\"p3\"><span class=\"s1\">33: +\/-0,19%; 45: +\/-0,17%<\/span><\/p>\n<\/td>\n<\/tr>\n<tr>\n<td class=\"td7\" valign=\"middle\">\n<p class=\"p3\"><span class=\"s1\"><b>Platter<\/b><\/span><\/p>\n<\/td>\n<td class=\"td8\" valign=\"middle\">\n<p class=\"p3\"><span class=\"s1\">10mm thick, 1,7kg heavy glass platter with felt mat<\/span><\/p>\n<\/td>\n<\/tr>\n<tr>\n<td class=\"td5\" valign=\"middle\">\n<p class=\"p3\"><span class=\"s1\"><b>Platter bearing<\/b><\/span><\/p>\n<\/td>\n<td class=\"td6\" valign=\"middle\">\n<p class=\"p3\"><span class=\"s1\">stainless steel axle in brass bushing<\/span><\/p>\n<\/td>\n<\/tr>\n<tr>\n<td class=\"td1\" valign=\"middle\">\n<p class=\"p3\"><span class=\"s1\"><b>Signal to noise<\/b><\/span><\/p>\n<\/td>\n<td class=\"td2\" valign=\"middle\">\n<p class=\"p3\"><span class=\"s1\">67dB<\/span><\/p>\n<\/td>\n<\/tr>\n<tr>\n<td class=\"td3\" valign=\"middle\">\n<p class=\"p3\"><span class=\"s1\"><b>Tonearm<\/b><\/span><\/p>\n<\/td>\n<td class=\"td4\" valign=\"middle\">\n<p class=\"p3\"><span class=\"s1\">9\u201d aluminium<\/span><\/p>\n<\/td>\n<\/tr>\n<tr>\n<td class=\"td1\" valign=\"middle\">\n<p class=\"p3\"><span class=\"s1\"><b>Effective arm length\/mass<\/b><\/span><\/p>\n<\/td>\n<td class=\"td2\" valign=\"middle\">\n<p class=\"p3\"><span class=\"s1\">230 mm \/ 9.5 g<\/span><\/p>\n<\/td>\n<\/tr>\n<tr>\n<td class=\"td3\" valign=\"middle\">\n<p class=\"p3\"><span class=\"s1\"><b>Overhang<\/b><\/span><\/p>\n<\/td>\n<td class=\"td4\" valign=\"middle\">\n<p class=\"p3\"><span class=\"s1\">22 mm<\/span><\/p>\n<\/td>\n<\/tr>\n<tr>\n<td class=\"td1\" valign=\"middle\">\n<p class=\"p3\"><span class=\"s1\"><b>Included accessories<\/b><\/span><\/p>\n<\/td>\n<td class=\"td2\" valign=\"middle\">\n<p class=\"p3\"><span class=\"s1\">dustcover, feltmat, singles adapter, power supply, RCA cable<\/span><\/p>\n<\/td>\n<\/tr>\n<tr>\n<td class=\"td5\" valign=\"middle\">\n<p class=\"p3\"><span class=\"s1\"><b>Power consumption<\/b><\/span><\/p>\n<\/td>\n<td class=\"td6\" valign=\"middle\">\n<p class=\"p3\"><span class=\"s1\">4,5 W \/ 0 W in Stand-By<\/span><\/p>\n<\/td>\n<\/tr>\n<tr>\n<td class=\"td7\" valign=\"middle\">\n<p class=\"p3\"><span class=\"s1\"><b>Dimensions<\/b><\/span><\/p>\n<\/td>\n<td class=\"td8\" valign=\"middle\">\n<p class=\"p3\"><span class=\"s1\">465 x 135 x 347 mm (WxHxD)<\/span><\/p>\n<\/td>\n<\/tr>\n<tr>\n<td class=\"td5\" valign=\"middle\">\n<p class=\"p3\"><span class=\"s1\"><b>Weight<\/b><\/span><\/p>\n<\/td>\n<td class=\"td6\" valign=\"middle\">\n<p class=\"p3\"><span class=\"s1\">5,5 kg net<\/span><\/p>\n<\/td>\n<\/tr>\n<\/tbody>\n<\/table>\n<p><a href=\"https:\/\/www.project-audio.com\/en\/product\/elvis-turntable\/\" target=\"_blank\" rel=\"noopener noreferrer\"><span style=\"color: #0000ff;\">Click aqu\u00ed para m\u00e1s informaci\u00f3n del producto.<\/span><\/a><\/p>\n","protected":false},"excerpt":{"rendered":"<p class=\"p1\">Este modelo celebra los 90 a\u00f1os del gigante del rock \u2019n\u2019 roll, Elvis Presley. Basado en el modelo de alta gama T2, este tocadiscos combina ingenier\u00eda europea de primer nivel, dise\u00f1o exclusivo y detalles que lo hacen especial: desde su plinto mecanizado CNC con logotipo LED de Elvis, hasta la calidad interna pensada para audi\u00f3filos exigentes.<span class=\"Apple-converted-space\">\u00a0<\/span><\/p>\n<ul class=\"ul1\">\n<li class=\"li1\">Edici\u00f3n limitada con dise\u00f1o tem\u00e1tico Elvis: plinto mecanizado CNC, logotipo LED regulable, enfatizando su car\u00e1cter exclusivo.<span class=\"Apple-converted-space\">\u00a0<\/span><\/li>\n<li class=\"li1\">Plato de vidrio de <b>10 mm de grosor y 1,7 kg de masa<\/b>, dise\u00f1ado para \u201czero-resonance\u201d, lo que ayuda a una rotaci\u00f3n m\u00e1s estable y menor coloraci\u00f3n.<span class=\"Apple-converted-space\">\u00a0<\/span><\/li>\n<li class=\"li1\">Brazo de tono de <b>9<\/b><span class=\"s1\">\u2033<\/span><b> de aluminio de una sola pieza<\/b>, con cabezal integrado, que reduce vibraciones y mejora la precisi\u00f3n de rastreo.<span class=\"Apple-converted-space\">\u00a0<\/span><\/li>\n<li class=\"li1\">Sistema de accionamiento por correa (belt-drive) con motor AC regulado electr\u00f3nicamente y cambio de velocidad (33\/45 rpm) mediante bot\u00f3n electr\u00f3nico.<span class=\"Apple-converted-space\">\u00a0<\/span><\/li>\n<li class=\"li1\">Precisi\u00f3n en los par\u00e1metros t\u00e9cnicos: variaci\u00f3n de velocidad 33 rpm: \u00b10,60 %, 45 rpm: \u00b10,50 %; Wow &amp; Flutter 33 rpm: \u00b10,19 %, 45 rpm: \u00b10,17 %.<span class=\"Apple-converted-space\">\u00a0<\/span><\/li>\n<li class=\"li1\">Sistema anti-skating por muelle ajustable, equipo preajustado con pastilla MM Sumiko Rainier para facilitar la puesta en marcha sin necesidad de ajustes complicados.<span class=\"Apple-converted-space\">\u00a0<\/span><\/li>\n<li class=\"li1\">Montaje europeo, con atenci\u00f3n al detalle, sin espacios huecos en el chasis para optimizar rendimiento ac\u00fastico.<\/li>\n<\/ul>\n","protected":false},"featured_media":5519,"template":"","meta":[],"product_cat":[130,37],"product_tag":[40,56,62],"_links":{"self":[{"href":"https:\/\/baflesoviedo.com\/home\/wp-json\/wp\/v2\/product\/5518"}],"collection":[{"href":"https:\/\/baflesoviedo.com\/home\/wp-json\/wp\/v2\/product"}],"about":[{"href":"https:\/\/baflesoviedo.com\/home\/wp-json\/wp\/v2\/types\/product"}],"wp:featuredmedia":[{"embeddable":true,"href":"https:\/\/baflesoviedo.com\/home\/wp-json\/wp\/v2\/media\/5519"}],"wp:attachment":[{"href":"https:\/\/baflesoviedo.com\/home\/wp-json\/wp\/v2\/media?parent=5518"}],"wp:term":[{"taxonomy":"product_cat","embeddable":true,"href":"https:\/\/baflesoviedo.com\/home\/wp-json\/wp\/v2\/product_cat?post=5518"},{"taxonomy":"product_tag","embeddable":true,"href":"https:\/\/baflesoviedo.com\/home\/wp-json\/wp\/v2\/product_tag?post=5518"}],"curies":[{"name":"wp","href":"https:\/\/api.w.org\/{rel}","templated":true}]}}