{"id":5558,"date":"2025-11-22T06:06:30","date_gmt":"2025-11-22T06:06:30","guid":{"rendered":"https:\/\/baflesoviedo.com\/home\/?post_type=product&#038;p=5558"},"modified":"2026-01-02T16:53:17","modified_gmt":"2026-01-02T16:53:17","slug":"cambridge-audio-melomania-p100-se-audifonos-inalambricos","status":"publish","type":"product","link":"https:\/\/baflesoviedo.com\/home\/product\/cambridge-audio-melomania-p100-se-audifonos-inalambricos\/","title":{"rendered":"Cambridge Audio, Melomania P100 SE, Aud\u00edfonos Inal\u00e1mbricos"},"content":{"rendered":"<p class=\"p1\"><b>Especificaciones T\u00e9cnicas:<\/b><\/p>\n<p class=\"p3\"><b>High-performance audio mode<\/b><br \/>\nClass A\/B amplification<\/p>\n<p class=\"p3\"><b>Driver<\/b><br \/>\n40mm three-layer composite diaphragm<\/p>\n<p class=\"p3\"><b>Battery play time<\/b><br \/>\nup to 100 hrs<\/p>\n<p class=\"p3\"><b>Charging time<\/b><br \/>\n&lt;160 minutes<\/p>\n<p class=\"p3\"><b>Fast charge<\/b><br \/>\n5 minutes gives 4 hours playback ANC Off<\/p>\n<p class=\"p3\"><b>Power supply<\/b><br \/>\nUSB-C<\/p>\n<p class=\"p3\"><b>Noise isolation<\/b><br \/>\nHybrid ANC<\/p>\n<p class=\"p3\"><b>Transparency mode<\/b><br \/>\nYes<\/p>\n<p class=\"p3\"><b>Microphones<\/b><br \/>\n6<\/p>\n<p class=\"p3\"><b>Voice processing<\/b><br \/>\n2-Mic Qualcomm\u00ae cVc\u2122 Echo Cancelling and Noise Suppression Technology<\/p>\n<p class=\"p3\"><b>Melomania connect app<\/b><br \/>\nYes<\/p>\n<p><a href=\"https:\/\/www.cambridgeaudio.com\/row\/en\/products\/melomania\/melomania-p100-se\" target=\"_blank\" rel=\"noopener noreferrer\"><span style=\"color: #0000ff;\">Click aqu\u00ed para m\u00e1s informaci\u00f3n del producto.<\/span><\/a><\/p>\n","protected":false},"excerpt":{"rendered":"<p class=\"p2\">Los <b>Melomania P100 SE<\/b> combinan la experiencia de m\u00e1s de 50 a\u00f1os de ingenier\u00eda de Cambridge Audio con tecnolog\u00eda inal\u00e1mbrica de alta fidelidad. Dise\u00f1ados para usuarios exigentes que quieren disfrutar de su m\u00fasica durante d\u00edas, estos auriculares ofrecen <b>100 horas de reproducci\u00f3n<\/b>, cancelaci\u00f3n activa de ruido h\u00edbrida y una calidad sonora potente gracias a su amplificaci\u00f3n Clase A\/B. Disponible en acabados black, white o blue.<\/p>\n<ul class=\"ul1\">\n<li class=\"li2\"><b>Autonom\u00eda sobresaliente<\/b><br \/>\nHasta <b>100 horas<\/b> de uso con ANC desactivado y <b>60 horas<\/b> con ANC activado.<br \/>\nAdem\u00e1s, con solo <b>5 minutos de carga<\/b>, se obtienen hasta <b>4 horas de reproducci\u00f3n<\/b> (si el ANC est\u00e1 apagado).<span class=\"Apple-converted-space\">\u00a0<\/span><\/li>\n<li class=\"li2\"><b>Amplificaci\u00f3n de alta calidad<\/b><br \/>\nUtiliza un amplificador Clase <b>A\/B<\/b>, m\u00e1s t\u00edpico de equipos hi-fi de gama alta, lo que garantiza una mayor fidelidad y potencia sonora.<span class=\"Apple-converted-space\">\u00a0<\/span><\/li>\n<li class=\"li2\"><b>Conectividad Bluetooth avanzada<\/b><br \/>\nBluetooth 5.3 con soporte para <b>aptX Lossless<\/b>, aptX Adaptive, AAC y SBC, para una transmisi\u00f3n de m\u00fasica sin compromisos.<span class=\"Apple-converted-space\">\u00a0<\/span><\/li>\n<li class=\"li2\"><b>Cancelaci\u00f3n activa de ruido (ANC) h\u00edbrida + modo transparencia<\/b><br \/>\nLos auriculares ofrecen cancelaci\u00f3n adaptativa de ruido para filtrar el entorno, m\u00e1s un modo de transparencia para escuchar lo que sucede a tu alrededor.<span class=\"Apple-converted-space\">\u00a0<\/span><\/li>\n<li class=\"li2\"><b>Ecualizador din\u00e1mico (DynamEQ)<\/b><br \/>\nGracias a DynamEQ, el perfil tonal se ajusta autom\u00e1ticamente seg\u00fan el volumen, para que graves y agudos se mantengan equilibrados en cualquier situaci\u00f3n.<span class=\"Apple-converted-space\">\u00a0<\/span><\/li>\n<li class=\"li2\"><b>Bater\u00eda y almohadillas reemplazables<\/b><br \/>\nTanto la bater\u00eda como las almohadillas se pueden cambiar f\u00e1cilmente por el usuario, alargando la vida \u00fatil del producto.<span class=\"Apple-converted-space\">\u00a0<\/span><\/li>\n<li class=\"li2\"><b>Calidad de micr\u00f3fono y llamadas<\/b><br \/>\nIntegran <b>5 micr\u00f3fonos<\/b> y utilizan la tecnolog\u00eda Qualcomm cVc para cancelaci\u00f3n de eco y reducci\u00f3n de ruido, ideal para llamadas claras.<span class=\"Apple-converted-space\">\u00a0<\/span><\/li>\n<li class=\"li2\"><b>Aplicaci\u00f3n dedicada Melomania Connect<\/b><br \/>\nPermite ajustar un ecualizador de 7 bandas, activar modo juego (latencia baja &lt; 80 ms) y actualizar el firmware.<span class=\"Apple-converted-space\">\u00a0<\/span><\/li>\n<li class=\"li2\"><b>Sostenibilidad<\/b><br \/>\nSe han dise\u00f1ado pensando en el ciclo de vida: materiales reciclados y componentes duraderos como la bater\u00eda intercambiable.<span class=\"Apple-converted-space\">\u00a0<\/span><\/li>\n<\/ul>\n","protected":false},"featured_media":5559,"template":"","meta":[],"product_cat":[139],"product_tag":[203,225,80,52],"_links":{"self":[{"href":"https:\/\/baflesoviedo.com\/home\/wp-json\/wp\/v2\/product\/5558"}],"collection":[{"href":"https:\/\/baflesoviedo.com\/home\/wp-json\/wp\/v2\/product"}],"about":[{"href":"https:\/\/baflesoviedo.com\/home\/wp-json\/wp\/v2\/types\/product"}],"wp:featuredmedia":[{"embeddable":true,"href":"https:\/\/baflesoviedo.com\/home\/wp-json\/wp\/v2\/media\/5559"}],"wp:attachment":[{"href":"https:\/\/baflesoviedo.com\/home\/wp-json\/wp\/v2\/media?parent=5558"}],"wp:term":[{"taxonomy":"product_cat","embeddable":true,"href":"https:\/\/baflesoviedo.com\/home\/wp-json\/wp\/v2\/product_cat?post=5558"},{"taxonomy":"product_tag","embeddable":true,"href":"https:\/\/baflesoviedo.com\/home\/wp-json\/wp\/v2\/product_tag?post=5558"}],"curies":[{"name":"wp","href":"https:\/\/api.w.org\/{rel}","templated":true}]}}