{"id":5585,"date":"2025-11-23T21:34:39","date_gmt":"2025-11-23T21:34:39","guid":{"rendered":"https:\/\/baflesoviedo.com\/home\/?post_type=product&#038;p=5585"},"modified":"2025-12-17T00:28:30","modified_gmt":"2025-12-17T00:28:30","slug":"pro-ject-vinyl-nrs-box-s3-procesador-vinilo","status":"publish","type":"product","link":"https:\/\/baflesoviedo.com\/home\/product\/pro-ject-vinyl-nrs-box-s3-procesador-vinilo\/","title":{"rendered":"Pro-Ject, Vinyl NRS Box S3, Procesador Vinilo"},"content":{"rendered":"<p class=\"p1\"><b>Especificaciones T\u00e9cnicas:<\/b><\/p>\n<table class=\"t1\" cellspacing=\"0\" cellpadding=\"0\">\n<tbody>\n<tr>\n<td class=\"td1\" valign=\"middle\">\n<p class=\"p3\"><span class=\"s1\"><b>Internal sampling:<\/b><\/span><\/p>\n<\/td>\n<td class=\"td2\" valign=\"middle\">\n<p class=\"p3\"><span class=\"s1\">96 kHz\/24 bits<\/span><\/p>\n<\/td>\n<\/tr>\n<tr>\n<td class=\"td3\" valign=\"middle\">\n<p class=\"p3\"><span class=\"s1\"><b>Internal processing:<\/b><\/span><\/p>\n<\/td>\n<td class=\"td4\" valign=\"middle\">\n<p class=\"p3\"><span class=\"s1\">56-bit accumulator, double precision<\/span><\/p>\n<\/td>\n<\/tr>\n<tr>\n<td class=\"td1\" valign=\"middle\">\n<p class=\"p3\"><span class=\"s1\"><b>Frequency response 20Hz to 20 kHz:<\/b><\/span><\/p>\n<\/td>\n<td class=\"td2\" valign=\"middle\">\n<p class=\"p3\"><span class=\"s1\">-0,6 dB \/ +0,1dB<\/span><\/p>\n<\/td>\n<\/tr>\n<tr>\n<td class=\"td5\" valign=\"middle\">\n<p class=\"p3\"><span class=\"s1\"><b>Frequency response 30Hz to 20 kHz:<\/b><\/span><\/p>\n<\/td>\n<td class=\"td6\" valign=\"middle\">\n<p class=\"p3\"><span class=\"s1\">-0,2 dB \/ +0,1dB<\/span><\/p>\n<\/td>\n<\/tr>\n<tr>\n<td class=\"td7\" valign=\"middle\">\n<p class=\"p3\"><span class=\"s1\"><b>Clip indication:<\/b><\/span><\/p>\n<\/td>\n<td class=\"td8\" valign=\"middle\">\n<p class=\"p3\"><span class=\"s1\">-0,6 dB below real clipping<\/span><\/p>\n<\/td>\n<\/tr>\n<tr>\n<td class=\"td5\" valign=\"middle\">\n<p class=\"p3\"><span class=\"s1\"><b>Bypass mode:<\/b><\/span><\/p>\n<\/td>\n<td class=\"td6\" valign=\"middle\">\n<p class=\"p3\"><span class=\"s1\">galvanic linked together (Rlink&lt;0,3 ohm)<\/span><\/p>\n<\/td>\n<\/tr>\n<tr>\n<td class=\"td1\" valign=\"middle\">\n<p class=\"p3\"><span class=\"s1\"><b>THD:<\/b><\/span><\/p>\n<\/td>\n<td class=\"td2\" valign=\"middle\">\n<p class=\"p3\"><span class=\"s1\">&lt;0,009% (500 mVrms Input Level)<\/span><\/p>\n<\/td>\n<\/tr>\n<tr>\n<td class=\"td3\" valign=\"middle\">\n<p class=\"p3\"><span class=\"s1\"><b>VNRS noise\/rumble reduce:<\/b><\/span><\/p>\n<\/td>\n<td class=\"td4\" valign=\"middle\">\n<p class=\"p3\"><span class=\"s1\">up to 8dB (20Hz to 20 kHz)<\/span><\/p>\n<\/td>\n<\/tr>\n<tr>\n<td class=\"td1\" valign=\"middle\">\n<p class=\"p3\"><span class=\"s1\"><b>De-Click reduce (basic):<\/b><\/span><\/p>\n<\/td>\n<td class=\"td2\" valign=\"middle\">\n<p class=\"p3\"><span class=\"s1\">8 dB (3kHz to 20 kHz)<\/span><\/p>\n<\/td>\n<\/tr>\n<tr>\n<td class=\"td3\" valign=\"middle\">\n<p class=\"p3\"><span class=\"s1\"><b>De-Click reduce (intensity):<\/b><\/span><\/p>\n<\/td>\n<td class=\"td4\" valign=\"middle\">\n<p class=\"p3\"><span class=\"s1\">12 dB (2kHz to 20 kHz)<\/span><\/p>\n<\/td>\n<\/tr>\n<tr>\n<td class=\"td1\" valign=\"middle\">\n<p class=\"p3\"><span class=\"s1\"><b>Outboard power supply:<\/b><\/span><\/p>\n<\/td>\n<td class=\"td2\" valign=\"middle\">\n<p class=\"p3\"><span class=\"s1\">18V\/500mA DC, suitable for your country&#8217;s mains supply<\/span><\/p>\n<\/td>\n<\/tr>\n<tr>\n<td class=\"td5\" valign=\"middle\">\n<p class=\"p3\"><span class=\"s1\"><b>Power consumption in standby:<\/b><\/span><\/p>\n<\/td>\n<td class=\"td6\" valign=\"middle\">\n<p class=\"p3\"><span class=\"s1\">0W OFF\/Standby, 2.2W ON (without outboard power supply)<\/span><\/p>\n<\/td>\n<\/tr>\n<tr>\n<td class=\"td7\" valign=\"middle\">\n<p class=\"p3\"><span class=\"s1\"><b>Dimensions: WxHxD (D with sockets):<\/b><\/span><\/p>\n<\/td>\n<td class=\"td8\" valign=\"middle\">\n<p class=\"p3\"><span class=\"s1\">103 x 37 x 104 (119) mm<\/span><\/p>\n<\/td>\n<\/tr>\n<tr>\n<td class=\"td5\" valign=\"middle\">\n<p class=\"p3\"><span class=\"s1\"><b>Weight:<\/b><\/span><\/p>\n<\/td>\n<td class=\"td6\" valign=\"middle\">\n<p class=\"p3\"><span class=\"s1\">340 g without power supply<\/span><\/p>\n<\/td>\n<\/tr>\n<\/tbody>\n<\/table>\n<p>&nbsp;<\/p>\n<p><a href=\"https:\/\/www.project-audio.com\/en\/product\/vinyl-nrs-box-s3\/\" target=\"_blank\" rel=\"noopener noreferrer\"><span style=\"color: #0000ff;\">Click aqu\u00ed para m\u00e1s informaci\u00f3n del producto.<\/span><\/a><\/p>\n","protected":false},"excerpt":{"rendered":"<p class=\"p3\">El <b>Vinyl NRS Box S3<\/b> es un procesador de se\u00f1al pensado para quienes aman sus viejos vinilos pero quieren minimizar los defectos que han aparecido con el tiempo: chasquidos, ruido de fondo o vibraciones del motor. Se interpone entre tu preamplificador phono y tu amplificador, digitaliza la se\u00f1al, aplica correcci\u00f3n inteligente y entrega un audio m\u00e1s limpio sin sacrificar calidez anal\u00f3gica.<\/p>\n<ul class=\"ul1\">\n<li class=\"li3\"><b>Reducci\u00f3n de chasquidos (\u201cDe-Crackling\u201d)<\/b><br \/>\nUn algoritmo dedicado identifica picos de alta frecuencia (clicks) y los reduce hasta <b>8 dB<\/b>, con sensibilidad ajustable mediante un potenci\u00f3metro frontal.<span class=\"Apple-converted-space\">\u00a0<\/span><\/li>\n<li class=\"li3\"><b>Sistema de reducci\u00f3n de ruido (VNRS)<\/b><br \/>\nSeparando la se\u00f1al en dos bandas de frecuencia y usando expanders, consigue mejorar la relaci\u00f3n se\u00f1al-ruido y reducir hasta <b>8 dB<\/b> de ruido sin introducir artefactos molestos.<span class=\"Apple-converted-space\">\u00a0<\/span><\/li>\n<li class=\"li3\"><b>Audio digital de precisi\u00f3n<\/b><br \/>\nRealiza muestreo a <b>96 kHz \/ 24 bits<\/b> con procesamiento interno de alta resoluci\u00f3n para garantizar una correcci\u00f3n muy exacta.<span class=\"Apple-converted-space\">\u00a0<\/span><\/li>\n<li class=\"li3\"><b>Bypass galv\u00e1nico puro<\/b><br \/>\nSi no quieres usar sus funciones, puedes apagarlo y la se\u00f1al pasa directamente sin afectar el circuito, manteniendo integridad y baja distorsi\u00f3n.<span class=\"Apple-converted-space\">\u00a0<\/span><\/li>\n<li class=\"li3\"><b>Construcci\u00f3n robusta y sofisticada<\/b><br \/>\nCaja de aluminio de la serie S3, compacta y elegante, que no solo es funcional sino tambi\u00e9n est\u00e9tica y duradera.<span class=\"Apple-converted-space\">\u00a0<\/span><\/li>\n<li class=\"li3\"><b>Operaci\u00f3n en l\u00ednea<\/b><br \/>\nSe conecta a nivel de l\u00ednea, por lo que no requiere de una entrada fonogr\u00e1fica directa, lo que facilita su integraci\u00f3n.<span class=\"Apple-converted-space\">\u00a0<\/span><\/li>\n<li class=\"li3\"><b>Indicador de sobrecarga<\/b><br \/>\nSi la se\u00f1al de entrada es demasiado fuerte, una LED te lo indica para evitar distorsiones: puedes activar un switch de \u22126 dB para ajustar el nivel.<\/li>\n<\/ul>\n","protected":false},"featured_media":5586,"template":"","meta":[],"product_cat":[37,19],"product_tag":[40,56,62],"_links":{"self":[{"href":"https:\/\/baflesoviedo.com\/home\/wp-json\/wp\/v2\/product\/5585"}],"collection":[{"href":"https:\/\/baflesoviedo.com\/home\/wp-json\/wp\/v2\/product"}],"about":[{"href":"https:\/\/baflesoviedo.com\/home\/wp-json\/wp\/v2\/types\/product"}],"wp:featuredmedia":[{"embeddable":true,"href":"https:\/\/baflesoviedo.com\/home\/wp-json\/wp\/v2\/media\/5586"}],"wp:attachment":[{"href":"https:\/\/baflesoviedo.com\/home\/wp-json\/wp\/v2\/media?parent=5585"}],"wp:term":[{"taxonomy":"product_cat","embeddable":true,"href":"https:\/\/baflesoviedo.com\/home\/wp-json\/wp\/v2\/product_cat?post=5585"},{"taxonomy":"product_tag","embeddable":true,"href":"https:\/\/baflesoviedo.com\/home\/wp-json\/wp\/v2\/product_tag?post=5585"}],"curies":[{"name":"wp","href":"https:\/\/api.w.org\/{rel}","templated":true}]}}