{"id":5589,"date":"2025-11-24T00:04:17","date_gmt":"2025-11-24T00:04:17","guid":{"rendered":"https:\/\/baflesoviedo.com\/home\/?post_type=product&#038;p=5589"},"modified":"2025-12-26T18:01:39","modified_gmt":"2025-12-26T18:01:39","slug":"pro-ject-dark-side-prism-prensa-tocadiscos","status":"publish","type":"product","link":"https:\/\/baflesoviedo.com\/home\/product\/pro-ject-dark-side-prism-prensa-tocadiscos\/","title":{"rendered":"Pro-Ject, Dark Side Prism, Prensa Tocadiscos"},"content":{"rendered":"","protected":false},"excerpt":{"rendered":"<p class=\"p3\">Este prisma inspirado en el legendario album de Pink Floyd, The Dark Side Of the Moon, es una prensa para tocadiscos que a\u00f1ade peso y estabilidad a tu tornamesa. Se trata de una edici\u00f3n limitada, ideal para mejorar la reproducci\u00f3n de tus vinilos adem\u00e1s de elevar la est\u00e9tica de tu sistema de audio.<\/p>\n","protected":false},"featured_media":5590,"template":"","meta":[],"product_cat":[37],"product_tag":[207,56,62],"_links":{"self":[{"href":"https:\/\/baflesoviedo.com\/home\/wp-json\/wp\/v2\/product\/5589"}],"collection":[{"href":"https:\/\/baflesoviedo.com\/home\/wp-json\/wp\/v2\/product"}],"about":[{"href":"https:\/\/baflesoviedo.com\/home\/wp-json\/wp\/v2\/types\/product"}],"wp:featuredmedia":[{"embeddable":true,"href":"https:\/\/baflesoviedo.com\/home\/wp-json\/wp\/v2\/media\/5590"}],"wp:attachment":[{"href":"https:\/\/baflesoviedo.com\/home\/wp-json\/wp\/v2\/media?parent=5589"}],"wp:term":[{"taxonomy":"product_cat","embeddable":true,"href":"https:\/\/baflesoviedo.com\/home\/wp-json\/wp\/v2\/product_cat?post=5589"},{"taxonomy":"product_tag","embeddable":true,"href":"https:\/\/baflesoviedo.com\/home\/wp-json\/wp\/v2\/product_tag?post=5589"}],"curies":[{"name":"wp","href":"https:\/\/api.w.org\/{rel}","templated":true}]}}