{"id":5591,"date":"2025-11-29T20:25:57","date_gmt":"2025-11-29T20:25:57","guid":{"rendered":"https:\/\/baflesoviedo.com\/home\/?post_type=product&#038;p=5591"},"modified":"2025-12-27T19:53:20","modified_gmt":"2025-12-27T19:53:20","slug":"pro-ject-stereo-box-s3-bt-amplificador-integrado","status":"publish","type":"product","link":"https:\/\/baflesoviedo.com\/home\/product\/pro-ject-stereo-box-s3-bt-amplificador-integrado\/","title":{"rendered":"Pro-Ject, Stereo Box S3 BT, Amplificador Integrado"},"content":{"rendered":"<p class=\"p1\"><b>Especificaciones T\u00e9cnicas:<\/b><\/p>\n<table class=\"t1\" cellspacing=\"0\" cellpadding=\"0\">\n<tbody>\n<tr>\n<td class=\"td1\" valign=\"middle\">\n<p class=\"p3\"><span class=\"s1\"><b>Output power:<\/b><\/span><\/p>\n<\/td>\n<td class=\"td2\" valign=\"middle\">\n<p class=\"p3\"><span class=\"s1\">2 x 21W\/40W at 8\/4ohms (1%THD)<\/span><\/p>\n<\/td>\n<\/tr>\n<tr>\n<td class=\"td3\" valign=\"middle\">\n<p class=\"p3\"><span class=\"s1\"><b>Frequency response (20Hz-20kHz):<\/b><\/span><\/p>\n<\/td>\n<td class=\"td4\" valign=\"middle\">\n<p class=\"p3\"><span class=\"s1\">&lt;-1,5dB at 4ohms<\/span><\/p>\n<\/td>\n<\/tr>\n<tr>\n<td class=\"td1\" valign=\"middle\">\n<p class=\"p3\"><span class=\"s1\"><b>SNR:<\/b><\/span><\/p>\n<\/td>\n<td class=\"td2\" valign=\"middle\">\n<p class=\"p3\"><span class=\"s1\">96dB (100 dB &#8211; \u201aA\u2018 weighted) at 4ohm<\/span><\/p>\n<\/td>\n<\/tr>\n<tr>\n<td class=\"td5\" valign=\"middle\">\n<p class=\"p3\"><span class=\"s1\"><b>Channel separation:<\/b><\/span><\/p>\n<\/td>\n<td class=\"td6\" valign=\"middle\">\n<p class=\"p3\"><span class=\"s1\">-67dB @ 10kHz<\/span><\/p>\n<\/td>\n<\/tr>\n<tr>\n<td class=\"td7\" valign=\"middle\">\n<p class=\"p3\"><span class=\"s1\"><b>THD:<\/b><\/span><\/p>\n<\/td>\n<td class=\"td8\" valign=\"middle\">\n<p class=\"p3\"><span class=\"s1\">&lt; 0,12% at 5W \/ 4 ohms<\/span><\/p>\n<\/td>\n<\/tr>\n<tr>\n<td class=\"td5\" valign=\"middle\">\n<p class=\"p3\"><span class=\"s1\"><b>Gain:<\/b><\/span><\/p>\n<\/td>\n<td class=\"td6\" valign=\"middle\">\n<p class=\"p3\"><span class=\"s1\">32,5dB<\/span><\/p>\n<\/td>\n<\/tr>\n<tr>\n<td class=\"td1\" valign=\"middle\">\n<p class=\"p3\"><span class=\"s1\"><b>Line level inputs:<\/b><\/span><\/p>\n<\/td>\n<td class=\"td2\" valign=\"middle\">\n<p class=\"p3\"><span class=\"s1\">2 pair RCA<\/span><\/p>\n<\/td>\n<\/tr>\n<tr>\n<td class=\"td3\" valign=\"middle\">\n<p class=\"p3\"><span class=\"s1\"><b>Input impedance<\/b><\/span><\/p>\n<\/td>\n<td class=\"td4\" valign=\"middle\">\n<p class=\"p3\"><span class=\"s1\">25k ohms<\/span><\/p>\n<\/td>\n<\/tr>\n<tr>\n<td class=\"td1\" valign=\"middle\">\n<p class=\"p3\"><span class=\"s1\"><b>Variable line output:<\/b><\/span><\/p>\n<\/td>\n<td class=\"td2\" valign=\"middle\">\n<p class=\"p3\"><span class=\"s1\">3.5mm stereo jack<\/span><\/p>\n<\/td>\n<\/tr>\n<tr>\n<td class=\"td3\" valign=\"middle\">\n<p class=\"p3\"><span class=\"s1\"><b>Speakers output:<\/b><\/span><\/p>\n<\/td>\n<td class=\"td4\" valign=\"middle\">\n<p class=\"p3\"><span class=\"s1\">4mm banana plugs, spades connectors or naked wire<\/span><\/p>\n<\/td>\n<\/tr>\n<tr>\n<td class=\"td1\" valign=\"middle\">\n<p class=\"p3\"><span class=\"s1\"><b>BT version:<\/b><\/span><\/p>\n<\/td>\n<td class=\"td2\" valign=\"middle\">\n<p class=\"p3\"><span class=\"s1\">5.0<\/span><\/p>\n<\/td>\n<\/tr>\n<tr>\n<td class=\"td5\" valign=\"middle\">\n<p class=\"p3\"><span class=\"s1\"><b>BT codecs:<\/b><\/span><\/p>\n<\/td>\n<td class=\"td6\" valign=\"middle\">\n<p class=\"p3\"><span class=\"s1\">aptX, aptX HD, A2DP profile<\/span><\/p>\n<\/td>\n<\/tr>\n<tr>\n<td class=\"td7\" valign=\"middle\">\n<p class=\"p3\"><span class=\"s1\"><b>Power supply:<\/b><\/span><\/p>\n<\/td>\n<td class=\"td8\" valign=\"middle\">\n<p class=\"p3\"><span class=\"s1\">20V\/3A DC 100 &#8211; 240V, 50\/60Hz<\/span><\/p>\n<\/td>\n<\/tr>\n<tr>\n<td class=\"td5\" valign=\"middle\">\n<p class=\"p3\"><span class=\"s1\"><b>Power consumption in standby:<\/b><\/span><\/p>\n<\/td>\n<td class=\"td6\" valign=\"middle\">\n<p class=\"p3\"><span class=\"s1\">&lt;0.5W<\/span><\/p>\n<\/td>\n<\/tr>\n<tr>\n<td class=\"td1\" valign=\"middle\">\n<p class=\"p3\"><span class=\"s1\"><b>Replacement battery remote control<\/b><\/span><\/p>\n<\/td>\n<td class=\"td2\" valign=\"middle\">\n<p class=\"p3\"><span class=\"s1\">2x AAA 1,5V<\/span><\/p>\n<\/td>\n<\/tr>\n<tr>\n<td class=\"td3\" valign=\"middle\">\n<p class=\"p3\"><span class=\"s1\"><b>Dimensions W x H x D with sockets<\/b><\/span><\/p>\n<\/td>\n<td class=\"td4\" valign=\"middle\">\n<p class=\"p3\"><span class=\"s1\">103 x 37 x 115 (138) mm<\/span><\/p>\n<\/td>\n<\/tr>\n<tr>\n<td class=\"td1\" valign=\"middle\">\n<p class=\"p3\"><span class=\"s1\"><b>Weight<\/b><\/span><\/p>\n<\/td>\n<td class=\"td2\" valign=\"middle\">\n<p class=\"p4\">450g without power supply<\/p>\n<\/td>\n<\/tr>\n<\/tbody>\n<\/table>\n<p><a href=\"https:\/\/www.project-audio.com\/en\/product\/stereo-box-s3-bt\/\" target=\"_blank\" rel=\"noopener noreferrer\"><span style=\"color: #0000ff;\">Click aqu\u00ed para m\u00e1s informaci\u00f3n del producto.<\/span><\/a><\/p>\n","protected":false},"excerpt":{"rendered":"<p class=\"p3\">La <b>Stereo Box S3 BT<\/b> es un amplificador integrado pensado para quienes buscan un gran sonido pero con un tama\u00f1o peque\u00f1o. Gracias a su conexi\u00f3n Bluetooth 5.0 con soporte para <b>aptX HD<\/b>, pod\u00e9s reproducir m\u00fasica desde tu m\u00f3vil con calidad muy buena, sin necesidad de cables, pero tambi\u00e9n ofrece entradas anal\u00f3gicas para tus fuentes tradicionales. Su dise\u00f1o minimalista de aluminio le da una presencia elegante y discreta, ideal para espacios reducidos o setups compactos.<\/p>\n<ul class=\"ul1\">\n<li class=\"li3\"><b>Potencia suficiente en formato mini<\/b><br \/>\nEntrega <b>2 \u00d7 40 W a 4 \u03a9<\/b>, lo que es m\u00e1s que respetable para altavoces compactos o de estanter\u00eda.<span class=\"Apple-converted-space\">\u00a0<\/span><\/li>\n<li class=\"li3\"><b>Bluetooth avanzado<\/b><br \/>\nBluetooth 5.0 con <b>aptX HD<\/b>, lo que permite una transmisi\u00f3n inal\u00e1mbrica con buena fidelidad (24 bits, hasta 48 kHz).<span class=\"Apple-converted-space\">\u00a0<\/span><\/li>\n<li class=\"li3\"><b>Volumen anal\u00f3gico con motor<\/b><br \/>\nTiene un potenci\u00f3metro motorizado para controlar el volumen, lo que da precisi\u00f3n y tambi\u00e9n la sensaci\u00f3n de un amplificador de mayor tama\u00f1o.<span class=\"Apple-converted-space\">\u00a0<\/span><\/li>\n<li class=\"li3\"><b>Entradas y salidas vers\u00e1tiles<\/b>\n<ul class=\"ul2\">\n<li class=\"li3\"><b><\/b>2 pares de entradas RCA para fuentes anal\u00f3gicas.<span class=\"Apple-converted-space\">\u00a0<\/span><\/li>\n<li class=\"li3\"><b><\/b>Salida variable por jack 3,5 mm: perfecta para agregar un subwoofer, otro amplificador o altavoces activos.<span class=\"Apple-converted-space\">\u00a0<\/span><\/li>\n<\/ul>\n<\/li>\n<li class=\"li3\"><b>Construcci\u00f3n premium<\/b><br \/>\nCarcasa de aluminio r\u00edgido que protege frente a vibraciones e interferencias, manteniendo un dise\u00f1o sobrio y duradero.<span class=\"Apple-converted-space\">\u00a0<\/span><\/li>\n<li class=\"li3\"><b>Control remoto incluido<\/b><br \/>\nViene con control IR para cambiar entradas y ajustar volumen sin levantarte.<span class=\"Apple-converted-space\">\u00a0<\/span><\/li>\n<li class=\"li3\"><b>Fabricaci\u00f3n europea<\/b><br \/>\nDise\u00f1ado y manufacturado en Europa, con atenci\u00f3n al detalle y uso sostenible de materiales.<span class=\"Apple-converted-space\">\u00a0<\/span><\/li>\n<li class=\"li3\"><b>Disponible en dos colores<\/b><br \/>\nPuedes elegirlo en <b>negro<\/b> o <b>plateado<\/b>, seg\u00fan tu estilo.<\/li>\n<\/ul>\n","protected":false},"featured_media":5592,"template":"","meta":[],"product_cat":[19,23],"product_tag":[214,80,40,56],"_links":{"self":[{"href":"https:\/\/baflesoviedo.com\/home\/wp-json\/wp\/v2\/product\/5591"}],"collection":[{"href":"https:\/\/baflesoviedo.com\/home\/wp-json\/wp\/v2\/product"}],"about":[{"href":"https:\/\/baflesoviedo.com\/home\/wp-json\/wp\/v2\/types\/product"}],"wp:featuredmedia":[{"embeddable":true,"href":"https:\/\/baflesoviedo.com\/home\/wp-json\/wp\/v2\/media\/5592"}],"wp:attachment":[{"href":"https:\/\/baflesoviedo.com\/home\/wp-json\/wp\/v2\/media?parent=5591"}],"wp:term":[{"taxonomy":"product_cat","embeddable":true,"href":"https:\/\/baflesoviedo.com\/home\/wp-json\/wp\/v2\/product_cat?post=5591"},{"taxonomy":"product_tag","embeddable":true,"href":"https:\/\/baflesoviedo.com\/home\/wp-json\/wp\/v2\/product_tag?post=5591"}],"curies":[{"name":"wp","href":"https:\/\/api.w.org\/{rel}","templated":true}]}}