{"id":5618,"date":"2025-12-03T00:34:47","date_gmt":"2025-12-03T00:34:47","guid":{"rendered":"https:\/\/baflesoviedo.com\/home\/?post_type=product&#038;p=5618"},"modified":"2025-12-03T00:34:47","modified_gmt":"2025-12-03T00:34:47","slug":"pro-ject-record-puck-e-prensa-tocadiscos","status":"publish","type":"product","link":"https:\/\/baflesoviedo.com\/home\/product\/pro-ject-record-puck-e-prensa-tocadiscos\/","title":{"rendered":"Pro-Ject, Record Puck E, Prensa Tocadiscos"},"content":{"rendered":"<p class=\"p1\"><b>Especificaciones T\u00e9cnicas:<\/b><\/p>\n<table class=\"t1\" cellspacing=\"0\" cellpadding=\"0\">\n<tbody>\n<tr>\n<td class=\"td1\" valign=\"middle\">\n<p class=\"p3\"><span class=\"s1\"><b>Material:<\/b><\/span><\/p>\n<\/td>\n<td class=\"td2\" valign=\"middle\">\n<p class=\"p3\"><span class=\"s1\">Aluminium (black painted or polished)<\/span><\/p>\n<\/td>\n<\/tr>\n<tr>\n<td class=\"td3\" valign=\"middle\">\n<p class=\"p3\"><span class=\"s1\"><b>Weight:<\/b><\/span><\/p>\n<\/td>\n<td class=\"td4\" valign=\"middle\">\n<p class=\"p3\"><span class=\"s1\">190g<\/span><\/p>\n<\/td>\n<\/tr>\n<tr>\n<td class=\"td1\" valign=\"middle\">\n<p class=\"p3\"><span class=\"s1\"><b>Diameter:<\/b><\/span><\/p>\n<\/td>\n<td class=\"td2\" valign=\"middle\">\n<p class=\"p3\"><span class=\"s1\">78mm<\/span><\/p>\n<\/td>\n<\/tr>\n<tr>\n<td class=\"td5\" valign=\"middle\">\n<p class=\"p3\"><span class=\"s1\"><b>Height:<\/b><\/span><\/p>\n<\/td>\n<td class=\"td6\" valign=\"middle\">\n<p class=\"p4\">16mm<\/p>\n<\/td>\n<\/tr>\n<\/tbody>\n<\/table>\n<p><a href=\"https:\/\/www.project-audio.com\/en\/product\/record-puck-e\/\" target=\"_blank\" rel=\"noopener noreferrer\"><span style=\"color: #0000ff;\">Click aqu\u00ed para m\u00e1s informaci\u00f3n del producto.<\/span><\/a><\/p>\n","protected":false},"excerpt":{"rendered":"<p class=\"p1\"><span class=\"s1\"><b>Acabados disponibles:<br \/>\n<\/b><\/span>\u2014<i>Black:<\/i> $36 ($40.68 con IVA)<br \/>\n\u2014<i>Silver:<\/i> $46 ($51.98 con IVA)<\/p>\n<p class=\"p3\">El <b>Record Puck E<\/b> es un clamp compacto y eficiente dise\u00f1ado para mejorar la estabilidad del vinilo durante la reproducci\u00f3n. Aumenta el contacto entre el disco y el plato, ayudando a reducir vibraciones no deseadas, ondulaciones ligeras del vinilo y resonancias que pueden afectar la claridad del sonido. Es una manera sencilla y econ\u00f3mica de elevar la calidad de tu tornamesa.<\/p>\n<ul class=\"ul1\">\n<li class=\"li3\"><b>Mejora la estabilidad del disco<\/b><br \/>\nSu peso a\u00f1ade firmeza al vinilo, permitiendo que el disco se apoye de forma m\u00e1s uniforme sobre el plato.<\/li>\n<li class=\"li3\"><b>Reduce vibraciones y resonancias<\/b><br \/>\nAyuda a obtener un sonido m\u00e1s definido, especialmente en los graves y los pasajes m\u00e1s delicados.<\/li>\n<li class=\"li3\"><b>Construcci\u00f3n s\u00f3lida y duradera<\/b><br \/>\nFabricado en aluminio maquinado con acabado preciso, ofreciendo robustez sin sobrecargar el eje del plato.<\/li>\n<li class=\"li3\"><b>Uso universal<\/b><br \/>\nCompatible con pr\u00e1cticamente cualquier tornamesa del mercado.<\/li>\n<li class=\"li3\"><b>Protege el eje del motor<\/b><br \/>\nGracias a su dise\u00f1o liviano (190 g), evita el desgaste que pueden producir otros clamps de peso excesivo.<\/li>\n<\/ul>\n","protected":false},"featured_media":5621,"template":"","meta":[],"product_cat":[37],"product_tag":[207,56,62],"_links":{"self":[{"href":"https:\/\/baflesoviedo.com\/home\/wp-json\/wp\/v2\/product\/5618"}],"collection":[{"href":"https:\/\/baflesoviedo.com\/home\/wp-json\/wp\/v2\/product"}],"about":[{"href":"https:\/\/baflesoviedo.com\/home\/wp-json\/wp\/v2\/types\/product"}],"wp:featuredmedia":[{"embeddable":true,"href":"https:\/\/baflesoviedo.com\/home\/wp-json\/wp\/v2\/media\/5621"}],"wp:attachment":[{"href":"https:\/\/baflesoviedo.com\/home\/wp-json\/wp\/v2\/media?parent=5618"}],"wp:term":[{"taxonomy":"product_cat","embeddable":true,"href":"https:\/\/baflesoviedo.com\/home\/wp-json\/wp\/v2\/product_cat?post=5618"},{"taxonomy":"product_tag","embeddable":true,"href":"https:\/\/baflesoviedo.com\/home\/wp-json\/wp\/v2\/product_tag?post=5618"}],"curies":[{"name":"wp","href":"https:\/\/api.w.org\/{rel}","templated":true}]}}