{"id":562,"date":"2020-04-23T15:56:18","date_gmt":"2020-04-23T15:56:18","guid":{"rendered":"https:\/\/baflesoviedo.com\/home\/?post_type=product&#038;p=562"},"modified":"2023-10-21T03:51:34","modified_gmt":"2023-10-21T03:51:34","slug":"sonos-move-altavoz-inalambrico-wifi","status":"publish","type":"product","link":"https:\/\/baflesoviedo.com\/home\/product\/sonos-move-altavoz-inalambrico-wifi\/","title":{"rendered":"Sonos, Move, Altavoz Inal\u00e1mbrico WiFi"},"content":{"rendered":"<p>&nbsp;<\/p>\n<p><strong>Especificaciones<\/strong><\/p>\n<table width=\"1032\">\n<tbody>\n<tr>\n<td width=\"289\">Audio<\/td>\n<td width=\"743\">Dos amplificadores digitales de clase D perfectamente calibrados en funci\u00f3n de las bocinas y la arquitectura ac\u00fastica.<\/td>\n<\/tr>\n<tr>\n<td width=\"289\"><\/td>\n<td width=\"743\">Un timbre de respuesta te indica que Sonos Move te ha escuchado y est\u00e1 preparando una respuesta.<\/td>\n<\/tr>\n<tr>\n<td width=\"289\"><\/td>\n<td width=\"743\">Una matriz de micr\u00f3fonos de largo alcance utiliza captura de voz inteligente y cancelaci\u00f3n de ruido.<\/td>\n<\/tr>\n<tr>\n<td width=\"289\"><\/td>\n<td width=\"743\">Un tweeter orientado hacia abajo crea una respuesta n\u00edtida y clara en frecuencias altas que se dispersa de manera uniforme para generar un entorno ac\u00fastico incre\u00edblmente amplio.<\/td>\n<\/tr>\n<tr>\n<td width=\"289\"><\/td>\n<td width=\"743\">Un woofer de rango medio integrado en el gabinete asegura la fiel reproducci\u00f3n de las frecuencias vocales de gama media junto con graves intensos y profundos.<\/td>\n<\/tr>\n<tr>\n<td width=\"289\">Dimensiones<\/td>\n<td width=\"743\"><\/td>\n<\/tr>\n<tr>\n<td width=\"289\">Clasificaci\u00f3n IP<\/td>\n<td width=\"743\">Clasificaci\u00f3n IP56 para protecci\u00f3n contra part\u00edculas de polvo y salpicaduras de l\u00edquidos.<\/td>\n<\/tr>\n<tr>\n<td width=\"289\">Dimensiones (alto x ancho x profundidad)<\/td>\n<td width=\"743\">240 x 160 x 126 mm (9.44 x 6.29 x 4.96 in)<\/td>\n<\/tr>\n<tr>\n<td width=\"289\">Acabado del producto<\/td>\n<td width=\"743\">Negro con rejilla negra<\/td>\n<\/tr>\n<tr>\n<td width=\"289\">Funciones del panel superior<\/td>\n<td width=\"743\">Controles t\u00e1ctiles para subir\/bajar el volumen, pasar a la canci\u00f3n anterior\/siguiente, reproducir\/pausar, y silenciar el micr\u00f3fono. Indicador LED del estado del dispositivo, el silencio de audio y la respuesta de voz.<\/td>\n<\/tr>\n<tr>\n<td width=\"289\">M\u00e1xima privacidad<\/td>\n<td width=\"743\">Con solo mirar el indicador luminoso LED puedes saber si el micr\u00f3fono de la bocina est\u00e1 activado.<\/td>\n<\/tr>\n<tr>\n<td width=\"289\">Peso<\/td>\n<td width=\"743\">3 kg (6.61 lb) incluida la bater\u00eda<\/td>\n<\/tr>\n<tr>\n<td width=\"289\">Energ\u00eda y redes<\/td>\n<td width=\"743\"><\/td>\n<\/tr>\n<tr>\n<td width=\"289\">Fuente de alimentaci\u00f3n<\/td>\n<td width=\"743\">Los adaptadores USB-C deben ser compatibles con uno o m\u00e1s de los siguientes niveles de salida: 12 V\/3 A, 15 V\/3 A o 20 V\/2.25 A.<\/td>\n<\/tr>\n<tr>\n<td width=\"289\">Fuente de alimentaci\u00f3n para la base de carga<\/td>\n<td width=\"743\">Entrada: 100-240 V, 50-60 Hz, 1.2 A; salida: 18 VCC, 2.5 A.<\/td>\n<\/tr>\n<tr>\n<td width=\"289\">WiFi<\/td>\n<td width=\"743\">Compatible con 802.11 b\/g\/n, 2.4 GHz y 5GHz.<\/td>\n<\/tr>\n<tr>\n<td width=\"289\">Bluetooth<\/td>\n<td width=\"743\">Usa tu tel\u00e9fono u otro dispositivo con capacidad Bluetooth para reproducir m\u00fasica y m\u00e1s cuando no est\u00e9s en casa.<\/td>\n<\/tr>\n<tr>\n<td width=\"289\">Apple AirPlay 2<\/td>\n<td width=\"743\">Funciona con AirPlay 2 en dispositivos Apple iOS 11.4 o superior.<\/td>\n<\/tr>\n<tr>\n<td width=\"289\">Bater\u00eda<\/td>\n<td width=\"743\">36 WH<\/td>\n<\/tr>\n<tr>\n<td width=\"289\">10 horas por carga<\/td>\n<td width=\"743\">Reproducci\u00f3n desde -10 \u00b0C hasta 55 \u00b0C. Carga desde 0 \u00b0C hasta 45 \u00b0C.<\/td>\n<\/tr>\n<\/tbody>\n<\/table>\n<p><a href=\"https:\/\/www.sonos.com\/es-mx\/shop\/move.html\" target=\"_blank\" rel=\"noopener noreferrer\"><span style=\"color: #0000ff;\">Click aqu\u00ed para m\u00e1s informaci\u00f3n del producto<\/span><\/a><\/p>\n","protected":false},"excerpt":{"rendered":"<p>Obt\u00e9n sonido brillante en cualquier lugar con Move, la bocina impermeable y resistente a las ca\u00eddas. Contr\u00f3lala con tu voz, la app Sonos y Apple AirPlay 2 en casa, y reproduce mediante Bluetooth cuando no haya WiFi disponible.<\/p>\n","protected":false},"featured_media":568,"template":"","meta":[],"product_cat":[22],"product_tag":[31,74,78,73],"_links":{"self":[{"href":"https:\/\/baflesoviedo.com\/home\/wp-json\/wp\/v2\/product\/562"}],"collection":[{"href":"https:\/\/baflesoviedo.com\/home\/wp-json\/wp\/v2\/product"}],"about":[{"href":"https:\/\/baflesoviedo.com\/home\/wp-json\/wp\/v2\/types\/product"}],"wp:featuredmedia":[{"embeddable":true,"href":"https:\/\/baflesoviedo.com\/home\/wp-json\/wp\/v2\/media\/568"}],"wp:attachment":[{"href":"https:\/\/baflesoviedo.com\/home\/wp-json\/wp\/v2\/media?parent=562"}],"wp:term":[{"taxonomy":"product_cat","embeddable":true,"href":"https:\/\/baflesoviedo.com\/home\/wp-json\/wp\/v2\/product_cat?post=562"},{"taxonomy":"product_tag","embeddable":true,"href":"https:\/\/baflesoviedo.com\/home\/wp-json\/wp\/v2\/product_tag?post=562"}],"curies":[{"name":"wp","href":"https:\/\/api.w.org\/{rel}","templated":true}]}}