{"id":5648,"date":"2025-12-03T01:23:50","date_gmt":"2025-12-03T01:23:50","guid":{"rendered":"https:\/\/baflesoviedo.com\/home\/?post_type=product&#038;p=5648"},"modified":"2025-12-03T01:23:50","modified_gmt":"2025-12-03T01:23:50","slug":"pro-ject-record-puck-rs-prensa-tocadiscos","status":"publish","type":"product","link":"https:\/\/baflesoviedo.com\/home\/product\/pro-ject-record-puck-rs-prensa-tocadiscos\/","title":{"rendered":"Pro-Ject, Record Puck RS, Prensa Tocadiscos"},"content":{"rendered":"<p class=\"p1\"><b>Especificaciones T\u00e9cnicas:<\/b><\/p>\n<table class=\"t1\" cellspacing=\"0\" cellpadding=\"0\">\n<tbody>\n<tr>\n<td class=\"td1\" valign=\"middle\">\n<p class=\"p3\"><span class=\"s1\"><b>Material:<\/b><\/span><\/p>\n<\/td>\n<td class=\"td2\" valign=\"middle\">\n<p class=\"p3\"><span class=\"s1\">Brass (black painted or chrome)<\/span><\/p>\n<\/td>\n<\/tr>\n<tr>\n<td class=\"td3\" valign=\"middle\">\n<p class=\"p3\"><span class=\"s1\"><b>Weight:<\/b><\/span><\/p>\n<\/td>\n<td class=\"td4\" valign=\"middle\">\n<p class=\"p3\"><span class=\"s1\">1030g<\/span><\/p>\n<\/td>\n<\/tr>\n<tr>\n<td class=\"td1\" valign=\"middle\">\n<p class=\"p3\"><span class=\"s1\"><b>Diameter:<\/b><\/span><\/p>\n<\/td>\n<td class=\"td2\" valign=\"middle\">\n<p class=\"p3\"><span class=\"s1\">78mm<\/span><\/p>\n<\/td>\n<\/tr>\n<tr>\n<td class=\"td5\" valign=\"middle\">\n<p class=\"p3\"><span class=\"s1\"><b>Height:<\/b><\/span><\/p>\n<\/td>\n<td class=\"td6\" valign=\"middle\">\n<p class=\"p4\">27mm<\/p>\n<\/td>\n<\/tr>\n<\/tbody>\n<\/table>\n<p><a href=\"https:\/\/www.project-audio.com\/en\/product\/record-puck-rs\/#specs\" target=\"_blank\" rel=\"noopener noreferrer\"><span style=\"color: #0000ff;\">Click aqu\u00ed para m\u00e1s informaci\u00f3n del producto.<\/span><\/a><\/p>\n","protected":false},"excerpt":{"rendered":"<p class=\"p1\"><span class=\"s1\"><b>Acabados disponibles:<br \/>\n<\/b><\/span>\u2014<i>Brass Black:<\/i> $162 ($183.06 con IVA)<br \/>\n\u2014<i>Brass Chrome:<\/i> $174 ($196.62 con IVA)<\/p>\n<p class=\"p3\">El Record Puck RS es un clamp de alto desempe\u00f1o creado para asegurar que tus discos de vinilo queden firmemente asentados sobre el plato. Su considerable masa mejora la estabilidad, reduce vibraciones, ayuda a mejorar la precisi\u00f3n de lectura de la aguja y puede optimizar la profundidad y realismo de la reproducci\u00f3n, especialmente en sistemas de gama media\/alta o con platos robustos.<span class=\"Apple-converted-space\">\u00a0<\/span><\/p>\n<ul class=\"ul1\">\n<li class=\"li3\"><b>Ajuste firme y seguro del vinilo<\/b><br \/>\nCon su peso sustancial, el disco queda bien \u201cpresionado\u201d contra el plato, lo que ayuda a evitar movimientos, deslizamientos o micro-vibraciones durante la reproducci\u00f3n.<span class=\"Apple-converted-space\">\u00a0<\/span><\/li>\n<li class=\"li3\"><b>Reducci\u00f3n de vibraciones no deseadas<\/b><br \/>\nAl a\u00f1adir masa al conjunto plato-disco-clamp, disminuyen resonancias e interferencias mec\u00e1nicas, favoreciendo un sonido m\u00e1s limpio y estable.<span class=\"Apple-converted-space\">\u00a0<\/span><\/li>\n<li class=\"li3\"><b>Mejora en discos deformados o ligeramente curvados<\/b><br \/>\nSi un vinilo est\u00e1 warp-eado (ligeramente torcido), el peso del RS ayuda a \u201casentar\u201d mejor el disco sobre el plato, lo que puede mejorar el tracking y reducir saltos o irregularidades.<span class=\"Apple-converted-space\">\u00a0<\/span><\/li>\n<li class=\"li3\"><b>Protecci\u00f3n del centro del vinilo<\/b><br \/>\nLa base inferior del clamp tiene un fieltro para proteger la etiqueta central del disco, evitando da\u00f1os al colocar el clamp.<span class=\"Apple-converted-space\">\u00a0<\/span><\/li>\n<li class=\"li3\"><b>Construcci\u00f3n premium \u201cMade in Europe\u201d<\/b><br \/>\nMaterial de lat\u00f3n de alta densidad, con dos acabados disponibles (pintado negro o lat\u00f3n cromado\/pulido), que combina robustez, durabilidad y est\u00e9tica elegante.<span class=\"Apple-converted-space\">\u00a0<\/span><\/li>\n<li class=\"li3\"><b>Mejora general del rendimiento de la tornamesa<\/b><br \/>\nLa adici\u00f3n de masa y la mejor fijaci\u00f3n ayudan a optimizar \u201ctiming\u201d, definici\u00f3n, control del surco, escenario sonoro y profundidad \u2014 especialmente en platos de gama media-alta donde estos detalles pueden notarse m\u00e1s.<\/li>\n<\/ul>\n","protected":false},"featured_media":5651,"template":"","meta":[],"product_cat":[37],"product_tag":[207,56,62],"_links":{"self":[{"href":"https:\/\/baflesoviedo.com\/home\/wp-json\/wp\/v2\/product\/5648"}],"collection":[{"href":"https:\/\/baflesoviedo.com\/home\/wp-json\/wp\/v2\/product"}],"about":[{"href":"https:\/\/baflesoviedo.com\/home\/wp-json\/wp\/v2\/types\/product"}],"wp:featuredmedia":[{"embeddable":true,"href":"https:\/\/baflesoviedo.com\/home\/wp-json\/wp\/v2\/media\/5651"}],"wp:attachment":[{"href":"https:\/\/baflesoviedo.com\/home\/wp-json\/wp\/v2\/media?parent=5648"}],"wp:term":[{"taxonomy":"product_cat","embeddable":true,"href":"https:\/\/baflesoviedo.com\/home\/wp-json\/wp\/v2\/product_cat?post=5648"},{"taxonomy":"product_tag","embeddable":true,"href":"https:\/\/baflesoviedo.com\/home\/wp-json\/wp\/v2\/product_tag?post=5648"}],"curies":[{"name":"wp","href":"https:\/\/api.w.org\/{rel}","templated":true}]}}