{"id":5657,"date":"2025-12-03T01:30:33","date_gmt":"2025-12-03T01:30:33","guid":{"rendered":"https:\/\/baflesoviedo.com\/home\/?post_type=product&#038;p=5657"},"modified":"2025-12-03T01:30:33","modified_gmt":"2025-12-03T01:30:33","slug":"pro-ject-record-puck-s-prensa-tocadiscos","status":"publish","type":"product","link":"https:\/\/baflesoviedo.com\/home\/product\/pro-ject-record-puck-s-prensa-tocadiscos\/","title":{"rendered":"Pro-Ject, Record Puck S, Prensa Tocadiscos"},"content":{"rendered":"<p class=\"p1\"><b>Especificaciones T\u00e9cnicas:<\/b><\/p>\n<table class=\"t1\" cellspacing=\"0\" cellpadding=\"0\">\n<tbody>\n<tr>\n<td class=\"td1\" valign=\"middle\">\n<p class=\"p3\"><span class=\"s1\"><b>Material:<\/b><\/span><\/p>\n<\/td>\n<td class=\"td2\" valign=\"middle\">\n<p class=\"p3\"><span class=\"s1\">Aluminium (black painted or polished)<\/span><\/p>\n<\/td>\n<\/tr>\n<tr>\n<td class=\"td3\" valign=\"middle\">\n<p class=\"p3\"><span class=\"s1\"><b>Weight:<\/b><\/span><\/p>\n<\/td>\n<td class=\"td4\" valign=\"middle\">\n<p class=\"p3\"><span class=\"s1\">315g<\/span><\/p>\n<\/td>\n<\/tr>\n<tr>\n<td class=\"td1\" valign=\"middle\">\n<p class=\"p3\"><span class=\"s1\"><b>Diameter:<\/b><\/span><\/p>\n<\/td>\n<td class=\"td2\" valign=\"middle\">\n<p class=\"p3\"><span class=\"s1\">78mm<\/span><\/p>\n<\/td>\n<\/tr>\n<tr>\n<td class=\"td5\" valign=\"middle\">\n<p class=\"p3\"><span class=\"s1\"><b>Height:<\/b><\/span><\/p>\n<\/td>\n<td class=\"td6\" valign=\"middle\">\n<p class=\"p4\">27mm<\/p>\n<\/td>\n<\/tr>\n<\/tbody>\n<\/table>\n<p><a href=\"https:\/\/www.project-audio.com\/en\/product\/record-puck-s\/\" target=\"_blank\" rel=\"noopener noreferrer\"><span style=\"color: #0000ff;\">Click aqu\u00ed para m\u00e1s informaci\u00f3n del producto.<\/span><\/a><\/p>\n","protected":false},"excerpt":{"rendered":"<p class=\"p1\"><span class=\"s1\"><b>Acabados disponibles:<br \/>\n<\/b><\/span>\u2014<i>Aluminium Black:<\/i> $79 ($89.27 con IVA)<br \/>\n\u2014<i>Aluminium Polished:<\/i> $89 ($100.57 con IVA)<\/p>\n<p class=\"p3\">El <b>Record Puck S<\/b> es una prensa dise\u00f1ada para asegurar que tu disco de vinilo quede firmemente asentado sobre el plato. Al aplicar una presi\u00f3n uniforme y moderada, ayuda a reducir vibraciones, mejorar el contacto del disco con el plato y optimizar la fidelidad del sonido \u2014 especialmente \u00fatil en tornamesas ligeras o de tama\u00f1o compacto.<span class=\"Apple-converted-space\">\u00a0<\/span><\/p>\n<ul class=\"ul1\">\n<li class=\"li3\"><b>Ajuste seguro sin sobrecargar el plato<\/b><br \/>\nCon un peso contenido (315 g), garantiza buen contacto entre vinilo y plato sin forzar el rodamiento, ideal para giradiscos peque\u00f1os o de entrada.<span class=\"Apple-converted-space\">\u00a0<\/span><\/li>\n<li class=\"li3\"><b>Reducci\u00f3n de vibraciones y resonancias indeseadas<\/b><br \/>\nAyuda a minimizar micro-movimientos, lo que se traduce en un sonido m\u00e1s estable, limpio y con mejor claridad, especialmente en pasajes delicados.<span class=\"Apple-converted-space\">\u00a0<\/span><\/li>\n<li class=\"li3\"><b>Mejor lectura en vinilos deformados o torcidos<\/b><br \/>\nSi tienes discos con leves deformaciones o curvaturas, el clamp ayuda a \u201casentar\u201d el vinilo sobre el plato, contribuyendo a un tracking m\u00e1s estable y evitando saltos o distorsiones.<span class=\"Apple-converted-space\">\u00a0<\/span><\/li>\n<li class=\"li3\"><b>Protecci\u00f3n del centro del disco<\/b><br \/>\nLa base inferior del puck cuenta con un tapete de fieltro para evitar da\u00f1ar la etiqueta central del vinilo.<span class=\"Apple-converted-space\">\u00a0<\/span><\/li>\n<li class=\"li3\"><b>Materiales de calidad y dise\u00f1o est\u00e9tico<\/b><br \/>\nFabricado en aluminio \u2014 disponible en acabado negro pintado o aluminio pulido \u2014 combina durabilidad con una est\u00e9tica sobria que complementa bien giradiscos modernos y cl\u00e1sicos.<span class=\"Apple-converted-space\">\u00a0<\/span><\/li>\n<li class=\"li3\"><b>Compatibilidad amplia y flexible<\/b><br \/>\nDebido a su peso moderado, es compatible con muchos platos, incluso los de gama de entrada o de perfil liviano, sin riesgo de sobrecargar el eje.<span class=\"Apple-converted-space\">\u00a0<\/span><\/li>\n<\/ul>\n","protected":false},"featured_media":5660,"template":"","meta":[],"product_cat":[37],"product_tag":[207,56,62],"_links":{"self":[{"href":"https:\/\/baflesoviedo.com\/home\/wp-json\/wp\/v2\/product\/5657"}],"collection":[{"href":"https:\/\/baflesoviedo.com\/home\/wp-json\/wp\/v2\/product"}],"about":[{"href":"https:\/\/baflesoviedo.com\/home\/wp-json\/wp\/v2\/types\/product"}],"wp:featuredmedia":[{"embeddable":true,"href":"https:\/\/baflesoviedo.com\/home\/wp-json\/wp\/v2\/media\/5660"}],"wp:attachment":[{"href":"https:\/\/baflesoviedo.com\/home\/wp-json\/wp\/v2\/media?parent=5657"}],"wp:term":[{"taxonomy":"product_cat","embeddable":true,"href":"https:\/\/baflesoviedo.com\/home\/wp-json\/wp\/v2\/product_cat?post=5657"},{"taxonomy":"product_tag","embeddable":true,"href":"https:\/\/baflesoviedo.com\/home\/wp-json\/wp\/v2\/product_tag?post=5657"}],"curies":[{"name":"wp","href":"https:\/\/api.w.org\/{rel}","templated":true}]}}