{"id":5670,"date":"2025-12-03T01:38:28","date_gmt":"2025-12-03T01:38:28","guid":{"rendered":"https:\/\/baflesoviedo.com\/home\/?post_type=product&#038;p=5670"},"modified":"2025-12-03T01:38:29","modified_gmt":"2025-12-03T01:38:29","slug":"pro-ject-cover-it-ds-tapa-tornamesa","status":"publish","type":"product","link":"https:\/\/baflesoviedo.com\/home\/product\/pro-ject-cover-it-ds-tapa-tornamesa\/","title":{"rendered":"Pro-Ject, Cover it DS, Tapa Tornamesa"},"content":{"rendered":"<p class=\"p1\"><b>Especificaciones T\u00e9cnicas:<\/b><\/p>\n<table class=\"t1\" cellspacing=\"0\" cellpadding=\"0\">\n<tbody>\n<tr>\n<td class=\"td1\" valign=\"middle\">\n<p class=\"p3\"><span class=\"s1\"><b>Material:<\/b><\/span><\/p>\n<\/td>\n<td class=\"td2\" valign=\"middle\">\n<p class=\"p3\"><span class=\"s1\">Acrylic<\/span><\/p>\n<\/td>\n<\/tr>\n<tr>\n<td class=\"td3\" valign=\"middle\">\n<p class=\"p3\"><span class=\"s1\"><b>Dimensions:<\/b><\/span><\/p>\n<\/td>\n<td class=\"td4\" valign=\"middle\">\n<p class=\"p3\"><span class=\"s1\">525 x 290 x 425 mm (Outside)<\/span><\/p>\n<\/td>\n<\/tr>\n<tr>\n<td class=\"td1\" valign=\"middle\"><\/td>\n<td class=\"td2\" valign=\"middle\">\n<p class=\"p3\"><span class=\"s1\">515 x 285 x 415 mm (Inside)<\/span><\/p>\n<\/td>\n<\/tr>\n<tr>\n<td class=\"td5\" valign=\"middle\">\n<p class=\"p3\"><span class=\"s1\"><b>Weight:<\/b><\/span><\/p>\n<\/td>\n<td class=\"td6\" valign=\"middle\">\n<p class=\"p5\">4,3 kg<\/p>\n<\/td>\n<\/tr>\n<\/tbody>\n<\/table>\n<p><a href=\"https:\/\/www.project-audio.com\/en\/product\/cover-it-ds\/\" target=\"_blank\" rel=\"noopener noreferrer\"><span style=\"color: #0000ff;\">Click aqu\u00ed para m\u00e1s informaci\u00f3n del producto.<\/span><\/a><\/p>\n","protected":false},"excerpt":{"rendered":"<p class=\"p1\">El <b>Cover It DS<\/b> es una tapa de protecci\u00f3n fabricada en acr\u00edlico transparente, pensada para resguardar tu tornamesa (plato, brazo y tornamesa) del polvo, humedad ambiental y posibles impactos accidentales cuando no est\u00e1 en uso. Est\u00e1 dise\u00f1ada para modelos grandes o de gama alta, o bien para cualquier tornamesa que entre en sus dimensiones.<span class=\"Apple-converted-space\">\u00a0<\/span><\/p>\n<ul class=\"ul1\">\n<li class=\"li1\"><b>Protecci\u00f3n total contra polvo y suciedad<\/b> \u2013 Cubre completamente el tocadiscos, protegiendo partes sensibles como la aguja, el brazo y el plato cuando no est\u00e1 en uso.<span class=\"Apple-converted-space\">\u00a0<\/span><\/li>\n<li class=\"li1\"><b>Acceso de cables facilitado<\/b> \u2013 Incluye una salida (\u201ccut-out\u201d) en la parte trasera para permitir la conexi\u00f3n ordenada de cables sin necesidad de quitar la tapa.<span class=\"Apple-converted-space\">\u00a0<\/span><\/li>\n<li class=\"li1\"><b>Material de buena calidad y buena visibilidad<\/b> \u2013 Hecha en acr\u00edlico transparente que permite ver el tocadiscos sin exponerlo al polvo. Adem\u00e1s, combina funcionalidad con est\u00e9tica.<span class=\"Apple-converted-space\">\u00a0<\/span><\/li>\n<li class=\"li1\"><b>Fabricada en Europa<\/b> \u2013 Garantiza proceso de producci\u00f3n controlado, calidad y ajuste a est\u00e1ndares serios.<span class=\"Apple-converted-space\">\u00a0<\/span><\/li>\n<li class=\"li1\"><b>Amplia compatibilidad con tocadiscos grandes<\/b> \u2013 Dise\u00f1ada para modelos como los de la gama Signature 10, RPM 5 \/ 9 \/ 10 Carbon, y apta para cualquier tornamesa m\u00e1s peque\u00f1a que entre en sus dimensiones.<\/li>\n<\/ul>\n","protected":false},"featured_media":5671,"template":"","meta":[],"product_cat":[37],"product_tag":[56,230,62],"_links":{"self":[{"href":"https:\/\/baflesoviedo.com\/home\/wp-json\/wp\/v2\/product\/5670"}],"collection":[{"href":"https:\/\/baflesoviedo.com\/home\/wp-json\/wp\/v2\/product"}],"about":[{"href":"https:\/\/baflesoviedo.com\/home\/wp-json\/wp\/v2\/types\/product"}],"wp:featuredmedia":[{"embeddable":true,"href":"https:\/\/baflesoviedo.com\/home\/wp-json\/wp\/v2\/media\/5671"}],"wp:attachment":[{"href":"https:\/\/baflesoviedo.com\/home\/wp-json\/wp\/v2\/media?parent=5670"}],"wp:term":[{"taxonomy":"product_cat","embeddable":true,"href":"https:\/\/baflesoviedo.com\/home\/wp-json\/wp\/v2\/product_cat?post=5670"},{"taxonomy":"product_tag","embeddable":true,"href":"https:\/\/baflesoviedo.com\/home\/wp-json\/wp\/v2\/product_tag?post=5670"}],"curies":[{"name":"wp","href":"https:\/\/api.w.org\/{rel}","templated":true}]}}