{"id":5678,"date":"2025-12-03T01:47:51","date_gmt":"2025-12-03T01:47:51","guid":{"rendered":"https:\/\/baflesoviedo.com\/home\/?post_type=product&#038;p=5678"},"modified":"2025-12-03T01:47:52","modified_gmt":"2025-12-03T01:47:52","slug":"pro-ject-align-it-s-transportador-alineamiento-pastilla","status":"publish","type":"product","link":"https:\/\/baflesoviedo.com\/home\/product\/pro-ject-align-it-s-transportador-alineamiento-pastilla\/","title":{"rendered":"Pro-Ject, Align it S, Transportador Alineamiento Pastilla"},"content":{"rendered":"<p class=\"p1\"><b>Especificaciones T\u00e9cnicas:<\/b><\/p>\n<table class=\"t1\" cellspacing=\"0\" cellpadding=\"0\">\n<tbody>\n<tr>\n<td class=\"td1\" valign=\"middle\">\n<p class=\"p3\"><span class=\"s1\"><b>Material<\/b><\/span><\/p>\n<\/td>\n<td class=\"td2\" valign=\"middle\">\n<p class=\"p3\"><span class=\"s1\">Acrylic<\/span><\/p>\n<\/td>\n<\/tr>\n<tr>\n<td class=\"td3\" valign=\"middle\">\n<p class=\"p3\"><span class=\"s1\"><b>Protractors<\/b><\/span><\/p>\n<\/td>\n<td class=\"td4\" valign=\"middle\">\n<p class=\"p4\">Stevenson, Loefgren, Baerwald<\/p>\n<\/td>\n<\/tr>\n<\/tbody>\n<\/table>\n<p><a href=\"https:\/\/www.project-audio.com\/en\/product\/align-it-s\/\" target=\"_blank\" rel=\"noopener noreferrer\"><span style=\"color: #0000ff;\">Click aqu\u00ed para m\u00e1s informaci\u00f3n del producto.<\/span><\/a><\/p>\n","protected":false},"excerpt":{"rendered":"<p class=\"p1\">El <b>Align It S<\/b> es una herramienta pr\u00e1ctica y eficaz para asegurar que la c\u00e1psula de tu tocadiscos est\u00e9 correctamente alineada. Esto garantiza un rastreo m\u00e1s preciso del surco, menor distorsi\u00f3n, mejor imagen est\u00e9reo y menor desgaste de vinilo y aguja. Compatible con la mayor\u00eda de brazos de lectura de entre 8 y 12 pulgadas \u2014 no solo los de Pro-Ject \u2014, permite alinear c\u00e1psulas de forma r\u00e1pida y fiable usando diversas geometr\u00edas.<span class=\"Apple-converted-space\">\u00a0<\/span><\/p>\n<ul class=\"ul1\">\n<li class=\"li1\"><b>Varias geometr\u00edas disponibles en una sola plantilla<\/b> \u2014 incluye las curvas\/preajustes m\u00e1s comunes: Baerwald alignment, L\u00f6fgren B alignment y Stevenson alignment, para que pod\u00e1s elegir la que mejor se adapte a tu preferencia o sistema.<span class=\"Apple-converted-space\">\u00a0<\/span><\/li>\n<li class=\"li1\"><b>F\u00e1cil de usar, sin complicaciones<\/b> \u2014 solo coloc\u00e1s la plantilla sobre el plato, baj\u00e1s el brazo para posicionar la c\u00e1psula y ajust\u00e1s sus tornillos seg\u00fan las marcas. Ideal tanto para principiantes como para usuarios avanzados.<span class=\"Apple-converted-space\">\u00a0<\/span><\/li>\n<li class=\"li1\"><b>Compatible con muchos brazos de lectura<\/b> \u2014 no depende exclusivamente de Pro-Ject: funciona con cualquier tocadiscos cuyo brazo tenga longitud efectiva entre 8&#8243; y 12&#8243; (\u2248 203 \u2013 305 mm).<span class=\"Apple-converted-space\">\u00a0<\/span><\/li>\n<li class=\"li1\"><b>Construcci\u00f3n duradera en acr\u00edlico transparente<\/b> \u2014 material resistente, duradero y que permite ver con claridad las marcas y l\u00edneas de alineaci\u00f3n.<span class=\"Apple-converted-space\">\u00a0<\/span><\/li>\n<li class=\"li1\"><b>Mejora la calidad de sonido y preserva tus vinilos<\/b> \u2014 una alineaci\u00f3n correcta reduce errores de tracking, distorsi\u00f3n y desgaste irregular, resultando en un sonido m\u00e1s limpio, detallado y con mejor equilibrio.<\/li>\n<\/ul>\n","protected":false},"featured_media":5679,"template":"","meta":[],"product_cat":[37],"product_tag":[56,62],"_links":{"self":[{"href":"https:\/\/baflesoviedo.com\/home\/wp-json\/wp\/v2\/product\/5678"}],"collection":[{"href":"https:\/\/baflesoviedo.com\/home\/wp-json\/wp\/v2\/product"}],"about":[{"href":"https:\/\/baflesoviedo.com\/home\/wp-json\/wp\/v2\/types\/product"}],"wp:featuredmedia":[{"embeddable":true,"href":"https:\/\/baflesoviedo.com\/home\/wp-json\/wp\/v2\/media\/5679"}],"wp:attachment":[{"href":"https:\/\/baflesoviedo.com\/home\/wp-json\/wp\/v2\/media?parent=5678"}],"wp:term":[{"taxonomy":"product_cat","embeddable":true,"href":"https:\/\/baflesoviedo.com\/home\/wp-json\/wp\/v2\/product_cat?post=5678"},{"taxonomy":"product_tag","embeddable":true,"href":"https:\/\/baflesoviedo.com\/home\/wp-json\/wp\/v2\/product_tag?post=5678"}],"curies":[{"name":"wp","href":"https:\/\/api.w.org\/{rel}","templated":true}]}}