{"id":5681,"date":"2025-12-03T01:53:46","date_gmt":"2025-12-03T01:53:46","guid":{"rendered":"https:\/\/baflesoviedo.com\/home\/?post_type=product&#038;p=5681"},"modified":"2025-12-03T01:53:47","modified_gmt":"2025-12-03T01:53:47","slug":"pro-ject-align-it-ds3-plantilla-alineamiento-pastilla","status":"publish","type":"product","link":"https:\/\/baflesoviedo.com\/home\/product\/pro-ject-align-it-ds3-plantilla-alineamiento-pastilla\/","title":{"rendered":"Pro-Ject, Align it DS3, Plantilla Alineamiento Pastilla"},"content":{"rendered":"<p class=\"p1\"><b>Especificaciones T\u00e9cnicas:<\/b><\/p>\n<table class=\"t1\" cellspacing=\"0\" cellpadding=\"0\">\n<tbody>\n<tr>\n<td class=\"td1\" valign=\"middle\">\n<p class=\"p3\"><span class=\"s1\"><b>Material:<\/b><\/span><\/p>\n<\/td>\n<td class=\"td2\" valign=\"middle\">\n<p class=\"p3\"><span class=\"s1\">Acrylic<\/span><\/p>\n<\/td>\n<\/tr>\n<tr>\n<td class=\"td3\" valign=\"middle\">\n<p class=\"p3\"><span class=\"s1\"><b>Thickness:<\/b><\/span><\/p>\n<\/td>\n<td class=\"td4\" valign=\"middle\">\n<p class=\"p3\"><span class=\"s1\">2 mm<\/span><\/p>\n<\/td>\n<\/tr>\n<tr>\n<td class=\"td1\" valign=\"middle\">\n<p class=\"p3\"><span class=\"s1\"><b>Geometries:<\/b><\/span><\/p>\n<\/td>\n<td class=\"td2\" valign=\"middle\">\n<p class=\"p3\"><span class=\"s1\">Baerwald, L\u00f6fgren B, Stevenson<\/span><\/p>\n<\/td>\n<\/tr>\n<tr>\n<td class=\"td5\" valign=\"middle\">\n<p class=\"p3\"><span class=\"s1\"><b>Suitable for tonearms with the following pivot to spindle distance*:<\/b><\/span><\/p>\n<\/td>\n<td class=\"td6\" valign=\"middle\">\n<p class=\"p3\"><span class=\"s1\">200 mm (used on Pro-Ject 8,6\u201d tonearms)<\/span><\/p>\n<\/td>\n<\/tr>\n<tr>\n<td class=\"td7\" valign=\"middle\"><\/td>\n<td class=\"td8\" valign=\"middle\">\n<p class=\"p3\"><span class=\"s1\">212 mm (used on Pro-Ject 9\u201d tonearms)<\/span><\/p>\n<\/td>\n<\/tr>\n<tr>\n<td class=\"td5\" valign=\"middle\"><\/td>\n<td class=\"td6\" valign=\"middle\">\n<p class=\"p3\"><span class=\"s1\">238 mm (used on Pro-Ject 10\u201d tonearms)<\/span><\/p>\n<\/td>\n<\/tr>\n<tr>\n<td class=\"td1\" valign=\"middle\"><\/td>\n<td class=\"td2\" valign=\"middle\">\n<p class=\"p5\">291,6 mm (used on Pro-Ject 12\u201d tonearms)<\/p>\n<\/td>\n<\/tr>\n<\/tbody>\n<\/table>\n<p><a href=\"https:\/\/www.project-audio.com\/en\/product\/align-it-ds3\/\" target=\"_blank\" rel=\"noopener noreferrer\"><span style=\"color: #0000ff;\">Click aqu\u00ed para m\u00e1s informaci\u00f3n del producto.<\/span><\/a><\/p>\n","protected":false},"excerpt":{"rendered":"<p class=\"p1\">El <b>Align it DS3<\/b> es una plantilla de alineaci\u00f3n de alta precisi\u00f3n destinada a optimizar la instalaci\u00f3n de c\u00e1psulas fonogr\u00e1ficas en giradiscos. Permite ajustar par\u00e1metros esenciales como overhang, azimut y tangencialidad de forma correcta \u2014 lo que resulta en un mejor tracking, m\u00ednima distorsi\u00f3n y m\u00e1xima fidelidad en la reproducci\u00f3n de vinilos.<span class=\"Apple-converted-space\">\u00a0<\/span><\/p>\n<ul class=\"ul1\">\n<li class=\"li1\"><b>Tres geometr\u00edas de alineaci\u00f3n en una sola herramienta<\/b><br \/>\nOfrece las curvas de alineaci\u00f3n m\u00e1s reconocidas: Baerwald alignment, L\u00f6fgren B alignment y Stevenson alignment \u2014 as\u00ed puedes elegir seg\u00fan tus gustos musicales o el tipo de discos que reproduzcas.<span class=\"Apple-converted-space\">\u00a0<\/span><\/li>\n<li class=\"li1\"><b>Compatibilidad con m\u00faltiples longitudes de brazo<\/b><br \/>\nCompatible con brazos de 8,6<span class=\"s1\">\u2033<\/span>, 9<span class=\"s1\">\u2033<\/span>, 10<span class=\"s1\">\u2033<\/span> y 12<span class=\"s1\">\u2033<\/span> (equivalente a distancias pivot-spindle de 200 mm, 212 mm, 238 mm y 291,6 mm); ideal para casi cualquier giradiscos, tanto de Pro-Ject como de otras marcas.<span class=\"Apple-converted-space\">\u00a0<\/span><\/li>\n<li class=\"li1\"><b>Alineaci\u00f3n completa: overhang, azimut y tangencialidad<\/b><br \/>\nLa plantilla permite ajustar no solo el overhang (voladizo), sino tambi\u00e9n azimut y la correcta tangencialidad del cartucho \u2014 clave para un tracking preciso y m\u00ednima distorsi\u00f3n en todo el surco.<span class=\"Apple-converted-space\">\u00a0<\/span><\/li>\n<li class=\"li1\"><b>Operaci\u00f3n pr\u00e1ctica sin necesidad de girar el plato<\/b><br \/>\nA diferencia de plantillas antiguas, el DS3 traza todo el arco que recorre el brazo: eso significa que pod\u00e9s mantener la plantilla fija y no necesitas girar el plato al pasar del punto nulo externo al interno \u2014 m\u00e1s c\u00f3modo y preciso.<span class=\"Apple-converted-space\">\u00a0<\/span><\/li>\n<li class=\"li1\"><b>Fabricaci\u00f3n en acr\u00edlico de calidad \/ Hecho en Europa<\/b><br \/>\nMaterial duradero, buen acabado, peso liviano y precisi\u00f3n en las marcas, lo que ofrece fiabilidad y resistencia al uso continuo.<span class=\"Apple-converted-space\">\u00a0<\/span><\/li>\n<li class=\"li1\"><b>Instrucciones incluidas + gu\u00eda de geometr\u00edas<\/b><br \/>\nIncluye manual e instrucciones detalladas, as\u00ed como orientaci\u00f3n sobre qu\u00e9 geometr\u00eda conviene seg\u00fan tu uso \u2014 ideal para quienes ajustan ellos mismos la c\u00e1psula.<\/li>\n<\/ul>\n","protected":false},"featured_media":5682,"template":"","meta":[],"product_cat":[37],"product_tag":[56,62],"_links":{"self":[{"href":"https:\/\/baflesoviedo.com\/home\/wp-json\/wp\/v2\/product\/5681"}],"collection":[{"href":"https:\/\/baflesoviedo.com\/home\/wp-json\/wp\/v2\/product"}],"about":[{"href":"https:\/\/baflesoviedo.com\/home\/wp-json\/wp\/v2\/types\/product"}],"wp:featuredmedia":[{"embeddable":true,"href":"https:\/\/baflesoviedo.com\/home\/wp-json\/wp\/v2\/media\/5682"}],"wp:attachment":[{"href":"https:\/\/baflesoviedo.com\/home\/wp-json\/wp\/v2\/media?parent=5681"}],"wp:term":[{"taxonomy":"product_cat","embeddable":true,"href":"https:\/\/baflesoviedo.com\/home\/wp-json\/wp\/v2\/product_cat?post=5681"},{"taxonomy":"product_tag","embeddable":true,"href":"https:\/\/baflesoviedo.com\/home\/wp-json\/wp\/v2\/product_tag?post=5681"}],"curies":[{"name":"wp","href":"https:\/\/api.w.org\/{rel}","templated":true}]}}