{"id":57,"date":"2020-04-02T23:15:35","date_gmt":"2020-04-02T23:15:35","guid":{"rendered":"https:\/\/baflesoviedo.com\/home\/?post_type=product&#038;p=57"},"modified":"2023-10-21T21:53:44","modified_gmt":"2023-10-21T21:53:44","slug":"anthony-gallo-micro-se-altavoz-satelite","status":"publish","type":"product","link":"https:\/\/baflesoviedo.com\/home\/product\/anthony-gallo-micro-se-altavoz-satelite\/","title":{"rendered":"Anthony Gallo, Micro SE, Altavoz Sat\u00e9lite"},"content":{"rendered":"<p>&nbsp;<\/p>\n<p><strong>Especificaciones<\/strong><\/p>\n<table>\n<tbody>\n<tr>\n<td width=\"370\">Respuesta de frecuencia en el soporte de pared o piso:<\/td>\n<td width=\"370\">100Hz to 22Khz<\/td>\n<\/tr>\n<tr>\n<td width=\"370\">Respuesta de frecuencia en Anillo de aislamiento o soporte de mesa:<\/td>\n<td width=\"370\">120Hz to 22Khz<\/td>\n<\/tr>\n<tr>\n<td width=\"370\">Sensibilidad:<\/td>\n<td width=\"370\">85 dB\/w 2.83v (1M)<\/td>\n<\/tr>\n<tr>\n<td width=\"370\">Impedancia nominal:<\/td>\n<td width=\"370\">4 Ohms<\/td>\n<\/tr>\n<tr>\n<td width=\"370\">Potencia:<\/td>\n<td width=\"370\">125 watts<\/td>\n<\/tr>\n<tr>\n<td width=\"370\">Altura en el stand:<\/td>\n<td width=\"370\">91.5 cm<\/td>\n<\/tr>\n<tr>\n<td width=\"370\">Drivers:<\/td>\n<td width=\"370\">3\u2033 diafragma plano de amplia dispersi\u00f3n<\/td>\n<\/tr>\n<tr>\n<td width=\"370\">Crossover:<\/td>\n<td width=\"370\">None<\/td>\n<\/tr>\n<tr>\n<td width=\"370\">Dimensiones:<\/td>\n<td width=\"370\">4\u2033 Esfera<\/td>\n<\/tr>\n<tr>\n<td width=\"370\">Peso:<\/td>\n<td width=\"370\">737g<\/td>\n<\/tr>\n<tr>\n<td width=\"370\">Material del cono:<\/td>\n<td width=\"370\">Panal de aluminio<\/td>\n<\/tr>\n<tr>\n<td width=\"370\">Material del recinto:<\/td>\n<td width=\"370\">Acero suave \/ acero inoxidable<\/td>\n<\/tr>\n<\/tbody>\n<\/table>\n<p><span style=\"color: #0000ff;\"><a style=\"color: #0000ff;\" href=\"https:\/\/galloacoustics.com\/micro-se\/\" target=\"_blank\" rel=\"noopener noreferrer\">Click aqu\u00ed para m\u00e1s informaci\u00f3n del producto<\/a><\/span><\/p>\n<p>&nbsp;<\/p>\n","protected":false},"excerpt":{"rendered":"<p>Altavoz sat\u00e9lite compacto que utiliza un transductor de diafragma plano de dispersi\u00f3n ultra ancha especialmente desarrollado que cubre un rango de frecuencia de 100Hz a 22Khz, todo alimentado por un solo controlador. Esta tecnolog\u00eda permite que el Micro SE funcione como un verdadero altavoz audi\u00f3filo.<\/p>\n<p>&nbsp;<\/p>\n","protected":false},"featured_media":102,"template":"","meta":[],"product_cat":[123],"product_tag":[31,34,40],"_links":{"self":[{"href":"https:\/\/baflesoviedo.com\/home\/wp-json\/wp\/v2\/product\/57"}],"collection":[{"href":"https:\/\/baflesoviedo.com\/home\/wp-json\/wp\/v2\/product"}],"about":[{"href":"https:\/\/baflesoviedo.com\/home\/wp-json\/wp\/v2\/types\/product"}],"wp:featuredmedia":[{"embeddable":true,"href":"https:\/\/baflesoviedo.com\/home\/wp-json\/wp\/v2\/media\/102"}],"wp:attachment":[{"href":"https:\/\/baflesoviedo.com\/home\/wp-json\/wp\/v2\/media?parent=57"}],"wp:term":[{"taxonomy":"product_cat","embeddable":true,"href":"https:\/\/baflesoviedo.com\/home\/wp-json\/wp\/v2\/product_cat?post=57"},{"taxonomy":"product_tag","embeddable":true,"href":"https:\/\/baflesoviedo.com\/home\/wp-json\/wp\/v2\/product_tag?post=57"}],"curies":[{"name":"wp","href":"https:\/\/api.w.org\/{rel}","templated":true}]}}