{"id":5750,"date":"2025-12-06T18:25:30","date_gmt":"2025-12-06T18:25:30","guid":{"rendered":"https:\/\/baflesoviedo.com\/home\/?post_type=product&#038;p=5750"},"modified":"2025-12-06T18:25:31","modified_gmt":"2025-12-06T18:25:31","slug":"mcintosh-cs200-altavoz-empotrable","status":"publish","type":"product","link":"https:\/\/baflesoviedo.com\/home\/product\/mcintosh-cs200-altavoz-empotrable\/","title":{"rendered":"McIntosh, CS200, Altavoz Empotrable"},"content":{"rendered":"<p><b>Especificaciones T\u00e9cnicas\u00a0<\/b><\/p>\n<h4><span style=\"font-weight: 400;\">Electronic Specifications<\/span><\/h4>\n<ul>\n<li style=\"font-weight: 400;\" aria-level=\"1\"><span style=\"font-weight: 400;\">Impedance Nominal<\/span><span style=\"font-weight: 400;\"><br \/>\n<\/span><span style=\"font-weight: 400;\">6 Ohms<\/span><\/li>\n<li style=\"font-weight: 400;\" aria-level=\"1\"><span style=\"font-weight: 400;\">Power Rating<\/span><span style=\"font-weight: 400;\"><br \/>\n<\/span><span style=\"font-weight: 400;\">15 to 250 Watts<\/span><\/li>\n<li style=\"font-weight: 400;\" aria-level=\"1\"><span style=\"font-weight: 400;\">Frequency Response<\/span><span style=\"font-weight: 400;\"><br \/>\n<\/span><span style=\"font-weight: 400;\">48Hz to 22kHz<\/span><\/li>\n<li style=\"font-weight: 400;\" aria-level=\"1\"><span style=\"font-weight: 400;\">Sound Pressure Level, 2.8V\/1m<\/span><span style=\"font-weight: 400;\"><br \/>\n<\/span><span style=\"font-weight: 400;\">89dB<\/span><\/li>\n<li style=\"font-weight: 400;\" aria-level=\"1\"><span style=\"font-weight: 400;\">Crossover<\/span><span style=\"font-weight: 400;\"><br \/>\n<\/span><span style=\"font-weight: 400;\">1,100Hz, 3,000Hz<\/span><\/li>\n<\/ul>\n<h4><span style=\"font-weight: 400;\">Driver Specifications<\/span><\/h4>\n<ul>\n<li style=\"font-weight: 400;\" aria-level=\"1\"><span style=\"font-weight: 400;\">Number of Woofers<\/span><span style=\"font-weight: 400;\"><br \/>\n<\/span><span style=\"font-weight: 400;\">1<\/span><\/li>\n<li style=\"font-weight: 400;\" aria-level=\"1\"><span style=\"font-weight: 400;\">Woofer Size<\/span><span style=\"font-weight: 400;\"><br \/>\n<\/span><span style=\"font-weight: 400;\">8&#8243;<\/span><\/li>\n<li style=\"font-weight: 400;\" aria-level=\"1\"><span style=\"font-weight: 400;\">Woofer Type<\/span><span style=\"font-weight: 400;\"><br \/>\n<\/span><span style=\"font-weight: 400;\">Woven Glass Fiber<\/span><\/li>\n<li style=\"font-weight: 400;\" aria-level=\"1\"><span style=\"font-weight: 400;\">Number of Midranges<\/span><span style=\"font-weight: 400;\"><br \/>\n<\/span><span style=\"font-weight: 400;\">2<\/span><\/li>\n<li style=\"font-weight: 400;\" aria-level=\"1\"><span style=\"font-weight: 400;\">Midrange Size<\/span><span style=\"font-weight: 400;\"><br \/>\n<\/span><span style=\"font-weight: 400;\">2&#8243;<\/span><\/li>\n<li style=\"font-weight: 400;\" aria-level=\"1\"><span style=\"font-weight: 400;\">Midrange Type<\/span><span style=\"font-weight: 400;\"><br \/>\n<\/span><span style=\"font-weight: 400;\">Inverted Titanium Dome<\/span><\/li>\n<li style=\"font-weight: 400;\" aria-level=\"1\"><span style=\"font-weight: 400;\">Number of Tweeters<\/span><span style=\"font-weight: 400;\"><br \/>\n<\/span><span style=\"font-weight: 400;\">1<\/span><\/li>\n<li style=\"font-weight: 400;\" aria-level=\"1\"><span style=\"font-weight: 400;\">Tweeter Size<\/span><span style=\"font-weight: 400;\"><br \/>\n<\/span><span style=\"font-weight: 400;\">3\/4&#8243;<\/span><\/li>\n<li style=\"font-weight: 400;\" aria-level=\"1\"><span style=\"font-weight: 400;\">Tweeter Type<\/span><span style=\"font-weight: 400;\"><br \/>\n<\/span><span style=\"font-weight: 400;\">Titanium Dome<\/span><\/li>\n<\/ul>\n<h4><span style=\"font-weight: 400;\">General Specifications<\/span><\/h4>\n<ul>\n<li style=\"font-weight: 400;\" aria-level=\"1\"><span style=\"font-weight: 400;\">System Type<\/span><span style=\"font-weight: 400;\"><br \/>\n<\/span><span style=\"font-weight: 400;\">3-Way In-Ceiling<\/span><\/li>\n<li style=\"font-weight: 400;\" aria-level=\"1\"><span style=\"font-weight: 400;\">Grille<\/span><span style=\"font-weight: 400;\"><br \/>\n<\/span><span style=\"font-weight: 400;\">Magnetic metal mesh<\/span><\/li>\n<li style=\"font-weight: 400;\" aria-level=\"1\"><span style=\"font-weight: 400;\">Available Finishes<\/span><span style=\"font-weight: 400;\"><br \/>\n<\/span><span style=\"font-weight: 400;\">Black chassis with white paintable grille<\/span><\/li>\n<\/ul>\n<h4><span style=\"font-weight: 400;\">Weights &amp; Dimensions<\/span><\/h4>\n<ul>\n<li style=\"font-weight: 400;\" aria-level=\"1\"><span style=\"font-weight: 400;\">Unit Dimensions (W x H x D)<\/span><span style=\"font-weight: 400;\"><br \/>\n<\/span><span style=\"font-weight: 400;\">11&#8243; (27.94cm) x 11&#8243; (27.94cm) diameter x 5&#8243; (12.7cm) tall<\/span><\/li>\n<li style=\"font-weight: 400;\" aria-level=\"1\"><span style=\"font-weight: 400;\">Unit Weight<\/span><span style=\"font-weight: 400;\"><br \/>\n<\/span><span style=\"font-weight: 400;\">5.5 lbs (2.49 kg)<\/span><\/li>\n<li style=\"font-weight: 400;\" aria-level=\"1\"><span style=\"font-weight: 400;\">Shipping Weight<\/span><span style=\"font-weight: 400;\"><br \/>\n<\/span><span style=\"font-weight: 400;\">7 lbs (3.18 kg)<\/span><\/li>\n<\/ul>\n<p><a href=\"https:\/\/www.mcintoshlabs.com\/products\/speakers\/CS200\" target=\"_blank\" rel=\"noopener noreferrer\"><span style=\"color: #0000ff;\">Click aqu\u00ed para m\u00e1s informaci\u00f3n del producto.<\/span><\/a><\/p>\n","protected":false},"excerpt":{"rendered":"<p><span style=\"font-weight: 400;\">El <\/span><b>McIntosh CS200<\/b><span style=\"font-weight: 400;\"> es un altavoz empotrado de alto rendimiento dise\u00f1ado para integrarse discretamente en sistemas de audio distribuidos y cine en casa. Su configuraci\u00f3n de 3 v\u00edas incluye un woofer de 8&#8243; de fibra de vidrio tejida, dos medios de 2&#8243; con c\u00fapula invertida de titanio y un tweeter de \u00be&#8221; tambi\u00e9n de titanio. Los medios y el tweeter est\u00e1n alojados en una matriz rotatoria que permite optimizar el rendimiento sonoro en cada espacio. Este dise\u00f1o incorpora los mismos controladores utilizados en los altavoces de la serie XR50 y XR100, asegurando una calidad de sonido excepcional. Con una impedancia nominal de 6\u202f\u03a9, una respuesta de frecuencia de 48\u202fHz a 22\u202fkHz y una sensibilidad de 89\u202fdB a 2.8\u202fV\/1\u202fm, el CS200 ofrece un rendimiento sonoro equilibrado y detallado. Su rejilla magn\u00e9tica y pintable permite una integraci\u00f3n est\u00e9tica perfecta en el entorno, mientras que el kit de instalaci\u00f3n opcional RK200 facilita su montaje. Este altavoz es ideal para instalaciones personalizadas de audio en el hogar y como altavoz de sonido envolvente en sistemas de cine en casa.<\/span><\/p>\n<p><span style=\"font-weight: 400;\">*Cont\u00e1ctenos para obtener el precio <\/span><\/p>\n","protected":false},"featured_media":5751,"template":"","meta":[],"product_cat":[124,123,18],"product_tag":[31,195,185,29,84],"_links":{"self":[{"href":"https:\/\/baflesoviedo.com\/home\/wp-json\/wp\/v2\/product\/5750"}],"collection":[{"href":"https:\/\/baflesoviedo.com\/home\/wp-json\/wp\/v2\/product"}],"about":[{"href":"https:\/\/baflesoviedo.com\/home\/wp-json\/wp\/v2\/types\/product"}],"wp:featuredmedia":[{"embeddable":true,"href":"https:\/\/baflesoviedo.com\/home\/wp-json\/wp\/v2\/media\/5751"}],"wp:attachment":[{"href":"https:\/\/baflesoviedo.com\/home\/wp-json\/wp\/v2\/media?parent=5750"}],"wp:term":[{"taxonomy":"product_cat","embeddable":true,"href":"https:\/\/baflesoviedo.com\/home\/wp-json\/wp\/v2\/product_cat?post=5750"},{"taxonomy":"product_tag","embeddable":true,"href":"https:\/\/baflesoviedo.com\/home\/wp-json\/wp\/v2\/product_tag?post=5750"}],"curies":[{"name":"wp","href":"https:\/\/api.w.org\/{rel}","templated":true}]}}