{"id":5778,"date":"2026-01-05T17:11:40","date_gmt":"2026-01-05T17:11:40","guid":{"rendered":"https:\/\/baflesoviedo.com\/home\/?post_type=product&#038;p=5778"},"modified":"2026-01-05T17:51:10","modified_gmt":"2026-01-05T17:51:10","slug":"mcintosh-ws500-altavoz-empotrable","status":"publish","type":"product","link":"https:\/\/baflesoviedo.com\/home\/product\/mcintosh-ws500-altavoz-empotrable\/","title":{"rendered":"McIntosh, WS500, Altavoz Empotrable"},"content":{"rendered":"<p><b>Especificaciones T\u00e9cnicas\u00a0<\/b><\/p>\n<h4><span style=\"font-weight: 400;\">Electronic Specifications<\/span><\/h4>\n<ul>\n<li style=\"font-weight: 400;\" aria-level=\"1\"><span style=\"font-weight: 400;\">Impedance Nominal<\/span><span style=\"font-weight: 400;\"><br \/>\n<\/span><span style=\"font-weight: 400;\">4 Ohms<\/span><\/li>\n<li style=\"font-weight: 400;\" aria-level=\"1\"><span style=\"font-weight: 400;\">Power Rating<\/span><span style=\"font-weight: 400;\"><br \/>\n<\/span><span style=\"font-weight: 400;\">Up to 250 Watts<\/span><\/li>\n<li style=\"font-weight: 400;\" aria-level=\"1\"><span style=\"font-weight: 400;\">Frequency Response<\/span><span style=\"font-weight: 400;\"><br \/>\n<\/span><span style=\"font-weight: 400;\">80Hz to 20kHz<\/span><\/li>\n<li style=\"font-weight: 400;\" aria-level=\"1\"><span style=\"font-weight: 400;\">Sound Pressure Level, 2.8V\/1m<\/span><span style=\"font-weight: 400;\"><br \/>\n<\/span><span style=\"font-weight: 400;\">86dB<\/span><\/li>\n<li style=\"font-weight: 400;\" aria-level=\"1\"><span style=\"font-weight: 400;\">Crossover<\/span><span style=\"font-weight: 400;\"><br \/>\n<\/span><span style=\"font-weight: 400;\">350Hz, 2,500Hz<\/span><\/li>\n<\/ul>\n<h4><span style=\"font-weight: 400;\">Driver Specifications<\/span><\/h4>\n<ul>\n<li style=\"font-weight: 400;\" aria-level=\"1\"><span style=\"font-weight: 400;\">Number of Woofers<\/span><span style=\"font-weight: 400;\"><br \/>\n<\/span><span style=\"font-weight: 400;\">2<\/span><\/li>\n<li style=\"font-weight: 400;\" aria-level=\"1\"><span style=\"font-weight: 400;\">Woofer Size<\/span><span style=\"font-weight: 400;\"><br \/>\n<\/span><span style=\"font-weight: 400;\">6.5&#8243;<\/span><\/li>\n<li style=\"font-weight: 400;\" aria-level=\"1\"><span style=\"font-weight: 400;\">Woofer Type<\/span><span style=\"font-weight: 400;\"><br \/>\n<\/span><span style=\"font-weight: 400;\">Woven Glass Fiber<\/span><\/li>\n<li style=\"font-weight: 400;\" aria-level=\"1\"><span style=\"font-weight: 400;\">Number of Midranges<\/span><span style=\"font-weight: 400;\"><br \/>\n<\/span><span style=\"font-weight: 400;\">2<\/span><\/li>\n<li style=\"font-weight: 400;\" aria-level=\"1\"><span style=\"font-weight: 400;\">Midrange Size<\/span><span style=\"font-weight: 400;\"><br \/>\n<\/span><span style=\"font-weight: 400;\">2&#8243;<\/span><\/li>\n<li style=\"font-weight: 400;\" aria-level=\"1\"><span style=\"font-weight: 400;\">Midrange Type<\/span><span style=\"font-weight: 400;\"><br \/>\n<\/span><span style=\"font-weight: 400;\">Inverted Titanium Dome<\/span><\/li>\n<li style=\"font-weight: 400;\" aria-level=\"1\"><span style=\"font-weight: 400;\">Number of Tweeters<\/span><span style=\"font-weight: 400;\"><br \/>\n<\/span><span style=\"font-weight: 400;\">1<\/span><\/li>\n<li style=\"font-weight: 400;\" aria-level=\"1\"><span style=\"font-weight: 400;\">Tweeter Size<\/span><span style=\"font-weight: 400;\"><br \/>\n<\/span><span style=\"font-weight: 400;\">3\/4&#8243;<\/span><\/li>\n<li style=\"font-weight: 400;\" aria-level=\"1\"><span style=\"font-weight: 400;\">Tweeter Type<\/span><span style=\"font-weight: 400;\"><br \/>\n<\/span><span style=\"font-weight: 400;\">Titanium Dome<\/span><\/li>\n<\/ul>\n<h4><span style=\"font-weight: 400;\">General Specifications<\/span><\/h4>\n<ul>\n<li style=\"font-weight: 400;\" aria-level=\"1\"><span style=\"font-weight: 400;\">System Type<\/span><span style=\"font-weight: 400;\"><br \/>\n<\/span><span style=\"font-weight: 400;\">3-Way In-Wall<\/span><\/li>\n<li style=\"font-weight: 400;\" aria-level=\"1\"><span style=\"font-weight: 400;\">Grille<\/span><span style=\"font-weight: 400;\"><br \/>\n<\/span><span style=\"font-weight: 400;\">Magnetic metal mesh<\/span><\/li>\n<li style=\"font-weight: 400;\" aria-level=\"1\"><span style=\"font-weight: 400;\">Available Finishes<\/span><span style=\"font-weight: 400;\"><br \/>\n<\/span><span style=\"font-weight: 400;\">Black chassis with white paintable grille<\/span><\/li>\n<\/ul>\n<h4><span style=\"font-weight: 400;\">Weights &amp; Dimensions<\/span><\/h4>\n<ul>\n<li style=\"font-weight: 400;\" aria-level=\"1\"><span style=\"font-weight: 400;\">Unit Dimensions (W x H x D)<\/span><span style=\"font-weight: 400;\"><br \/>\n<\/span><span style=\"font-weight: 400;\">14&#8243; (35.5cm) x 23-1\/2&#8243; (59.7cm) x 3-5\/8&#8243; (9.3cm)<\/span><\/li>\n<li style=\"font-weight: 400;\" aria-level=\"1\"><span style=\"font-weight: 400;\">Unit Weight<\/span><span style=\"font-weight: 400;\"><br \/>\n<\/span><span style=\"font-weight: 400;\">24 lbs (10.9 kg)<\/span><\/li>\n<li style=\"font-weight: 400;\" aria-level=\"1\"><span style=\"font-weight: 400;\">Shipping Weight<\/span><span style=\"font-weight: 400;\"><br \/>\n<\/span><span style=\"font-weight: 400;\">29 lbs (14.1 kg)<\/span><\/li>\n<\/ul>\n<p><a href=\"https:\/\/www.mcintoshlabs.com\/products\/speakers\/WS500\" target=\"_blank\" rel=\"noopener noreferrer\"><span style=\"color: #0000ff;\">Click aqu\u00ed para m\u00e1s informaci\u00f3n del producto.<\/span><\/a><\/p>\n","protected":false},"excerpt":{"rendered":"<p><span style=\"font-weight: 400;\">El McIntosh WS500 es un altavoz empotrable de referencia pensado para quienes buscan m\u00e1ximo rendimiento sin comprometer la est\u00e9tica. Su dise\u00f1o de 3 v\u00edas con recinto sellado y doble woofer ofrece un sonido potente, claro y perfectamente balanceado, ideal para cine en casa y sistemas de audio premium. Capaz de manejar hasta 250 W, llena el espacio con la reconocida firma sonora McIntosh, mientras su rejilla magn\u00e9tica pintable permite una integraci\u00f3n limpia y pr\u00e1cticamente invisible. Una soluci\u00f3n elegante para disfrutar audio de alto nivel con impacto y precisi\u00f3n profesionales.<\/span><\/p>\n<p><span style=\"font-weight: 400;\">*Cont\u00e1ctenos para obtener el precio.<\/span><\/p>\n","protected":false},"featured_media":5779,"template":"","meta":[],"product_cat":[124,18],"product_tag":[31,185,29,84],"_links":{"self":[{"href":"https:\/\/baflesoviedo.com\/home\/wp-json\/wp\/v2\/product\/5778"}],"collection":[{"href":"https:\/\/baflesoviedo.com\/home\/wp-json\/wp\/v2\/product"}],"about":[{"href":"https:\/\/baflesoviedo.com\/home\/wp-json\/wp\/v2\/types\/product"}],"wp:featuredmedia":[{"embeddable":true,"href":"https:\/\/baflesoviedo.com\/home\/wp-json\/wp\/v2\/media\/5779"}],"wp:attachment":[{"href":"https:\/\/baflesoviedo.com\/home\/wp-json\/wp\/v2\/media?parent=5778"}],"wp:term":[{"taxonomy":"product_cat","embeddable":true,"href":"https:\/\/baflesoviedo.com\/home\/wp-json\/wp\/v2\/product_cat?post=5778"},{"taxonomy":"product_tag","embeddable":true,"href":"https:\/\/baflesoviedo.com\/home\/wp-json\/wp\/v2\/product_tag?post=5778"}],"curies":[{"name":"wp","href":"https:\/\/api.w.org\/{rel}","templated":true}]}}