{"id":5822,"date":"2026-01-15T22:50:09","date_gmt":"2026-01-15T22:50:09","guid":{"rendered":"https:\/\/baflesoviedo.com\/home\/?post_type=product&#038;p=5822"},"modified":"2026-01-15T23:27:04","modified_gmt":"2026-01-15T23:27:04","slug":"elac-vela-vfs407-2-altavoz-torre","status":"publish","type":"product","link":"https:\/\/baflesoviedo.com\/home\/product\/elac-vela-vfs407-2-altavoz-torre\/","title":{"rendered":"ELAC, Vela VFS407.2, Altavoz Torre"},"content":{"rendered":"<p><b>Especificaciones T\u00e9cnicas<\/b><\/p>\n<table>\n<tbody>\n<tr>\n<td><b>Type<\/b><\/td>\n<td><span style=\"font-weight: 400;\">2 \u00bd-Way, Bass Reflex<\/span><\/td>\n<\/tr>\n<tr>\n<td><b>Woofer<\/b><\/td>\n<td><span style=\"font-weight: 400;\">2 \u00d7 150 mm \u00d8, AS-XR Cone<\/span><\/td>\n<\/tr>\n<tr>\n<td><b>Tweeter<\/b><\/td>\n<td><span style=\"font-weight: 400;\">JET 6<\/span><\/td>\n<\/tr>\n<tr>\n<td><b>Magnetic Shielding<\/b><\/td>\n<td><span style=\"font-weight: 400;\">No<\/span><\/td>\n<\/tr>\n<tr>\n<td><b>Crossover Frequency<\/b><\/td>\n<td><span style=\"font-weight: 400;\">450 | 2400 Hz<\/span><\/td>\n<\/tr>\n<tr>\n<td><b>Frequency Range (IEC 268-5)<\/b><\/td>\n<td><span style=\"font-weight: 400;\">30 &#8211; 50000 Hz<\/span><\/td>\n<\/tr>\n<tr>\n<td><b>Sensitivity<\/b><\/td>\n<td><span style=\"font-weight: 400;\">88 dB at 2.83 V\/m<\/span><\/td>\n<\/tr>\n<tr>\n<td><b>Suitable for amplifiers from<\/b><\/td>\n<td><span style=\"font-weight: 400;\">4\u03a9 &#8211; 8\u03a9<\/span><\/td>\n<\/tr>\n<tr>\n<td><b>Recommended Amplifier Power<\/b><\/td>\n<td><span style=\"font-weight: 400;\">40 &#8211; 300 W\/channel<\/span><\/td>\n<\/tr>\n<tr>\n<td><b>Nominal | Peak Power Handling<\/b><\/td>\n<td><span style=\"font-weight: 400;\">130 W | 170 W<\/span><\/td>\n<\/tr>\n<tr>\n<td><b>Nominal | Minimum Impedance<\/b><\/td>\n<td><span style=\"font-weight: 400;\">4\u03a9 | 3.2\u03a9 at 200 Hz<\/span><\/td>\n<\/tr>\n<tr>\n<td><b>Finishes<\/b><\/td>\n<td><span style=\"font-weight: 400;\">Black High Gloss, White High Gloss, Walnut High Gloss<\/span><\/td>\n<\/tr>\n<tr>\n<td><b>Accessories Included<\/b><\/td>\n<td><span style=\"font-weight: 400;\">Plate with Spikes and Washer<\/span><\/td>\n<\/tr>\n<tr>\n<td><b>Optional Accessory<\/b><\/td>\n<td><span style=\"font-weight: 400;\">Speaker Grilles<\/span><\/td>\n<\/tr>\n<tr>\n<td><b>Height x Width x Depth<\/b><\/td>\n<td><span style=\"font-weight: 400;\">1000 x 229 x 266 mm<\/span><\/td>\n<\/tr>\n<tr>\n<td><b>Weight<\/b><\/td>\n<td><span style=\"font-weight: 400;\">19.1 kg<\/span><\/td>\n<\/tr>\n<\/tbody>\n<\/table>\n<p><a href=\"https:\/\/elac.com\/vfs407-2\" target=\"_blank\" rel=\"noopener noreferrer\"><span style=\"color: #0000ff;\">Click aqu\u00ed para m\u00e1s informaci\u00f3n del producto.<\/span><\/a><\/p>\n","protected":false},"excerpt":{"rendered":"<p><b>ELAC Vela VFS407.2<\/b><span style=\"font-weight: 400;\"> es un altavoz tipo torre de alta gama con un dise\u00f1o trapezoidal elegante que mejora tanto la est\u00e9tica como la calidad de sonido, ofreciendo una reproducci\u00f3n <\/span><b>clara, din\u00e1mica y potente<\/b><span style=\"font-weight: 400;\"> para m\u00fasica y cine en casa. Incorpora tecnolog\u00edas avanzadas como el <\/span><b>tweeter JET 6 Air Motion Transformer<\/b><span style=\"font-weight: 400;\"> de Alemania para agudos detallados y woofers de <\/span><b>cono de aluminio sandwich AS-XR<\/b><span style=\"font-weight: 400;\"> para graves definidos, junto con un <\/span><b>puerto bass-reflex orientado hacia abajo<\/b><span style=\"font-weight: 400;\"> que permite flexibilidad de colocaci\u00f3n y menor ruido de ventilaci\u00f3n.<\/span><\/p>\n<ul>\n<li style=\"font-weight: 400;\" aria-level=\"1\"><span style=\"font-weight: 400;\">Altavoz de suelo tipo <\/span><b>2.5 v\u00edas con bass-reflex<\/b><span style=\"font-weight: 400;\"> para sonido envolvente equilibrado.<\/span><\/li>\n<li style=\"font-weight: 400;\" aria-level=\"1\"><b>Tweeter JET 6 Air Motion Transformer<\/b><span style=\"font-weight: 400;\"> para agudos precisos y respuesta amplia.<\/span><\/li>\n<li style=\"font-weight: 400;\" aria-level=\"1\"><b>Woofers AS-XR de 150 mm \u00d7 2<\/b><span style=\"font-weight: 400;\"> con cono de aluminio sandwich para graves limpios y controlados.<\/span><\/li>\n<li style=\"font-weight: 400;\" aria-level=\"1\"><b>Puerto bass-reflex hacia abajo<\/b><span style=\"font-weight: 400;\"> que reduce el ruido de ventilaci\u00f3n y facilita la colocaci\u00f3n.<\/span><\/li>\n<li style=\"font-weight: 400;\" aria-level=\"1\"><span style=\"font-weight: 400;\">Est\u00e9tica premium con <\/span><b>acabados en alto brillo<\/b><span style=\"font-weight: 400;\"> (negro, blanco o nogal) y gabinete trapezoidal.<\/span><\/li>\n<li style=\"font-weight: 400;\" aria-level=\"1\"><span style=\"font-weight: 400;\">Rango de frecuencia amplio <\/span><b>30 Hz \u2013 50 kHz<\/b><span style=\"font-weight: 400;\"> para detalle y profundidad sonora.<\/span><\/li>\n<li style=\"font-weight: 400;\" aria-level=\"1\"><span style=\"font-weight: 400;\">Sensibilidad de <\/span><b>88 dB<\/b><span style=\"font-weight: 400;\"> y potencia recomendada de <\/span><b>40 \u2013 300 W por canal<\/b><span style=\"font-weight: 400;\">.<\/span><\/li>\n<li style=\"font-weight: 400;\" aria-level=\"1\"><span style=\"font-weight: 400;\">Dise\u00f1o ideal para sistemas est\u00e9reo exigentes o cine en casa donde se busca calidad y presencia ac\u00fastica premium. <\/span><\/li>\n<\/ul>\n","protected":false},"featured_media":5823,"template":"","meta":[],"product_cat":[123,121,17],"product_tag":[31,191,195,206,40],"_links":{"self":[{"href":"https:\/\/baflesoviedo.com\/home\/wp-json\/wp\/v2\/product\/5822"}],"collection":[{"href":"https:\/\/baflesoviedo.com\/home\/wp-json\/wp\/v2\/product"}],"about":[{"href":"https:\/\/baflesoviedo.com\/home\/wp-json\/wp\/v2\/types\/product"}],"wp:featuredmedia":[{"embeddable":true,"href":"https:\/\/baflesoviedo.com\/home\/wp-json\/wp\/v2\/media\/5823"}],"wp:attachment":[{"href":"https:\/\/baflesoviedo.com\/home\/wp-json\/wp\/v2\/media?parent=5822"}],"wp:term":[{"taxonomy":"product_cat","embeddable":true,"href":"https:\/\/baflesoviedo.com\/home\/wp-json\/wp\/v2\/product_cat?post=5822"},{"taxonomy":"product_tag","embeddable":true,"href":"https:\/\/baflesoviedo.com\/home\/wp-json\/wp\/v2\/product_tag?post=5822"}],"curies":[{"name":"wp","href":"https:\/\/api.w.org\/{rel}","templated":true}]}}