{"id":5843,"date":"2026-01-16T00:57:21","date_gmt":"2026-01-16T00:57:21","guid":{"rendered":"https:\/\/baflesoviedo.com\/home\/?post_type=product&#038;p=5843"},"modified":"2026-01-16T01:01:55","modified_gmt":"2026-01-16T01:01:55","slug":"elac-vela-vcc401-2-altavoz-canal-central","status":"publish","type":"product","link":"https:\/\/baflesoviedo.com\/home\/product\/elac-vela-vcc401-2-altavoz-canal-central\/","title":{"rendered":"ELAC, Vela VCC401.2, Altavoz Canal Central"},"content":{"rendered":"<p><b>Especificaciones T\u00e9cnicas<\/b><\/p>\n<table>\n<tbody>\n<tr>\n<td><b>Type<\/b><\/td>\n<td><span style=\"font-weight: 400;\">2 \u00bd-Way, Bass Reflex<\/span><\/td>\n<\/tr>\n<tr>\n<td><b>Woofer<\/b><\/td>\n<td><span style=\"font-weight: 400;\">2 \u00d7 150 mm \u00d8, AS-XR Cone<\/span><\/td>\n<\/tr>\n<tr>\n<td><b>Tweeter<\/b><\/td>\n<td><span style=\"font-weight: 400;\">JET 6<\/span><\/td>\n<\/tr>\n<tr>\n<td><b>Magnetic Shielding<\/b><\/td>\n<td><span style=\"font-weight: 400;\">No<\/span><\/td>\n<\/tr>\n<tr>\n<td><b>Crossover Frequency<\/b><\/td>\n<td><span style=\"font-weight: 400;\">450 | 2400 Hz<\/span><\/td>\n<\/tr>\n<tr>\n<td><b>Frequency Range (IEC 268-5)<\/b><\/td>\n<td><span style=\"font-weight: 400;\">32 &#8211; 50000 Hz<\/span><\/td>\n<\/tr>\n<tr>\n<td><b>Sensitivity<\/b><\/td>\n<td><span style=\"font-weight: 400;\">88.5 dB at 2.83 V\/m<\/span><\/td>\n<\/tr>\n<tr>\n<td><b>Suitable for amplifiers from<\/b><\/td>\n<td><span style=\"font-weight: 400;\">4\u03a9 &#8211; 8\u03a9<\/span><\/td>\n<\/tr>\n<tr>\n<td><b>Recommended Amplifier Power<\/b><\/td>\n<td><span style=\"font-weight: 400;\">40 &#8211; 250 W\/channel<\/span><\/td>\n<\/tr>\n<tr>\n<td><b>Nominal | Peak Power Handling<\/b><\/td>\n<td><span style=\"font-weight: 400;\">120 W | 160 W<\/span><\/td>\n<\/tr>\n<tr>\n<td><b>Nominal | Minimum Impedance<\/b><\/td>\n<td><span style=\"font-weight: 400;\">4\u03a9 | 3.6\u03a9 at 180 Hz<\/span><\/td>\n<\/tr>\n<tr>\n<td><b>Finishes<\/b><\/td>\n<td><span style=\"font-weight: 400;\">Black High Gloss, White High Gloss, Walnut High Gloss<\/span><\/td>\n<\/tr>\n<tr>\n<td><b>Height x Width x Depth<\/b><\/td>\n<td><span style=\"font-weight: 400;\">191 x 653 x 233 mm<\/span><\/td>\n<\/tr>\n<tr>\n<td><b>Weight<\/b><\/td>\n<td><span style=\"font-weight: 400;\">11.8 kg<\/span><\/td>\n<\/tr>\n<\/tbody>\n<\/table>\n<p><a href=\"https:\/\/elac.com\/vcc401-2\" target=\"_blank\" rel=\"noopener noreferrer\"><span style=\"color: #0000ff;\">Click aqu\u00ed para m\u00e1s informaci\u00f3n del producto.<\/span><\/a><\/p>\n","protected":false},"excerpt":{"rendered":"<p><b>ELAC Vela VCC401.2<\/b><span style=\"font-weight: 400;\"> es un <\/span><b>altavoz central (center channel)<\/b><span style=\"font-weight: 400;\"> de alta gama con un dise\u00f1o trapezoidal elegante que no solo se ve bien, sino que mejora la dispersi\u00f3n y la claridad del sonido. Con el <\/span><b>tweeter JET 6 Air Motion Transformer<\/b><span style=\"font-weight: 400;\"> de alta respuesta y woofers de <\/span><b>cono de aluminio AS-XR<\/b><span style=\"font-weight: 400;\">, este altavoz central ofrece di\u00e1logos m\u00e1s claros, una imagen frontal precisa y una integraci\u00f3n perfecta con los altavoces frontales de la serie Vela, elevando la experiencia de sonido envolvente en pel\u00edculas y contenido multimedia.<\/span><\/p>\n<ul>\n<li style=\"font-weight: 400;\" aria-level=\"1\"><span style=\"font-weight: 400;\">Altavoz central de <\/span><b>2.5 v\u00edas con bass-reflex<\/b><span style=\"font-weight: 400;\">, optimizado para sistemas multicanal.<\/span><span style=\"font-weight: 400;\"><br \/>\n<\/span><\/li>\n<li style=\"font-weight: 400;\" aria-level=\"1\"><b>Tweeter JET 6 Air Motion Transformer<\/b><span style=\"font-weight: 400;\"> con respuesta extendida y baja distorsi\u00f3n.<\/span><span style=\"font-weight: 400;\"><br \/>\n<\/span><\/li>\n<li style=\"font-weight: 400;\" aria-level=\"1\"><b>2 woofers de 150 mm con cono AS-XR<\/b><span style=\"font-weight: 400;\"> para medios y bajos precisos.<\/span><span style=\"font-weight: 400;\"><br \/>\n<\/span><\/li>\n<li style=\"font-weight: 400;\" aria-level=\"1\"><b>Respuesta de frecuencia:<\/b><span style=\"font-weight: 400;\"> 32 Hz \u2013 50 kHz, para una reproducci\u00f3n detallada y amplia.<\/span><span style=\"font-weight: 400;\"><br \/>\n<\/span><\/li>\n<li style=\"font-weight: 400;\" aria-level=\"1\"><b>Sensibilidad:<\/b><span style=\"font-weight: 400;\"> 88.5 dB y compatible con amplificadores de <\/span><b>40 \u2013 250 W<\/b><span style=\"font-weight: 400;\"> por canal.<\/span><span style=\"font-weight: 400;\"><br \/>\n<\/span><\/li>\n<li style=\"font-weight: 400;\" aria-level=\"1\"><span style=\"font-weight: 400;\">Acabados en <\/span><b>negro, blanco o nogal high gloss<\/b><span style=\"font-weight: 400;\"> que combinan con sistemas ELAC Vela.<\/span><\/li>\n<li style=\"font-weight: 400;\" aria-level=\"1\"><span style=\"font-weight: 400;\">Dise\u00f1o con <b>puerto bass-reflex orientado hacia abajo<\/b> para flexibilidad de colocaci\u00f3n y menor ruido de ventilaci\u00f3n.<\/span><\/li>\n<\/ul>\n","protected":false},"featured_media":5844,"template":"","meta":[],"product_cat":[126,123,122,17],"product_tag":[31,196,195,206,40],"_links":{"self":[{"href":"https:\/\/baflesoviedo.com\/home\/wp-json\/wp\/v2\/product\/5843"}],"collection":[{"href":"https:\/\/baflesoviedo.com\/home\/wp-json\/wp\/v2\/product"}],"about":[{"href":"https:\/\/baflesoviedo.com\/home\/wp-json\/wp\/v2\/types\/product"}],"wp:featuredmedia":[{"embeddable":true,"href":"https:\/\/baflesoviedo.com\/home\/wp-json\/wp\/v2\/media\/5844"}],"wp:attachment":[{"href":"https:\/\/baflesoviedo.com\/home\/wp-json\/wp\/v2\/media?parent=5843"}],"wp:term":[{"taxonomy":"product_cat","embeddable":true,"href":"https:\/\/baflesoviedo.com\/home\/wp-json\/wp\/v2\/product_cat?post=5843"},{"taxonomy":"product_tag","embeddable":true,"href":"https:\/\/baflesoviedo.com\/home\/wp-json\/wp\/v2\/product_tag?post=5843"}],"curies":[{"name":"wp","href":"https:\/\/api.w.org\/{rel}","templated":true}]}}