{"id":5855,"date":"2026-01-16T02:07:30","date_gmt":"2026-01-16T02:07:30","guid":{"rendered":"https:\/\/baflesoviedo.com\/home\/?post_type=product&#038;p=5855"},"modified":"2026-01-16T02:07:31","modified_gmt":"2026-01-16T02:07:31","slug":"elac-vela-vbs403-2-altavoz-librero","status":"publish","type":"product","link":"https:\/\/baflesoviedo.com\/home\/product\/elac-vela-vbs403-2-altavoz-librero\/","title":{"rendered":"ELAC, Vela VBS403.2, Altavoz Librero"},"content":{"rendered":"<p><b>Especificaciones T\u00e9cnicas<\/b><\/p>\n<p>&nbsp;<\/p>\n<table>\n<tbody>\n<tr>\n<td><b>Type<\/b><\/td>\n<td><span style=\"font-weight: 400;\">2-way, Bass Reflex<\/span><\/td>\n<\/tr>\n<tr>\n<td><b>Woofer<\/b><\/td>\n<td><span style=\"font-weight: 400;\">1 \u00d7 150 mm \u00d8, AS-XR Cone<\/span><\/td>\n<\/tr>\n<tr>\n<td><b>Tweeter<\/b><\/td>\n<td><span style=\"font-weight: 400;\">JET 6<\/span><\/td>\n<\/tr>\n<tr>\n<td><b>Magnetic Shielding<\/b><\/td>\n<td><span style=\"font-weight: 400;\">No<\/span><\/td>\n<\/tr>\n<tr>\n<td><b>Crossover Frequency<\/b><\/td>\n<td><span style=\"font-weight: 400;\">2400 Hz<\/span><\/td>\n<\/tr>\n<tr>\n<td><b>Frequency Range (IEC 268-5)<\/b><\/td>\n<td><span style=\"font-weight: 400;\">41-50000 Hz<\/span><\/td>\n<\/tr>\n<tr>\n<td><b>Sensitivity<\/b><\/td>\n<td><span style=\"font-weight: 400;\">86 dB at 2.83 V\/m<\/span><\/td>\n<\/tr>\n<tr>\n<td><b>Suitable for amplifiers from<\/b><\/td>\n<td><span style=\"font-weight: 400;\">4\u03a9 &#8211; 8\u03a9<\/span><\/td>\n<\/tr>\n<tr>\n<td><b>Recommended Amplifier Power<\/b><\/td>\n<td><span style=\"font-weight: 400;\">40 &#8211; 200 W\/channel<\/span><\/td>\n<\/tr>\n<tr>\n<td><b>Nominal | Peak Power Handling<\/b><\/td>\n<td><span style=\"font-weight: 400;\">70 W | 100 W<\/span><\/td>\n<\/tr>\n<tr>\n<td><b>Nominal | Minimum Impedance<\/b><\/td>\n<td><span style=\"font-weight: 400;\">4\u03a9 | 3.2\u03a9 at 260 Hz<\/span><\/td>\n<\/tr>\n<tr>\n<td><b>Finishes<\/b><\/td>\n<td><span style=\"font-weight: 400;\">Black High Gloss, White High Gloss, Walnut High Gloss<\/span><\/td>\n<\/tr>\n<tr>\n<td><b>Optional Accessory<\/b><\/td>\n<td><span style=\"font-weight: 400;\">Speaker Grilles<\/span><\/td>\n<\/tr>\n<tr>\n<td><b>Height x Width x Depth<\/b><\/td>\n<td><span style=\"font-weight: 400;\">362 \u00d7 191 \u00d7 240 mm<\/span><\/td>\n<\/tr>\n<tr>\n<td><b>Weight<\/b><\/td>\n<td><span style=\"font-weight: 400;\">7.1 kg<\/span><\/td>\n<\/tr>\n<\/tbody>\n<\/table>\n<p><a href=\"https:\/\/elac.com\/vbs403-2\" target=\"_blank\" rel=\"noopener noreferrer\"><span style=\"color: #0000ff;\">Click aqu\u00ed para m\u00e1s informaci\u00f3n del producto.<\/span><\/a><\/p>\n","protected":false},"excerpt":{"rendered":"<p><b>ELAC Vela VBS403.2<\/b><span style=\"font-weight: 400;\"> es un <\/span><b>altavoz de librero (bookshelf)<\/b><span style=\"font-weight: 400;\"> dise\u00f1ado para ofrecer <\/span><b>sonido claro, detallado y din\u00e1mico<\/b><span style=\"font-weight: 400;\"> en espacios de escucha compactos o junto a sistemas m\u00e1s grandes, con un elegante gabinete trapezoidal y acabados <\/span><b>high gloss<\/b><span style=\"font-weight: 400;\"> que se integran f\u00e1cilmente en cualquier sala. Equipado con el <\/span><b>tweeter JET 6 Air Motion Transformer<\/b><span style=\"font-weight: 400;\"> y un woofer de <\/span><b>cono de aluminio sandwich AS-XR<\/b><span style=\"font-weight: 400;\">, este monitor entrega una reproducci\u00f3n musical precisa y equilibrada, ideal para m\u00fasica, cine en casa o sistemas est\u00e9reo exigentes.<\/span><\/p>\n<ul>\n<li style=\"font-weight: 400;\" aria-level=\"1\"><span style=\"font-weight: 400;\">Altavoz de <\/span><b>2 v\u00edas con bass-reflex<\/b><span style=\"font-weight: 400;\"> pensado para claridad y precisi\u00f3n sonora.<\/span><span style=\"font-weight: 400;\">\n<p><\/span><\/li>\n<li style=\"font-weight: 400;\" aria-level=\"1\"><b>Tweeter JET 6 Air Motion Transformer<\/b><span style=\"font-weight: 400;\"> para agudos n\u00edtidos y detallados.<\/span><span style=\"font-weight: 400;\">\n<p><\/span><\/li>\n<li style=\"font-weight: 400;\" aria-level=\"1\"><b>Woofer de 150 mm con cono AS-XR<\/b><span style=\"font-weight: 400;\"> para medios y graves limpios y controlados.<\/span><span style=\"font-weight: 400;\">\n<p><\/span><\/li>\n<li style=\"font-weight: 400;\" aria-level=\"1\"><span style=\"font-weight: 400;\">Respuesta de frecuencia amplia (~41 Hz \u2013 50 kHz) para m\u00fasica con detalle y extensi\u00f3n.<\/span><span style=\"font-weight: 400;\">\n<p><\/span><\/li>\n<li style=\"font-weight: 400;\" aria-level=\"1\"><span style=\"font-weight: 400;\">Sensibilidad ~86 dB y potencia recomendada <\/span><i><span style=\"font-weight: 400;\">40 \u2013 200 W<\/span><\/i><span style=\"font-weight: 400;\"> por canal, compatible con muchos amplificadores.<\/span><span style=\"font-weight: 400;\">\n<p><\/span><\/li>\n<li style=\"font-weight: 400;\" aria-level=\"1\"><b>Baffle convexo<\/b><span style=\"font-weight: 400;\"> y puerto bass-reflex orientado hacia abajo para mejor dispersi\u00f3n y colocaci\u00f3n.<\/span><span style=\"font-weight: 400;\">\n<p><\/span><\/li>\n<li style=\"font-weight: 400;\" aria-level=\"1\"><span style=\"font-weight: 400;\">Acabados premium en <\/span><b>negro, blanco o nogal high gloss<\/b><span style=\"font-weight: 400;\"> para est\u00e9tica elegante.\u00a0<\/span><\/li>\n<\/ul>\n","protected":false},"featured_media":5856,"template":"","meta":[],"product_cat":[123,122,17],"product_tag":[31,184,195,206,40],"_links":{"self":[{"href":"https:\/\/baflesoviedo.com\/home\/wp-json\/wp\/v2\/product\/5855"}],"collection":[{"href":"https:\/\/baflesoviedo.com\/home\/wp-json\/wp\/v2\/product"}],"about":[{"href":"https:\/\/baflesoviedo.com\/home\/wp-json\/wp\/v2\/types\/product"}],"wp:featuredmedia":[{"embeddable":true,"href":"https:\/\/baflesoviedo.com\/home\/wp-json\/wp\/v2\/media\/5856"}],"wp:attachment":[{"href":"https:\/\/baflesoviedo.com\/home\/wp-json\/wp\/v2\/media?parent=5855"}],"wp:term":[{"taxonomy":"product_cat","embeddable":true,"href":"https:\/\/baflesoviedo.com\/home\/wp-json\/wp\/v2\/product_cat?post=5855"},{"taxonomy":"product_tag","embeddable":true,"href":"https:\/\/baflesoviedo.com\/home\/wp-json\/wp\/v2\/product_tag?post=5855"}],"curies":[{"name":"wp","href":"https:\/\/api.w.org\/{rel}","templated":true}]}}