{"id":5862,"date":"2026-02-05T22:45:33","date_gmt":"2026-02-05T22:45:33","guid":{"rendered":"https:\/\/baflesoviedo.com\/home\/?post_type=product&#038;p=5862"},"modified":"2026-02-05T23:36:10","modified_gmt":"2026-02-05T23:36:10","slug":"ifi-idsd-phantom-dac-streamer-amp-audifonos","status":"publish","type":"product","link":"https:\/\/baflesoviedo.com\/home\/product\/ifi-idsd-phantom-dac-streamer-amp-audifonos\/","title":{"rendered":"iFi, iDSD Phantom, DAC + Streamer + Amp. Aud\u00edfonos"},"content":{"rendered":"<p class=\"p1\"><b>Especificaciones T\u00e9cnicas:<\/b><\/p>\n<table class=\"t1\" cellspacing=\"0\" cellpadding=\"0\">\n<tbody>\n<tr>\n<td class=\"td1\" valign=\"middle\">\n<p class=\"p3\"><span class=\"s1\"><b>ANALOGUE INPUTS<\/b><\/span><\/p>\n<\/td>\n<td class=\"td1\" valign=\"middle\">\n<p class=\"p3\"><span class=\"s1\">&#8211;<\/span><\/p>\n<\/td>\n<\/tr>\n<tr>\n<td class=\"td2\" valign=\"middle\">\n<p class=\"p3\"><span class=\"s1\"><b>BALANCED HEADPHONES RMS<\/b><\/span><\/p>\n<\/td>\n<td class=\"td2\" valign=\"middle\">\n<p class=\"p4\">\u22654,676mW\/17.3V (@64\u03a9);<span class=\"Apple-converted-space\">\u00a0<\/span><\/p>\n<p class=\"p3\"><span class=\"s1\">\u2265564mW\/18.4V (@600\u03a9)<\/span><\/p>\n<\/td>\n<\/tr>\n<tr>\n<td class=\"td3\" valign=\"middle\">\n<p class=\"p3\"><span class=\"s1\"><b>BALANCED LINE OUTPUTS VRMS<\/b><\/span><\/p>\n<\/td>\n<td class=\"td3\" valign=\"middle\">\n<p class=\"p3\"><span class=\"s1\">0-4.5V (Hi-Fi); 0-18V (Pro)<\/span><\/p>\n<\/td>\n<\/tr>\n<tr>\n<td class=\"td4\" valign=\"middle\">\n<p class=\"p3\"><span class=\"s1\"><b>DIGITAL INPUTS<\/b><\/span><\/p>\n<\/td>\n<td class=\"td4\" valign=\"middle\">\n<p class=\"p4\">1x USB-B 3.0; 2x USB-A (Host);<span class=\"Apple-converted-space\">\u00a0<\/span><\/p>\n<p class=\"p4\">1x USB-C (Host);<span class=\"Apple-converted-space\">\u00a0<\/span><\/p>\n<p class=\"p4\">1x S\/PDIF (coaxial)<span class=\"Apple-converted-space\">\u00a0<\/span><\/p>\n<p class=\"p4\">1x AES3 (XLR);<span class=\"Apple-converted-space\">\u00a0<\/span><\/p>\n<p class=\"p4\">1x RJ45;<span class=\"Apple-converted-space\">\u00a0<\/span><\/p>\n<p class=\"p4\">1x M12;<span class=\"Apple-converted-space\">\u00a0<\/span><\/p>\n<p class=\"p4\">1x Optical (SC);<span class=\"Apple-converted-space\">\u00a0<\/span><\/p>\n<p class=\"p3\"><span class=\"s1\">1x BNC (Sync in)<\/span><\/p>\n<\/td>\n<\/tr>\n<tr>\n<td class=\"td5\" valign=\"middle\">\n<p class=\"p3\"><span class=\"s1\"><b>DIMENSIONS<\/b><\/span><\/p>\n<\/td>\n<td class=\"td5\" valign=\"middle\">\n<p class=\"p3\"><span class=\"s1\">256 x 185 x 120mm<\/span><\/p>\n<\/td>\n<\/tr>\n<tr>\n<td class=\"td6\" valign=\"middle\">\n<p class=\"p3\"><span class=\"s1\"><b>DNR 10 20KHZ<\/b><\/span><\/p>\n<\/td>\n<td class=\"td6\" valign=\"middle\">\n<p class=\"p4\">\u2265116dBA @ 600\u03a9 Balanced;<span class=\"Apple-converted-space\">\u00a0<\/span><\/p>\n<p class=\"p3\"><span class=\"s1\">\u2265115dBA @ 600\u03a9 Single-Ended<\/span><\/p>\n<\/td>\n<\/tr>\n<tr>\n<td class=\"td7\" valign=\"middle\">\n<p class=\"p3\"><span class=\"s1\"><b>HEADPHONE OUTPUT<\/b><\/span><\/p>\n<\/td>\n<td class=\"td7\" valign=\"middle\">\n<p class=\"p4\">1x 3.5mm S-Balanced;<span class=\"Apple-converted-space\">\u00a0<\/span><\/p>\n<p class=\"p4\">1x 4.4mm Balanced;<span class=\"Apple-converted-space\">\u00a0<\/span><\/p>\n<p class=\"p4\">1x 4-pin XLR;<span class=\"Apple-converted-space\">\u00a0<\/span><\/p>\n<p class=\"p4\">1x 3-pin XLR (L\/R);<span class=\"Apple-converted-space\">\u00a0<\/span><\/p>\n<p class=\"p4\">1x 6.3mm (positive phase);<span class=\"Apple-converted-space\">\u00a0<\/span><\/p>\n<p class=\"p3\"><span class=\"s1\">1x 6.3mm (inverted phase)<\/span><\/p>\n<\/td>\n<\/tr>\n<tr>\n<td class=\"td2\" valign=\"middle\">\n<p class=\"p3\"><span class=\"s1\"><b>HI-RES SUPPORT<\/b><\/span><\/p>\n<\/td>\n<td class=\"td2\" valign=\"middle\">\n<p class=\"p3\"><span class=\"s1\">PCM 768kHz; DSD512 (DSD2048 with Remastering)<\/span><\/p>\n<\/td>\n<\/tr>\n<tr>\n<td class=\"td3\" valign=\"middle\">\n<p class=\"p3\"><span class=\"s1\"><b>LINE OUTPUTS<\/b><\/span><\/p>\n<\/td>\n<td class=\"td3\" valign=\"middle\">\n<p class=\"p3\"><span class=\"s1\">1x Balanced XLR (L\/R); 1x RCA (L\/R)<\/span><\/p>\n<\/td>\n<\/tr>\n<tr>\n<td class=\"td8\" valign=\"middle\">\n<p class=\"p3\"><span class=\"s1\"><b>NET WEIGHT<\/b><\/span><\/p>\n<\/td>\n<td class=\"td8\" valign=\"middle\">\n<p class=\"p3\"><span class=\"s1\">3.6kg (7.93 lbs)<\/span><\/p>\n<\/td>\n<\/tr>\n<tr>\n<td class=\"td9\" valign=\"middle\">\n<p class=\"p3\"><span class=\"s1\"><b>OUTPUT NOISE MAX OUTPUT 20 20KHZ<\/b><\/span><\/p>\n<\/td>\n<td class=\"td9\" valign=\"middle\">\n<p class=\"p4\">&lt;30uV(A) @ 600\u03a9 Balanced;<span class=\"Apple-converted-space\">\u00a0<\/span><\/p>\n<p class=\"p3\"><span class=\"s1\">&lt;20uV(A) @ 600\u03a9 Single-Ended<\/span><\/p>\n<\/td>\n<\/tr>\n<tr>\n<td class=\"td10\" valign=\"middle\">\n<p class=\"p3\"><span class=\"s1\"><b>POWER CONSUMPTION<\/b><\/span><\/p>\n<\/td>\n<td class=\"td10\" valign=\"middle\">\n<p class=\"p3\"><span class=\"s1\">&lt;27W idle; 75W max.<\/span><\/p>\n<\/td>\n<\/tr>\n<tr>\n<td class=\"td11\" valign=\"middle\">\n<p class=\"p3\"><span class=\"s1\"><b>SINGLE ENDED HEADPHONES RMS<\/b><\/span><\/p>\n<\/td>\n<td class=\"td11\" valign=\"middle\">\n<p class=\"p4\">\u22652,311mW\/8.6V (@32\u03a9);<span class=\"Apple-converted-space\">\u00a0<\/span><\/p>\n<p class=\"p3\"><span class=\"s1\">\u2265144mW\/9.3V (@600\u03a9)<\/span><\/p>\n<\/td>\n<\/tr>\n<tr>\n<td class=\"td12\" valign=\"middle\">\n<p class=\"p3\"><span class=\"s1\"><b>SINGLE ENDED LINE OUTPUTS VRMS<\/b><\/span><\/p>\n<\/td>\n<td class=\"td12\" valign=\"middle\">\n<p class=\"p3\"><span class=\"s1\">0-2.2V (Hi-Fi); 0-9V (Pro)<\/span><\/p>\n<\/td>\n<\/tr>\n<tr>\n<td class=\"td9\" valign=\"middle\">\n<p class=\"p3\"><span class=\"s1\"><b>SNR MAX OUTPUT 20 20KHZ<\/b><\/span><\/p>\n<\/td>\n<td class=\"td9\" valign=\"middle\">\n<p class=\"p4\">\u2265116dBA @ 600\u03a9 Balanced;<span class=\"Apple-converted-space\">\u00a0<\/span><\/p>\n<p class=\"p3\"><span class=\"s1\">\u2265114dBA @ 600\u03a9 Single-Ended<\/span><\/p>\n<\/td>\n<\/tr>\n<tr>\n<td class=\"td13\" valign=\"middle\">\n<p class=\"p3\"><span class=\"s1\"><b>STREAMING PLATFORMS<\/b><\/span><\/p>\n<\/td>\n<td class=\"td13\" valign=\"middle\">\n<p class=\"p3\"><span class=\"s1\">Tidal Connect, Spotify Connect, Qobuz Connect, Roon, Airplay, DLNA, UPnP<\/span><\/p>\n<\/td>\n<\/tr>\n<tr>\n<td class=\"td14\" valign=\"middle\">\n<p class=\"p3\"><span class=\"s1\"><b>THD+N<\/b><\/span><\/p>\n<\/td>\n<td class=\"td14\" valign=\"middle\">\n<p class=\"p4\">&lt;0.005% @ 16\u03a9 Balanced (2.4V, 20-20kHz);<span class=\"Apple-converted-space\">\u00a0<\/span><\/p>\n<p class=\"p3\"><span class=\"s1\">&lt;0.01% @ 16\u03a9 (1.27V, 20-20kHz)<\/span><\/p>\n<\/td>\n<\/tr>\n<\/tbody>\n<\/table>\n<p><a href=\"https:\/\/ifi-audio.com\/products\/idsd-phantom\" target=\"_blank\" rel=\"noopener noreferrer\"><span style=\"color: #0000ff;\">Click aqu\u00ed para m\u00e1s informaci\u00f3n del producto.<\/span><\/a><\/p>\n","protected":false},"excerpt":{"rendered":"<p class=\"p1\">El <b>iFi iDSD Phantom<\/b> es un sistema de audio <b>todo en uno<\/b> que combina un DAC de referencia, un streamer de ultra-resoluci\u00f3n y un amplificador de auriculares <b>sumamente poderoso<\/b>, dise\u00f1ado para ofrecer una experiencia musical envolvente sin compromisos. Con tecnolog\u00eda de remasterizaci\u00f3n de estudio DSD2048, este equipo eleva cualquier archivo digital al nivel de grabaci\u00f3n profesional. Su versatilidad y potencia lo convierten en el coraz\u00f3n definitivo de tu sistema de audio de alta fidelidad.<span class=\"Apple-converted-space\">\u00a0<\/span><\/p>\n<ul class=\"ul1\">\n<li class=\"li1\"><b>Calidad de estudio con DSD2048<\/b>: Remasteriza tus pistas a ultra-alta resoluci\u00f3n con tecnolog\u00eda FPGA personalizada, acercando el sonido a una masterizaci\u00f3n profesional.<span class=\"Apple-converted-space\">\u00a0<\/span><\/li>\n<li class=\"li1\"><b>Potente amplificador de auriculares<\/b>: Hasta <b>7 747 mW<\/b> de salida m\u00e1xima pueden manejar incluso los auriculares m\u00e1s exigentes sin dificultad.<span class=\"Apple-converted-space\">\u00a0<\/span><\/li>\n<li class=\"li1\"><b>Tres modos de sonido en uno<\/b>: Cambia en tiempo real entre modos <span class=\"s1\">Estado S\u00f3lido<\/span>, <span class=\"s1\">V\u00e1lvulas<\/span> o <span class=\"s1\">V\u00e1lvulas+ <\/span>para personalizar la respuesta y el car\u00e1cter de tu audio.<span class=\"Apple-converted-space\">\u00a0<\/span><\/li>\n<li class=\"li1\"><b>Streaming integrado de alta resoluci\u00f3n<\/b>: Compatible con Qobuz Connect, Tidal Connect, Spotify Connect, AirPlay 2 y m\u00e1s, con control desde la app Nexis.<span class=\"Apple-converted-space\">\u00a0<\/span><\/li>\n<li class=\"li1\"><b>Procesamiento avanzado y expansi\u00f3n sonora<\/b>: Incluye tecnolog\u00edas XBass Pro y XSpace Pro para realzar graves y escena sonora sin sacrificar claridad.<\/li>\n<\/ul>\n","protected":false},"featured_media":5863,"template":"","meta":[],"product_cat":[139,130,20],"product_tag":[163,203,57,185,224,219,67],"_links":{"self":[{"href":"https:\/\/baflesoviedo.com\/home\/wp-json\/wp\/v2\/product\/5862"}],"collection":[{"href":"https:\/\/baflesoviedo.com\/home\/wp-json\/wp\/v2\/product"}],"about":[{"href":"https:\/\/baflesoviedo.com\/home\/wp-json\/wp\/v2\/types\/product"}],"wp:featuredmedia":[{"embeddable":true,"href":"https:\/\/baflesoviedo.com\/home\/wp-json\/wp\/v2\/media\/5863"}],"wp:attachment":[{"href":"https:\/\/baflesoviedo.com\/home\/wp-json\/wp\/v2\/media?parent=5862"}],"wp:term":[{"taxonomy":"product_cat","embeddable":true,"href":"https:\/\/baflesoviedo.com\/home\/wp-json\/wp\/v2\/product_cat?post=5862"},{"taxonomy":"product_tag","embeddable":true,"href":"https:\/\/baflesoviedo.com\/home\/wp-json\/wp\/v2\/product_tag?post=5862"}],"curies":[{"name":"wp","href":"https:\/\/api.w.org\/{rel}","templated":true}]}}