{"id":5868,"date":"2026-02-05T22:56:47","date_gmt":"2026-02-05T22:56:47","guid":{"rendered":"https:\/\/baflesoviedo.com\/home\/?post_type=product&#038;p=5868"},"modified":"2026-02-05T22:56:48","modified_gmt":"2026-02-05T22:56:48","slug":"pro-ject-cd-box-rs2-t-reproductor-cd","status":"publish","type":"product","link":"https:\/\/baflesoviedo.com\/home\/product\/pro-ject-cd-box-rs2-t-reproductor-cd\/","title":{"rendered":"Pro-Ject, CD Box RS2 T, Reproductor CD"},"content":{"rendered":"<p class=\"p1\"><b>Especificaciones T\u00e9cnicas:<\/b><\/p>\n<table class=\"t1\" cellspacing=\"0\" cellpadding=\"0\">\n<tbody>\n<tr>\n<td class=\"td1\" valign=\"middle\">\n<p class=\"p3\"><b>Supports:<\/b><\/p>\n<\/td>\n<td class=\"td2\" valign=\"middle\">\n<p class=\"p3\">Red Book CD-DA<\/p>\n<\/td>\n<\/tr>\n<tr>\n<td class=\"td3\" valign=\"middle\">\n<p class=\"p3\"><b>Tubes:<\/b><\/p>\n<\/td>\n<td class=\"td4\" valign=\"middle\">\n<p class=\"p3\">2x E88CC<\/p>\n<\/td>\n<\/tr>\n<tr>\n<td class=\"td5\" valign=\"middle\">\n<p class=\"p3\"><b>Digital outputs (S\/PDIF):<\/b><\/p>\n<\/td>\n<td class=\"td6\" valign=\"middle\">\n<p class=\"p3\">1 x optical (TOSlink\u00ae), 1 x coaxial (RCA socket)<\/p>\n<\/td>\n<\/tr>\n<tr>\n<td class=\"td7\" valign=\"middle\">\n<p class=\"p3\"><b>Analog outputs:<\/b><\/p>\n<\/td>\n<td class=\"td8\" valign=\"middle\">\n<p class=\"p3\">1x RCA, 1 x balanced XLR<\/p>\n<\/td>\n<\/tr>\n<tr>\n<td class=\"td9\" valign=\"middle\">\n<p class=\"p3\"><b>Digital to Analog converter:<\/b><\/p>\n<\/td>\n<td class=\"td10\" valign=\"middle\">\n<p class=\"p3\">PCM1796<\/p>\n<\/td>\n<\/tr>\n<tr>\n<td class=\"td7\" valign=\"middle\">\n<p class=\"p3\"><b>Outboard power supply:<\/b><\/p>\n<\/td>\n<td class=\"td8\" valign=\"middle\">\n<p class=\"p3\">20V\/3000mA DC; 100 &#8211; 240V, 50\/60Hz<\/p>\n<\/td>\n<\/tr>\n<tr>\n<td class=\"td1\" valign=\"middle\">\n<p class=\"p3\"><b>Power consumption:<\/b><\/p>\n<\/td>\n<td class=\"td2\" valign=\"middle\">\n<p class=\"p3\">20 W max.; &lt;0.5W in standby<\/p>\n<\/td>\n<\/tr>\n<tr>\n<td class=\"td3\" valign=\"middle\">\n<p class=\"p3\"><b>Replacement battery remote control:<\/b><\/p>\n<\/td>\n<td class=\"td4\" valign=\"middle\">\n<p class=\"p3\">1 x CR2032 \/ 3V or 1 x CR2025 \/ 3V<\/p>\n<\/td>\n<\/tr>\n<tr>\n<td class=\"td1\" valign=\"middle\">\n<p class=\"p3\"><b>Dimensions W x H x D (D with sockets):<\/b><\/p>\n<\/td>\n<td class=\"td2\" valign=\"middle\">\n<p class=\"p3\">206 x 84 x 200 (210)mm<\/p>\n<\/td>\n<\/tr>\n<tr>\n<td class=\"td3\" valign=\"middle\">\n<p class=\"p3\"><b>Weight:<\/b><\/p>\n<\/td>\n<td class=\"td4\" valign=\"middle\">\n<p class=\"p3\">3.200g without power supply<\/p>\n<\/td>\n<\/tr>\n<\/tbody>\n<\/table>\n<p><a href=\"https:\/\/www.project-audio.com\/en\/product\/cd-box-rs2-tube\/\" target=\"_blank\" rel=\"noopener noreferrer\"><span style=\"color: #0000ff;\">Click aqu\u00ed para m\u00e1s informaci\u00f3n del producto.<\/span><\/a><\/p>\n","protected":false},"excerpt":{"rendered":"<p class=\"p1\">El <b>Pro-Ject CD Box RS2 Tube<\/b> es un reproductor de <b>CD de alta gama,<\/b> dise\u00f1ado para quienes buscan sonido detallado, musical y lleno de car\u00e1cter anal\u00f3gico sin renunciar a la precisi\u00f3n digital. Con un mecanismo de tracci\u00f3n superior, DAC de calidad y una etapa de salida con <b>tubos balanceados<\/b>, ofrece una experiencia auditiva emocional y envolvente. Su construcci\u00f3n en aluminio s\u00f3lido refleja una ingenier\u00eda europea cuidadosa, pensada para integrar con sistemas exigentes. Es una invitaci\u00f3n a redescubrir tu colecci\u00f3n de CDs bajo una nueva dimensi\u00f3n sonora.<span class=\"Apple-converted-space\">\u00a0<\/span><\/p>\n<ul class=\"ul1\">\n<li class=\"li1\">Mecanismo <b>Red Book top-loading con SUOS DM-3381<\/b>, dise\u00f1ado para minimizar vibraciones y asegurar lectura precisa y fiable de cada disco.<span class=\"Apple-converted-space\">\u00a0<\/span><\/li>\n<li class=\"li1\">Etapa de salida con <b>2 tubos E88CC totalmente balanceados<\/b>, que aporta calidez, fluidez y estructura arm\u00f3nica m\u00e1s natural frente a la reproducci\u00f3n digital t\u00edpica.<span class=\"Apple-converted-space\">\u00a0<\/span><\/li>\n<li class=\"li1\"><b>DAC Texas Instruments PCM1796<\/b> de alto nivel en configuraci\u00f3n diferencial, para una conversi\u00f3n digital-anal\u00f3gica clara y detallada.<span class=\"Apple-converted-space\">\u00a0<\/span><\/li>\n<li class=\"li1\">Conectividad vers\u00e1til con salidas <b>anal\u00f3gicas (RCA y XLR balanceadas)<\/b> y <b>digitales (\u00f3ptica y coaxial)<\/b> para adaptarse a diferentes sistemas y preferencias.<span class=\"Apple-converted-space\">\u00a0<\/span><\/li>\n<li class=\"li1\">Dise\u00f1o robusto con carcasa de aluminio, pantalla LCD intuitiva y control remoto de aluminio para una integraci\u00f3n premium en cualquier rack de audio.<\/li>\n<\/ul>\n","protected":false},"featured_media":5869,"template":"","meta":[],"product_cat":[130,20],"product_tag":[189,185,56],"_links":{"self":[{"href":"https:\/\/baflesoviedo.com\/home\/wp-json\/wp\/v2\/product\/5868"}],"collection":[{"href":"https:\/\/baflesoviedo.com\/home\/wp-json\/wp\/v2\/product"}],"about":[{"href":"https:\/\/baflesoviedo.com\/home\/wp-json\/wp\/v2\/types\/product"}],"wp:featuredmedia":[{"embeddable":true,"href":"https:\/\/baflesoviedo.com\/home\/wp-json\/wp\/v2\/media\/5869"}],"wp:attachment":[{"href":"https:\/\/baflesoviedo.com\/home\/wp-json\/wp\/v2\/media?parent=5868"}],"wp:term":[{"taxonomy":"product_cat","embeddable":true,"href":"https:\/\/baflesoviedo.com\/home\/wp-json\/wp\/v2\/product_cat?post=5868"},{"taxonomy":"product_tag","embeddable":true,"href":"https:\/\/baflesoviedo.com\/home\/wp-json\/wp\/v2\/product_tag?post=5868"}],"curies":[{"name":"wp","href":"https:\/\/api.w.org\/{rel}","templated":true}]}}