{"id":5877,"date":"2026-02-05T23:14:19","date_gmt":"2026-02-05T23:14:19","guid":{"rendered":"https:\/\/baflesoviedo.com\/home\/?post_type=product&#038;p=5877"},"modified":"2026-02-05T23:36:57","modified_gmt":"2026-02-05T23:36:57","slug":"pro-ject-head-box-ds3-b-amplificador-audifonos","status":"publish","type":"product","link":"https:\/\/baflesoviedo.com\/home\/product\/pro-ject-head-box-ds3-b-amplificador-audifonos\/","title":{"rendered":"Pro-Ject, Head Box DS3 B, Amplificador Aud\u00edfonos"},"content":{"rendered":"<p class=\"p1\"><b>Especificaciones T\u00e9cnicas:<\/b><\/p>\n<table class=\"t1\" cellspacing=\"0\" cellpadding=\"0\">\n<tbody>\n<tr>\n<td class=\"td1\" valign=\"middle\">\n<p class=\"p3\"><b>Max. power output:<\/b><\/p>\n<\/td>\n<td class=\"td2\" valign=\"middle\">\n<p class=\"p3\">510mW \/ 8 Ohm, 900mW \/ 16 Ohm, 1500mW \/ 32 Ohm, 560mW \/ 300 Ohm<\/p>\n<\/td>\n<\/tr>\n<tr>\n<td class=\"td3\" valign=\"middle\">\n<p class=\"p3\"><b>Headphones output:<\/b><\/p>\n<\/td>\n<td class=\"td4\" valign=\"middle\">\n<p class=\"p3\">3.5mm, 6.3mm, 4.4mm balanced, 4 pin balanced XLR<\/p>\n<\/td>\n<\/tr>\n<tr>\n<td class=\"td5\" valign=\"middle\">\n<p class=\"p3\"><b>SNR:<\/b><\/p>\n<\/td>\n<td class=\"td6\" valign=\"middle\">\n<p class=\"p3\">&gt; 118dB \u201eA\u201c-wt. at 1kHz<\/p>\n<\/td>\n<\/tr>\n<tr>\n<td class=\"td7\" valign=\"middle\">\n<p class=\"p3\"><b>THD:<\/b><\/p>\n<\/td>\n<td class=\"td8\" valign=\"middle\">\n<p class=\"p3\">&lt; 0,002% at 1kHz @ 500mV Input<\/p>\n<\/td>\n<\/tr>\n<tr>\n<td class=\"td9\" valign=\"middle\">\n<p class=\"p3\"><b>Crosstalk:<\/b><\/p>\n<\/td>\n<td class=\"td10\" valign=\"middle\">\n<p class=\"p3\">&lt; -83dB at 10kHz<\/p>\n<\/td>\n<\/tr>\n<tr>\n<td class=\"td7\" valign=\"middle\">\n<p class=\"p3\"><b>Gain:<\/b><\/p>\n<\/td>\n<td class=\"td8\" valign=\"middle\">\n<p class=\"p3\">12dB \/ 6dB (RCA In \/XLR In)<\/p>\n<\/td>\n<\/tr>\n<tr>\n<td class=\"td5\" valign=\"middle\">\n<p class=\"p3\"><b>Frequency response:<\/b><\/p>\n<\/td>\n<td class=\"td6\" valign=\"middle\">\n<p class=\"p3\">&lt; -0,2dB at 20Hz &#8211; 20kHz<\/p>\n<\/td>\n<\/tr>\n<tr>\n<td class=\"td3\" valign=\"middle\">\n<p class=\"p3\"><b>Analogue inputs:<\/b><\/p>\n<\/td>\n<td class=\"td4\" valign=\"middle\">\n<p class=\"p3\">1 pair RCA\/Cinch, 1 pair XLR<\/p>\n<\/td>\n<\/tr>\n<tr>\n<td class=\"td5\" valign=\"middle\">\n<p class=\"p3\"><b>Analogue loop outputs:<\/b><\/p>\n<\/td>\n<td class=\"td6\" valign=\"middle\">\n<p class=\"p3\">1 pair RCA<\/p>\n<\/td>\n<\/tr>\n<tr>\n<td class=\"td3\" valign=\"middle\">\n<p class=\"p3\"><b>Headphone impedance:<\/b><\/p>\n<\/td>\n<td class=\"td4\" valign=\"middle\">\n<p class=\"p3\">min. 8 Ohms<\/p>\n<\/td>\n<\/tr>\n<tr>\n<td class=\"td5\" valign=\"middle\">\n<p class=\"p3\"><b>Power supply:<\/b><\/p>\n<\/td>\n<td class=\"td6\" valign=\"middle\">\n<p class=\"p3\">18V\/1A DC, 110-240V, 50\/60Hz<\/p>\n<\/td>\n<\/tr>\n<tr>\n<td class=\"td7\" valign=\"middle\">\n<p class=\"p3\"><b>Standby Power consumption:<\/b><\/p>\n<\/td>\n<td class=\"td8\" valign=\"middle\">\n<p class=\"p3\">&lt; 0,5W<\/p>\n<\/td>\n<\/tr>\n<tr>\n<td class=\"td9\" valign=\"middle\">\n<p class=\"p3\"><b>Dimensions W x H x D:<\/b><\/p>\n<\/td>\n<td class=\"td10\" valign=\"middle\">\n<p class=\"p3\">206 x 70 x 194 (218) mm<\/p>\n<\/td>\n<\/tr>\n<tr>\n<td class=\"td7\" valign=\"middle\">\n<p class=\"p3\"><b>Weight:<\/b><\/p>\n<\/td>\n<td class=\"td8\" valign=\"middle\">\n<p class=\"p3\">1 430 g without power supply<\/p>\n<\/td>\n<\/tr>\n<\/tbody>\n<\/table>\n<p><a href=\"https:\/\/www.project-audio.com\/en\/product\/head-box-ds3-b\/\" target=\"_blank\" rel=\"noopener noreferrer\"><span style=\"color: #0000ff;\">Click aqu\u00ed para m\u00e1s informaci\u00f3n del producto.<\/span><\/a><\/p>\n","protected":false},"excerpt":{"rendered":"<p class=\"p1\">El <b>Pro-Ject Head Box DS3 B<\/b> es un amplificador de aud\u00edfonos <b>de alta gama y dise\u00f1o totalmente balanceado,<\/b> pensado para quienes buscan potencia, control y limpieza sonora sin concesiones. Su topolog\u00eda de amplificaci\u00f3n <b>discreta<\/b> ofrece una din\u00e1mica excepcional y reservas de energ\u00eda capaces de mover incluso auriculares complicados de conducir, manteniendo la fidelidad y separaci\u00f3n de canales. Fabricado en Europa con una construcci\u00f3n robusta de aluminio, encaja tanto en sistemas de escritorio exigentes como en configuraciones Hi-Fi serias. Es una propuesta s\u00f3lida para audi\u00f3filos y amantes del sonido detallado.<span class=\"Apple-converted-space\">\u00a0<\/span><\/p>\n<ul class=\"ul1\">\n<li class=\"li1\"><b>Dise\u00f1o totalmente balanceado y discreto<\/b>: Cadena de se\u00f1al completamente balanceada desde las entradas RCA\/XLR hasta las salidas de auriculares, para m\u00ednima distorsi\u00f3n y m\u00e1xima separaci\u00f3n de canales.<span class=\"Apple-converted-space\">\u00a0<\/span><\/li>\n<li class=\"li1\"><b>Salida de alta potencia<\/b>: Hasta <b>1500 mW<\/b> de potencia en 32 ohm para ofrecer autoridad y control incluso con auriculares de baja sensibilidad.<span class=\"Apple-converted-space\">\u00a0<\/span><\/li>\n<li class=\"li1\"><b>Conectividad vers\u00e1til<\/b>: Salidas balanceadas (4.4 mm Pentaconn y XLR) y salidas no balanceadas (3.5 mm y 6.3 mm), junto a entradas RCA y XLR para adaptarse a m\u00faltiples fuentes.<span class=\"Apple-converted-space\">\u00a0<\/span><\/li>\n<li class=\"li1\"><b>Respuesta y precisi\u00f3n t\u00e9cnica<\/b>: Relaci\u00f3n se\u00f1al\/ruido superior a 118 dB y distorsi\u00f3n extremadamente baja, manteniendo detalles finos sin colorear la m\u00fasica.<span class=\"Apple-converted-space\">\u00a0<\/span><\/li>\n<li class=\"li1\"><b>Construcci\u00f3n premium Made in Europe<\/b>: Chasis totalmente de aluminio para estabilidad mec\u00e1nica, blindaje contra interferencias y una est\u00e9tica sobria que complementa cualquier set de audio.<span class=\"Apple-converted-space\">\u00a0<\/span><\/li>\n<\/ul>\n","protected":false},"featured_media":5878,"template":"","meta":[],"product_cat":[139,130,19],"product_tag":[163,203,40,56],"_links":{"self":[{"href":"https:\/\/baflesoviedo.com\/home\/wp-json\/wp\/v2\/product\/5877"}],"collection":[{"href":"https:\/\/baflesoviedo.com\/home\/wp-json\/wp\/v2\/product"}],"about":[{"href":"https:\/\/baflesoviedo.com\/home\/wp-json\/wp\/v2\/types\/product"}],"wp:featuredmedia":[{"embeddable":true,"href":"https:\/\/baflesoviedo.com\/home\/wp-json\/wp\/v2\/media\/5878"}],"wp:attachment":[{"href":"https:\/\/baflesoviedo.com\/home\/wp-json\/wp\/v2\/media?parent=5877"}],"wp:term":[{"taxonomy":"product_cat","embeddable":true,"href":"https:\/\/baflesoviedo.com\/home\/wp-json\/wp\/v2\/product_cat?post=5877"},{"taxonomy":"product_tag","embeddable":true,"href":"https:\/\/baflesoviedo.com\/home\/wp-json\/wp\/v2\/product_tag?post=5877"}],"curies":[{"name":"wp","href":"https:\/\/api.w.org\/{rel}","templated":true}]}}