{"id":5882,"date":"2026-02-05T23:24:34","date_gmt":"2026-02-05T23:24:34","guid":{"rendered":"https:\/\/baflesoviedo.com\/home\/?post_type=product&#038;p=5882"},"modified":"2026-02-05T23:24:35","modified_gmt":"2026-02-05T23:24:35","slug":"pro-ject-scorpions-turntable-tornamesa-ed-ltd","status":"publish","type":"product","link":"https:\/\/baflesoviedo.com\/home\/product\/pro-ject-scorpions-turntable-tornamesa-ed-ltd\/","title":{"rendered":"Pro-Ject, Scorpions Turntable, Tornamesa Ed. Ltd."},"content":{"rendered":"<p class=\"p1\"><b>Especificaciones T\u00e9cnicas:<\/b><\/p>\n<table class=\"t1\" cellspacing=\"0\" cellpadding=\"0\">\n<tbody>\n<tr>\n<td class=\"td1\" valign=\"middle\">\n<p class=\"p3\"><b>Speed:<\/b><\/p>\n<\/td>\n<td class=\"td2\" valign=\"middle\">\n<p class=\"p3\">33,45 RPM (electronic speed change)<\/p>\n<\/td>\n<\/tr>\n<tr>\n<td class=\"td3\" valign=\"middle\">\n<p class=\"p3\"><b>Principle:<\/b><\/p>\n<\/td>\n<td class=\"td4\" valign=\"middle\">\n<p class=\"p3\">Belt drive<\/p>\n<\/td>\n<\/tr>\n<tr>\n<td class=\"td1\" valign=\"middle\">\n<p class=\"p3\"><b>Speed variance:<\/b><\/p>\n<\/td>\n<td class=\"td2\" valign=\"middle\">\n<p class=\"p3\">33: 0,6% 45: 0,5%<\/p>\n<\/td>\n<\/tr>\n<tr>\n<td class=\"td5\" valign=\"middle\">\n<p class=\"p3\"><b>Wow &amp; Flutter:<\/b><\/p>\n<\/td>\n<td class=\"td6\" valign=\"middle\">\n<p class=\"p3\">33: 0,19% 45: 0,17%<\/p>\n<\/td>\n<\/tr>\n<tr>\n<td class=\"td7\" valign=\"middle\">\n<p class=\"p3\"><b>Platter:<\/b><\/p>\n<\/td>\n<td class=\"td8\" valign=\"middle\">\n<p class=\"p3\">10mm thick, 1,7kg heavy glass platter with felt mat<\/p>\n<\/td>\n<\/tr>\n<tr>\n<td class=\"td5\" valign=\"middle\">\n<p class=\"p3\"><b>Main bearing:<\/b><\/p>\n<\/td>\n<td class=\"td6\" valign=\"middle\">\n<p class=\"p3\">Stainless steel\/brass<\/p>\n<\/td>\n<\/tr>\n<tr>\n<td class=\"td1\" valign=\"middle\">\n<p class=\"p3\"><b>Signal to noise:<\/b><\/p>\n<\/td>\n<td class=\"td2\" valign=\"middle\">\n<p class=\"p3\">67dB<\/p>\n<\/td>\n<\/tr>\n<tr>\n<td class=\"td3\" valign=\"middle\">\n<p class=\"p3\"><b>Tonearm:<\/b><\/p>\n<\/td>\n<td class=\"td4\" valign=\"middle\">\n<p class=\"p3\">9\u201d aluminium<\/p>\n<\/td>\n<\/tr>\n<tr>\n<td class=\"td1\" valign=\"middle\">\n<p class=\"p3\"><b>Effective arm length:<\/b><\/p>\n<\/td>\n<td class=\"td2\" valign=\"middle\">\n<p class=\"p3\">230 mm<\/p>\n<\/td>\n<\/tr>\n<tr>\n<td class=\"td3\" valign=\"middle\">\n<p class=\"p3\"><b>Overhang:<\/b><\/p>\n<\/td>\n<td class=\"td4\" valign=\"middle\">\n<p class=\"p3\">22.0 mm<\/p>\n<\/td>\n<\/tr>\n<tr>\n<td class=\"td1\" valign=\"middle\">\n<p class=\"p3\"><b>Effective tonearm mass:<\/b><\/p>\n<\/td>\n<td class=\"td2\" valign=\"middle\">\n<p class=\"p3\">9.5 g<\/p>\n<\/td>\n<\/tr>\n<tr>\n<td class=\"td9\" valign=\"middle\">\n<p class=\"p3\"><b>Included accessories:<\/b><\/p>\n<\/td>\n<td class=\"td10\" valign=\"middle\">\n<p class=\"p3\">dustcover, feltmat, singles adapter, power supply, RCA cable<\/p>\n<\/td>\n<\/tr>\n<tr>\n<td class=\"td7\" valign=\"middle\">\n<p class=\"p3\"><b>Power Supply:<\/b><\/p>\n<\/td>\n<td class=\"td8\" valign=\"middle\">\n<p class=\"p3\">15V \/ 800 mA DC, universal power supply<\/p>\n<\/td>\n<\/tr>\n<tr>\n<td class=\"td5\" valign=\"middle\">\n<p class=\"p3\"><b>Power consumption:<\/b><\/p>\n<\/td>\n<td class=\"td6\" valign=\"middle\">\n<p class=\"p3\">4,5 W \/ 0 W in Stand-By<\/p>\n<\/td>\n<\/tr>\n<tr>\n<td class=\"td1\" valign=\"middle\">\n<p class=\"p3\"><b>Dimensions:<\/b><\/p>\n<\/td>\n<td class=\"td2\" valign=\"middle\">\n<p class=\"p3\">465 x 135 x 347 mm (WxHxD) (Cover closed)<\/p>\n<\/td>\n<\/tr>\n<tr>\n<td class=\"td3\" valign=\"middle\">\n<p class=\"p3\"><b>Weight:<\/b><\/p>\n<\/td>\n<td class=\"td4\" valign=\"middle\">\n<p class=\"p3\">5,5 kg net<\/p>\n<\/td>\n<\/tr>\n<\/tbody>\n<\/table>\n<p><a href=\"https:\/\/www.project-audio.com\/en\/product\/scorpions-turntable\/\" target=\"_blank\" rel=\"noopener noreferrer\"><span style=\"color: #0000ff;\">Click aqu\u00ed para m\u00e1s informaci\u00f3n del producto.<\/span><\/a><\/p>\n","protected":false},"excerpt":{"rendered":"<p class=\"p1\">El <b>Pro-Ject Scorpions Turntable<\/b> es una <b>edici\u00f3n limitada de alta fidelidad<\/b> que une ingenier\u00eda anal\u00f3gica de nivel con un dise\u00f1o exclusivo inspirado en la legendaria banda de rock Scorpions. Basado en la probada plataforma de tracci\u00f3n por correa T2, este tocadiscos combina precisi\u00f3n mec\u00e1nica con una est\u00e9tica que celebra el ic\u00f3nico \u00e1lbum <i>Blackout<\/i> de 1982, ofreciendo tanto rendimiento como valor de colecci\u00f3n. Fabricado a mano en Europa, est\u00e1 pensado para quienes aprecian sonido detallado y presencia visual en un solo equipo. Es una pieza ideal para audi\u00f3filos, coleccionistas y amantes del vinilo con gusto por el rock cl\u00e1sico.<span class=\"Apple-converted-space\">\u00a0<\/span><\/p>\n<ul class=\"ul1\">\n<li class=\"li1\">Edici\u00f3n limitada con <b>arte exclusivo inspirado en <i>Blackout<\/i><\/b> de Scorpions, combinando estilo visual y legado musical con ingenier\u00eda anal\u00f3gica de alta calidad.<span class=\"Apple-converted-space\">\u00a0<\/span><\/li>\n<li class=\"li1\">Mecanismo de <b>tracci\u00f3n por correa y control electr\u00f3nico de velocidad (33 y 45 RPM)<\/b> para reproducci\u00f3n estable y fiable de discos de vinilo.<span class=\"Apple-converted-space\">\u00a0<\/span><\/li>\n<li class=\"li1\">Chasis CNC mecanizado sin componentes pl\u00e1sticos, dise\u00f1ado para <b>minimizar resonancias<\/b> y mejorar estabilidad y precisi\u00f3n sonora.<span class=\"Apple-converted-space\">\u00a0<\/span><\/li>\n<li class=\"li1\">Plato pesado de <b>10 mm de vidrio con superficie antirresonante<\/b> y brazo recto de 9 pulgadas con cojinetes de baja fricci\u00f3n para seguimiento preciso.<span class=\"Apple-converted-space\">\u00a0<\/span><\/li>\n<li class=\"li1\">Viene con <b>pastilla Moving Magnet Pick it 25A<\/b> preinstalada y lista para usar, junto con cubierta antipolvo, alfombra de fieltro y cables RCA.<\/li>\n<\/ul>\n","protected":false},"featured_media":5883,"template":"","meta":[],"product_cat":[130,37],"product_tag":[40,56,62],"_links":{"self":[{"href":"https:\/\/baflesoviedo.com\/home\/wp-json\/wp\/v2\/product\/5882"}],"collection":[{"href":"https:\/\/baflesoviedo.com\/home\/wp-json\/wp\/v2\/product"}],"about":[{"href":"https:\/\/baflesoviedo.com\/home\/wp-json\/wp\/v2\/types\/product"}],"wp:featuredmedia":[{"embeddable":true,"href":"https:\/\/baflesoviedo.com\/home\/wp-json\/wp\/v2\/media\/5883"}],"wp:attachment":[{"href":"https:\/\/baflesoviedo.com\/home\/wp-json\/wp\/v2\/media?parent=5882"}],"wp:term":[{"taxonomy":"product_cat","embeddable":true,"href":"https:\/\/baflesoviedo.com\/home\/wp-json\/wp\/v2\/product_cat?post=5882"},{"taxonomy":"product_tag","embeddable":true,"href":"https:\/\/baflesoviedo.com\/home\/wp-json\/wp\/v2\/product_tag?post=5882"}],"curies":[{"name":"wp","href":"https:\/\/api.w.org\/{rel}","templated":true}]}}