{"id":5893,"date":"2026-02-05T23:51:38","date_gmt":"2026-02-05T23:51:38","guid":{"rendered":"https:\/\/baflesoviedo.com\/home\/?post_type=product&#038;p=5893"},"modified":"2026-02-05T23:51:39","modified_gmt":"2026-02-05T23:51:39","slug":"pro-ject-peanuts-turntable-tornamesa-ed-ltd","status":"publish","type":"product","link":"https:\/\/baflesoviedo.com\/home\/product\/pro-ject-peanuts-turntable-tornamesa-ed-ltd\/","title":{"rendered":"Pro-Ject, Peanuts Turntable, Tornamesa Ed. Ltd."},"content":{"rendered":"<p class=\"p1\"><b>Especificaciones T\u00e9cnicas:<\/b><\/p>\n<table class=\"t1\" cellspacing=\"0\" cellpadding=\"0\">\n<tbody>\n<tr>\n<td class=\"td1\" valign=\"middle\">\n<p class=\"p3\"><b>Speed:<\/b><\/p>\n<\/td>\n<td class=\"td2\" valign=\"middle\">\n<p class=\"p3\">33,45 (manual speed change)<\/p>\n<\/td>\n<\/tr>\n<tr>\n<td class=\"td3\" valign=\"middle\">\n<p class=\"p3\"><b>Principle:<\/b><\/p>\n<\/td>\n<td class=\"td4\" valign=\"middle\">\n<p class=\"p3\">Belt drive<\/p>\n<\/td>\n<\/tr>\n<tr>\n<td class=\"td1\" valign=\"middle\">\n<p class=\"p3\"><b>Speed variance:<\/b><\/p>\n<\/td>\n<td class=\"td2\" valign=\"middle\">\n<p class=\"p3\">33: 0.7% 45: 0.6%<\/p>\n<\/td>\n<\/tr>\n<tr>\n<td class=\"td5\" valign=\"middle\">\n<p class=\"p3\"><b>Wow &amp; Flutter:<\/b><\/p>\n<\/td>\n<td class=\"td6\" valign=\"middle\">\n<p class=\"p3\">33: 0.25% 45: 0.23%<\/p>\n<\/td>\n<\/tr>\n<tr>\n<td class=\"td7\" valign=\"middle\">\n<p class=\"p3\"><b>Platter:<\/b><\/p>\n<\/td>\n<td class=\"td8\" valign=\"middle\">\n<p class=\"p3\">8 mm heavy blasted-glass platter with felt mat<\/p>\n<\/td>\n<\/tr>\n<tr>\n<td class=\"td5\" valign=\"middle\">\n<p class=\"p3\"><b>Main bearing:<\/b><\/p>\n<\/td>\n<td class=\"td6\" valign=\"middle\">\n<p class=\"p3\">Stainless steel\/brass<\/p>\n<\/td>\n<\/tr>\n<tr>\n<td class=\"td1\" valign=\"middle\">\n<p class=\"p3\"><b>Signal to noise:<\/b><\/p>\n<\/td>\n<td class=\"td2\" valign=\"middle\">\n<p class=\"p3\">65dB<\/p>\n<\/td>\n<\/tr>\n<tr>\n<td class=\"td3\" valign=\"middle\">\n<p class=\"p3\"><b>Tonearm:<\/b><\/p>\n<\/td>\n<td class=\"td4\" valign=\"middle\">\n<p class=\"p3\">8.6\u201d aluminium<\/p>\n<\/td>\n<\/tr>\n<tr>\n<td class=\"td1\" valign=\"middle\">\n<p class=\"p3\"><b>Effective arm length:<\/b><\/p>\n<\/td>\n<td class=\"td2\" valign=\"middle\">\n<p class=\"p3\">218.5 mm<\/p>\n<\/td>\n<\/tr>\n<tr>\n<td class=\"td3\" valign=\"middle\">\n<p class=\"p3\"><b>Overhang:<\/b><\/p>\n<\/td>\n<td class=\"td4\" valign=\"middle\">\n<p class=\"p3\">22.0 mm<\/p>\n<\/td>\n<\/tr>\n<tr>\n<td class=\"td1\" valign=\"middle\">\n<p class=\"p3\"><b>Effective tonearm mass:<\/b><\/p>\n<\/td>\n<td class=\"td2\" valign=\"middle\">\n<p class=\"p3\">8.0 g<\/p>\n<\/td>\n<\/tr>\n<tr>\n<td class=\"td5\" valign=\"middle\">\n<p class=\"p3\"><b>Counterweight for mass:<\/b><\/p>\n<\/td>\n<td class=\"td6\" valign=\"middle\">\n<p class=\"p3\">5 &#8211; 10g (pre-mounted)<\/p>\n<\/td>\n<\/tr>\n<tr>\n<td class=\"td7\" valign=\"middle\">\n<p class=\"p3\"><b>Tracking force range:<\/b><\/p>\n<\/td>\n<td class=\"td8\" valign=\"middle\">\n<p class=\"p3\">0 &#8211; 50mN (17.5 mN pre-adjusted)<\/p>\n<\/td>\n<\/tr>\n<tr>\n<td class=\"td5\" valign=\"middle\">\n<p class=\"p3\"><b>Outputs:<\/b><\/p>\n<\/td>\n<td class=\"td6\" valign=\"middle\">\n<p class=\"p3\">RCA Line, RCA Phono, BT<\/p>\n<\/td>\n<\/tr>\n<tr>\n<td class=\"td9\" valign=\"middle\">\n<p class=\"p3\"><b>Included accessories:<\/b><\/p>\n<\/td>\n<td class=\"td10\" valign=\"middle\">\n<p class=\"p3\">dustcover, feltmat, power supply, high-quality phono\/line RCA cable<\/p>\n<\/td>\n<\/tr>\n<tr>\n<td class=\"td3\" valign=\"middle\">\n<p class=\"p3\"><b>Power Supply:<\/b><\/p>\n<\/td>\n<td class=\"td4\" valign=\"middle\">\n<p class=\"p3\">110 &#8211; 240V\/50, 60Hz; 15 V DC 800mA<\/p>\n<\/td>\n<\/tr>\n<tr>\n<td class=\"td1\" valign=\"middle\">\n<p class=\"p3\"><b>Power consumption:<\/b><\/p>\n<\/td>\n<td class=\"td2\" valign=\"middle\">\n<p class=\"p3\">3 Watt max<\/p>\n<\/td>\n<\/tr>\n<tr>\n<td class=\"td5\" valign=\"middle\">\n<p class=\"p3\"><b>Dimensions:<\/b><\/p>\n<\/td>\n<td class=\"td6\" valign=\"middle\">\n<p class=\"p3\">415x100x335 mm (WxHxD)<\/p>\n<\/td>\n<\/tr>\n<tr>\n<td class=\"td7\" valign=\"middle\">\n<p class=\"p3\"><b>Weight:<\/b><\/p>\n<\/td>\n<td class=\"td8\" valign=\"middle\">\n<p class=\"p3\">3.8 kg net<\/p>\n<\/td>\n<\/tr>\n<\/tbody>\n<\/table>\n<p><a href=\"https:\/\/www.project-audio.com\/en\/product\/peanuts-turntable\/\" target=\"_blank\" rel=\"noopener noreferrer\"><span style=\"color: #0000ff;\">Click aqu\u00ed para m\u00e1s informaci\u00f3n del producto.<\/span><\/a><\/p>\n","protected":false},"excerpt":{"rendered":"<p class=\"p1\">El <b>Pro-Ject Peanuts Turntable<\/b> es una edici\u00f3n <b>limitada de alta fidelidad<\/b> que celebra los <b>75 a\u00f1os de la saga Peanuts <\/b>con un dise\u00f1o visual \u00fanico que integra personajes como Snoopy y Charlie Brown en un tocadiscos de rendimiento real y sin compromisos. Basado en la plataforma T1 BT de Pro-Ject, combina materiales de calidad, ingenier\u00eda precisa hecha en Europa y un sonido detallado con funcionalidad moderna como <b>transmisi\u00f3n Bluetooth<\/b> y preamplificador de phono incorporado. Es una invitaci\u00f3n a disfrutar tu colecci\u00f3n de vinilos con estilo y alma, ya sea conectado a un sistema tradicional o directamente a altavoces inal\u00e1mbricos.<span class=\"Apple-converted-space\">\u00a0<\/span><\/p>\n<ul class=\"ul1\">\n<li class=\"li1\">Dise\u00f1o con <b>arte conmemorativo Peanuts de 75 a\u00f1os<\/b>, integrando ilustraciones inspiradas en m\u00fasica que combinan nostalgia y estilo \u00fanico.<span class=\"Apple-converted-space\">\u00a0<\/span><\/li>\n<li class=\"li1\">Mecanismo de <b>tracci\u00f3n por correa<\/b> con plato de vidrio pesado de 8 mm y sub-platter anti-resonancia, para estabilidad de velocidad y reproducci\u00f3n precisa.<span class=\"Apple-converted-space\">\u00a0<\/span><\/li>\n<li class=\"li1\">Brazo de lectura de <b>8,6 pulgadas en aluminio<\/b> ligero para seguimiento fluido y exacto, junto con c\u00e1psula <b>Ortofon OM 10<\/b> pre-ajustada de calidad.<span class=\"Apple-converted-space\">\u00a0<\/span><\/li>\n<li class=\"li1\"><b>Transmisi\u00f3n Bluetooth integrada<\/b> y <b>phono stage incorporado<\/b>, facilitando tanto conexi\u00f3n inal\u00e1mbrica a altavoces\/auriculares como conexi\u00f3n directa a amplificadores.<span class=\"Apple-converted-space\">\u00a0<\/span><\/li>\n<li class=\"li1\">Conectividad flexible con <b>salidas RCA (line y phono)<\/b> y accesorios completos incluidos (dustcover, cables y fuente de alimentaci\u00f3n).<span class=\"Apple-converted-space\">\u00a0<\/span><\/li>\n<li class=\"li1\">Acabados disponibles: Edici\u00f3n especial con plinto y detalles gr\u00e1ficos exclusivos Peanuts en toda la superficie del tocadiscos (limitada y numerada por Pro-Ject).<\/li>\n<\/ul>\n","protected":false},"featured_media":5894,"template":"","meta":[],"product_cat":[130,37],"product_tag":[40,56,62],"_links":{"self":[{"href":"https:\/\/baflesoviedo.com\/home\/wp-json\/wp\/v2\/product\/5893"}],"collection":[{"href":"https:\/\/baflesoviedo.com\/home\/wp-json\/wp\/v2\/product"}],"about":[{"href":"https:\/\/baflesoviedo.com\/home\/wp-json\/wp\/v2\/types\/product"}],"wp:featuredmedia":[{"embeddable":true,"href":"https:\/\/baflesoviedo.com\/home\/wp-json\/wp\/v2\/media\/5894"}],"wp:attachment":[{"href":"https:\/\/baflesoviedo.com\/home\/wp-json\/wp\/v2\/media?parent=5893"}],"wp:term":[{"taxonomy":"product_cat","embeddable":true,"href":"https:\/\/baflesoviedo.com\/home\/wp-json\/wp\/v2\/product_cat?post=5893"},{"taxonomy":"product_tag","embeddable":true,"href":"https:\/\/baflesoviedo.com\/home\/wp-json\/wp\/v2\/product_tag?post=5893"}],"curies":[{"name":"wp","href":"https:\/\/api.w.org\/{rel}","templated":true}]}}