{"id":5904,"date":"2026-02-23T22:28:57","date_gmt":"2026-02-23T22:28:57","guid":{"rendered":"https:\/\/baflesoviedo.com\/home\/?post_type=product&#038;p=5904"},"modified":"2026-02-23T22:32:20","modified_gmt":"2026-02-23T22:32:20","slug":"pro-ject-measure-it-ds-medidor-de-fuerza-pastilla","status":"publish","type":"product","link":"https:\/\/baflesoviedo.com\/home\/product\/pro-ject-measure-it-ds-medidor-de-fuerza-pastilla\/","title":{"rendered":"Pro-Ject, Measure it DS, Medidor de Fuerza (Pastilla)"},"content":{"rendered":"<p class=\"p1\"><b>Especificaciones T\u00e9cnicas:<\/b><\/p>\n<table class=\"t1\" cellspacing=\"0\" cellpadding=\"0\">\n<tbody>\n<tr>\n<td class=\"td1\" valign=\"middle\">\n<p class=\"p3\"><span class=\"s1\"><b>Capacity:<\/b><\/span><\/p>\n<\/td>\n<td class=\"td2\" valign=\"middle\">\n<p class=\"p3\"><span class=\"s1\">0.01g &#8211; 200g<\/span><\/p>\n<\/td>\n<\/tr>\n<tr>\n<td class=\"td3\" valign=\"middle\">\n<p class=\"p3\"><span class=\"s1\"><b>Precision:<\/b><\/span><\/p>\n<\/td>\n<td class=\"td4\" valign=\"middle\">\n<p class=\"p3\"><span class=\"s1\">0,01g<\/span><\/p>\n<\/td>\n<\/tr>\n<tr>\n<td class=\"td5\" valign=\"middle\">\n<p class=\"p3\"><span class=\"s1\"><b>Weighting modes:<\/b><\/span><\/p>\n<\/td>\n<td class=\"td6\" valign=\"middle\">\n<p class=\"p3\"><span class=\"s1\">gram (1g = 10mN), ounce (oz), pennyweight (dwt), carat (ct) and grain (gn)<\/span><\/p>\n<\/td>\n<\/tr>\n<tr>\n<td class=\"td7\" valign=\"middle\">\n<p class=\"p3\"><span class=\"s1\"><b>Auto power off:<\/b><\/span><\/p>\n<\/td>\n<td class=\"td8\" valign=\"middle\">\n<p class=\"p3\"><span class=\"s1\">60 seconds<\/span><\/p>\n<\/td>\n<\/tr>\n<tr>\n<td class=\"td9\" valign=\"middle\">\n<p class=\"p3\"><span class=\"s1\"><b>Battery type:<\/b><\/span><\/p>\n<\/td>\n<td class=\"td10\" valign=\"middle\">\n<p class=\"p3\"><span class=\"s1\">2x AAA batteries (included)<\/span><\/p>\n<\/td>\n<\/tr>\n<tr>\n<td class=\"td7\" valign=\"middle\">\n<p class=\"p3\"><span class=\"s1\"><b>Operating temperature:<\/b><\/span><\/p>\n<\/td>\n<td class=\"td8\" valign=\"middle\">\n<p class=\"p3\"><span class=\"s1\">+10 &#8211; +30\u00b0C (50 &#8211; 86 degrees Fahrenheit)<\/span><\/p>\n<\/td>\n<\/tr>\n<tr>\n<td class=\"td1\" valign=\"middle\">\n<p class=\"p3\"><span class=\"s1\"><b>Dimensions (W x H x D):<\/b><\/span><\/p>\n<\/td>\n<td class=\"td2\" valign=\"middle\">\n<p class=\"p3\"><span class=\"s1\">116 x 20 x 100mm<\/span><\/p>\n<\/td>\n<\/tr>\n<tr>\n<td class=\"td3\" valign=\"middle\">\n<p class=\"p3\"><span class=\"s1\"><b>Weight:<\/b><\/span><\/p>\n<\/td>\n<td class=\"td4\" valign=\"middle\">\n<p class=\"p4\">12g<\/p>\n<\/td>\n<\/tr>\n<\/tbody>\n<\/table>\n<p><a href=\"https:\/\/www.project-audio.com\/en\/product\/measure-it-ds\/\" target=\"_blank\" rel=\"noopener noreferrer\"><span style=\"color: #0000ff;\">Click aqu\u00ed para m\u00e1s informaci\u00f3n del producto.<\/span><\/a><\/p>\n","protected":false},"excerpt":{"rendered":"<p class=\"p1\">El <b>Pro-Ject Measure it DS<\/b> es una <b>herramienta de precisi\u00f3n esencial<\/b> para cualquier amante del vinilo que ajusta o optimiza su tocadiscos con pastillas de alto rendimiento. Este <b>medidor de fuerza,<\/b> calibrado de f\u00e1brica y de alta precisi\u00f3n, est\u00e1 pensado para ayudar a establecer la fuerza de apoyo de la aguja con claridad y sin complicaciones. Su superficie no magn\u00e9tica y pantalla LCD retroiluminada la hacen pr\u00e1ctica y fiable, tanto si est\u00e1s montando un sistema por primera vez como si actualiz\u00e1s a configuraciones m\u00e1s exigentes.<\/p>\n<ul class=\"ul1\">\n<li class=\"li1\"><b>Medici\u00f3n de fuerza precisa<\/b> con rango de <b>0,01 g a 200 g<\/b> y resoluci\u00f3n de 0,01 g, ideal para ajustar el tracking force con exactitud.<span class=\"Apple-converted-space\">\u00a0<\/span><\/li>\n<li class=\"li1\"><b>Precalibrada de f\u00e1brica<\/b> para ofrecer resultados fiables desde el primer uso sin necesidad de ajustes adicionales.<span class=\"Apple-converted-space\">\u00a0<\/span><\/li>\n<li class=\"li1\"><b>Superficie de escala no magn\u00e9tica<\/b>, crucial para mediciones correctas con c\u00e1psulas de bobina m\u00f3vil (MC), donde otros modelos pueden fallar.<span class=\"Apple-converted-space\">\u00a0<\/span><\/li>\n<li class=\"li1\"><b>Pantalla LCD con retroiluminaci\u00f3n<\/b> para lectura clara de los valores incluso en condiciones de luz reducida.<span class=\"Apple-converted-space\">\u00a0<\/span><\/li>\n<li class=\"li1\"><b>Apagado autom\u00e1tico tras 60 segundos<\/b> de inactividad y funcionamiento con 2 pilas AAA incluidas para comodidad y autonom\u00eda.<span class=\"Apple-converted-space\">\u00a0<\/span><\/li>\n<li class=\"li1\"><strong>Construcci\u00f3n:<\/strong> exterior compacto y funcional en color negro con pantalla LCD integrada, dise\u00f1o universal apto para cualquier sistema de tocadiscos.<\/li>\n<\/ul>\n","protected":false},"featured_media":5905,"template":"","meta":[],"product_cat":[37],"product_tag":[202,56],"_links":{"self":[{"href":"https:\/\/baflesoviedo.com\/home\/wp-json\/wp\/v2\/product\/5904"}],"collection":[{"href":"https:\/\/baflesoviedo.com\/home\/wp-json\/wp\/v2\/product"}],"about":[{"href":"https:\/\/baflesoviedo.com\/home\/wp-json\/wp\/v2\/types\/product"}],"wp:featuredmedia":[{"embeddable":true,"href":"https:\/\/baflesoviedo.com\/home\/wp-json\/wp\/v2\/media\/5905"}],"wp:attachment":[{"href":"https:\/\/baflesoviedo.com\/home\/wp-json\/wp\/v2\/media?parent=5904"}],"wp:term":[{"taxonomy":"product_cat","embeddable":true,"href":"https:\/\/baflesoviedo.com\/home\/wp-json\/wp\/v2\/product_cat?post=5904"},{"taxonomy":"product_tag","embeddable":true,"href":"https:\/\/baflesoviedo.com\/home\/wp-json\/wp\/v2\/product_tag?post=5904"}],"curies":[{"name":"wp","href":"https:\/\/api.w.org\/{rel}","templated":true}]}}