{"id":5909,"date":"2026-02-23T23:19:44","date_gmt":"2026-02-23T23:19:44","guid":{"rendered":"https:\/\/baflesoviedo.com\/home\/?post_type=product&#038;p=5909"},"modified":"2026-02-23T23:23:31","modified_gmt":"2026-02-23T23:23:31","slug":"pro-ject-measure-it-e-medidor-de-fuerza-pastilla","status":"publish","type":"product","link":"https:\/\/baflesoviedo.com\/home\/product\/pro-ject-measure-it-e-medidor-de-fuerza-pastilla\/","title":{"rendered":"Pro-Ject, Measure it E, Medidor de Fuerza (Pastilla)"},"content":{"rendered":"<p class=\"p1\"><b>Especificaciones T\u00e9cnicas:<\/b><\/p>\n<table class=\"t1\" cellspacing=\"0\" cellpadding=\"0\">\n<tbody>\n<tr>\n<td class=\"td1\" valign=\"middle\">\n<p class=\"p3\"><span class=\"s1\"><b>Capacity<\/b><\/span><\/p>\n<\/td>\n<td class=\"td2\" valign=\"middle\">\n<p class=\"p3\"><span class=\"s1\">0 &#8211; 5g<\/span><\/p>\n<\/td>\n<\/tr>\n<tr>\n<td class=\"td3\" valign=\"middle\">\n<p class=\"p3\"><span class=\"s1\"><b>Variance<\/b><\/span><\/p>\n<\/td>\n<td class=\"td4\" valign=\"middle\">\n<p class=\"p3\"><span class=\"s1\">\u00b10,01g<\/span><\/p>\n<\/td>\n<\/tr>\n<tr>\n<td class=\"td5\" valign=\"middle\">\n<p class=\"p3\"><span class=\"s1\"><b>Weighting modes<\/b><\/span><\/p>\n<\/td>\n<td class=\"td6\" valign=\"middle\">\n<p class=\"p3\"><span class=\"s1\">gram (1g = 10mN), ounce (oz), pennyweight (dwt) &amp; carat (ct)<\/span><\/p>\n<\/td>\n<\/tr>\n<tr>\n<td class=\"td7\" valign=\"middle\">\n<p class=\"p3\"><span class=\"s1\"><b>Display<\/b><\/span><\/p>\n<\/td>\n<td class=\"td8\" valign=\"middle\">\n<p class=\"p3\"><span class=\"s1\">4 digit LCD with backlight<\/span><\/p>\n<\/td>\n<\/tr>\n<tr>\n<td class=\"td9\" valign=\"middle\">\n<p class=\"p3\"><span class=\"s1\"><b>Calibration<\/b><\/span><\/p>\n<\/td>\n<td class=\"td10\" valign=\"middle\">\n<p class=\"p3\"><span class=\"s1\">auto calibration using a 5g weight<\/span><\/p>\n<\/td>\n<\/tr>\n<tr>\n<td class=\"td7\" valign=\"middle\">\n<p class=\"p3\"><span class=\"s1\"><b>Auto off<\/b><\/span><\/p>\n<\/td>\n<td class=\"td8\" valign=\"middle\">\n<p class=\"p3\"><span class=\"s1\">30 seconds off<\/span><\/p>\n<\/td>\n<\/tr>\n<tr>\n<td class=\"td1\" valign=\"middle\">\n<p class=\"p3\"><span class=\"s1\"><b>Replacement battery<\/b><\/span><\/p>\n<\/td>\n<td class=\"td2\" valign=\"middle\">\n<p class=\"p3\"><span class=\"s1\">2 x LR43 (AG12) button cells, 1,5V<\/span><\/p>\n<\/td>\n<\/tr>\n<tr>\n<td class=\"td3\" valign=\"middle\">\n<p class=\"p3\"><span class=\"s1\"><b>Operating temperature<\/b><\/span><\/p>\n<\/td>\n<td class=\"td4\" valign=\"middle\">\n<p class=\"p3\"><span class=\"s1\">+10 &#8211; +30\u00b0 C (50 &#8211; 86 degrees Fahrenheit)<\/span><\/p>\n<\/td>\n<\/tr>\n<tr>\n<td class=\"td1\" valign=\"middle\">\n<p class=\"p3\"><span class=\"s1\"><b>Dimensions (W x H x D)<\/b><\/span><\/p>\n<\/td>\n<td class=\"td2\" valign=\"middle\">\n<p class=\"p3\"><span class=\"s1\">96 x 21 x 43mm<\/span><\/p>\n<\/td>\n<\/tr>\n<tr>\n<td class=\"td3\" valign=\"middle\">\n<p class=\"p3\"><span class=\"s1\"><b>Weight<\/b><\/span><\/p>\n<\/td>\n<td class=\"td4\" valign=\"middle\">\n<p class=\"p4\">49g<\/p>\n<\/td>\n<\/tr>\n<\/tbody>\n<\/table>\n<p><a href=\"https:\/\/www.project-audio.com\/en\/product\/measure-it-e\/\" target=\"_blank\" rel=\"noopener noreferrer\"><span style=\"color: #0000ff;\">Click aqu\u00ed para m\u00e1s informaci\u00f3n del producto.<\/span><\/a><\/p>\n","protected":false},"excerpt":{"rendered":"<p class=\"p1\">El <b>Pro-Ject Measure it E<\/b> es una <b>herramienta de medici\u00f3n electr\u00f3nica compacta<\/b> pensada para ajustar con precisi\u00f3n la fuerza de apoyo de la aguja en cualquier tocadiscos. Su pantalla LCD de cuatro d\u00edgitos con retroiluminaci\u00f3n y funci\u00f3n de calibraci\u00f3n autom\u00e1tica permiten verificar el <i>tracking force<\/i> de manera r\u00e1pida y fiable, ayudando a reducir el desgaste de la aguja y los vinilos. Ligera y f\u00e1cil de usar, es ideal tanto para quien est\u00e1 comenzando con equipos anal\u00f3gicos como para audi\u00f3filos que quieren tener control absoluto sobre su setup.<\/p>\n<ul class=\"ul1\">\n<li class=\"li3\"><b>Medici\u00f3n electr\u00f3nica precisa<\/b> de fuerza de apoyo de la aguja hasta 5 g, con incrementos de 0,002 g para ajustes finos y fiables.<span class=\"Apple-converted-space\">\u00a0<\/span><\/li>\n<li class=\"li3\"><b>Pantalla LCD de cuatro d\u00edgitos con retroiluminaci\u00f3n<\/b>, que facilita la lectura de valores incluso con luz baja.<span class=\"Apple-converted-space\">\u00a0<\/span><\/li>\n<li class=\"li3\"><b>Cuatro modos de pesaje<\/b> (gramo, onza, pennyweight y quilate) para flexibilidad en unidades seg\u00fan preferencias t\u00e9cnicas.<span class=\"Apple-converted-space\">\u00a0<\/span><\/li>\n<li class=\"li3\"><b>Calibraci\u00f3n autom\u00e1tica con peso incluido (5 g)<\/b> y apagado autom\u00e1tico tras 30 s sin uso para comodidad y eficiencia energ\u00e9tica.<span class=\"Apple-converted-space\">\u00a0<\/span><\/li>\n<li class=\"li3\"><b>Dise\u00f1o compacto y liviano<\/b>, alimentado con pilas de bot\u00f3n incluidas y protegido con funda para transporte y almacenamiento.<span class=\"Apple-converted-space\">\u00a0<\/span><\/li>\n<li class=\"li3\"><strong>Construcci\u00f3n:<\/strong> exterior compacto en color negro con pantalla LCD integrada y protecci\u00f3n de superficie dise\u00f1ada para uso con cabezales de tocadiscos.<span class=\"Apple-converted-space\">\u00a0<\/span><\/li>\n<\/ul>\n","protected":false},"featured_media":5910,"template":"","meta":[],"product_cat":[37],"product_tag":[202,56],"_links":{"self":[{"href":"https:\/\/baflesoviedo.com\/home\/wp-json\/wp\/v2\/product\/5909"}],"collection":[{"href":"https:\/\/baflesoviedo.com\/home\/wp-json\/wp\/v2\/product"}],"about":[{"href":"https:\/\/baflesoviedo.com\/home\/wp-json\/wp\/v2\/types\/product"}],"wp:featuredmedia":[{"embeddable":true,"href":"https:\/\/baflesoviedo.com\/home\/wp-json\/wp\/v2\/media\/5910"}],"wp:attachment":[{"href":"https:\/\/baflesoviedo.com\/home\/wp-json\/wp\/v2\/media?parent=5909"}],"wp:term":[{"taxonomy":"product_cat","embeddable":true,"href":"https:\/\/baflesoviedo.com\/home\/wp-json\/wp\/v2\/product_cat?post=5909"},{"taxonomy":"product_tag","embeddable":true,"href":"https:\/\/baflesoviedo.com\/home\/wp-json\/wp\/v2\/product_tag?post=5909"}],"curies":[{"name":"wp","href":"https:\/\/api.w.org\/{rel}","templated":true}]}}