{"id":5914,"date":"2026-02-23T23:43:03","date_gmt":"2026-02-23T23:43:03","guid":{"rendered":"https:\/\/baflesoviedo.com\/home\/?post_type=product&#038;p=5914"},"modified":"2026-02-23T23:43:40","modified_gmt":"2026-02-23T23:43:40","slug":"pro-ject-e1-2-phono-tornamesa","status":"publish","type":"product","link":"https:\/\/baflesoviedo.com\/home\/product\/pro-ject-e1-2-phono-tornamesa\/","title":{"rendered":"Pro-Ject, E1.2 Phono, Tornamesa"},"content":{"rendered":"<p class=\"p1\"><b>Especificaciones T\u00e9cnicas:<\/b><\/p>\n<table class=\"t1\" cellspacing=\"0\" cellpadding=\"0\">\n<tbody>\n<tr>\n<td class=\"td1\" valign=\"middle\">\n<p class=\"p3\"><span class=\"s1\"><b>Speed<\/b><\/span><\/p>\n<\/td>\n<td class=\"td2\" valign=\"middle\">\n<p class=\"p3\"><span class=\"s1\">33, 45 (electronic speed change)<\/span><\/p>\n<\/td>\n<\/tr>\n<tr>\n<td class=\"td3\" valign=\"middle\">\n<p class=\"p3\"><span class=\"s1\"><b>Drive principle<\/b><\/span><\/p>\n<\/td>\n<td class=\"td4\" valign=\"middle\">\n<p class=\"p3\"><span class=\"s1\">belt drive with electronic speed control<\/span><\/p>\n<\/td>\n<\/tr>\n<tr>\n<td class=\"td1\" valign=\"middle\">\n<p class=\"p3\"><span class=\"s1\"><b>Platter bearing<\/b><\/span><\/p>\n<\/td>\n<td class=\"td2\" valign=\"middle\">\n<p class=\"p3\"><span class=\"s1\">stainless steel axle in bronze bushing<\/span><\/p>\n<\/td>\n<\/tr>\n<tr>\n<td class=\"td5\" valign=\"middle\">\n<p class=\"p3\"><span class=\"s1\"><b>Wow &amp; flutter<\/b><\/span><\/p>\n<\/td>\n<td class=\"td6\" valign=\"middle\">\n<p class=\"p3\"><span class=\"s1\">33: +\/-0,23%; 45: +\/-0,21%<\/span><\/p>\n<\/td>\n<\/tr>\n<tr>\n<td class=\"td7\" valign=\"middle\">\n<p class=\"p3\"><span class=\"s1\"><b>Speed drift<\/b><\/span><\/p>\n<\/td>\n<td class=\"td8\" valign=\"middle\">\n<p class=\"p3\"><span class=\"s1\">33: +\/-0,7%; 45: +\/-0,6%<\/span><\/p>\n<\/td>\n<\/tr>\n<tr>\n<td class=\"td5\" valign=\"middle\">\n<p class=\"p3\"><span class=\"s1\"><b>Signal to noise<\/b><\/span><\/p>\n<\/td>\n<td class=\"td6\" valign=\"middle\">\n<p class=\"p3\"><span class=\"s1\">65dB<\/span><\/p>\n<\/td>\n<\/tr>\n<tr>\n<td class=\"td1\" valign=\"middle\">\n<p class=\"p3\"><span class=\"s1\"><b>Effective arm length\/mass<\/b><\/span><\/p>\n<\/td>\n<td class=\"td2\" valign=\"middle\">\n<p class=\"p3\"><span class=\"s1\">218,5 mm \/ 7,0 g<\/span><\/p>\n<\/td>\n<\/tr>\n<tr>\n<td class=\"td3\" valign=\"middle\">\n<p class=\"p3\"><span class=\"s1\"><b>Overhang<\/b><\/span><\/p>\n<\/td>\n<td class=\"td4\" valign=\"middle\">\n<p class=\"p3\"><span class=\"s1\">22mm<\/span><\/p>\n<\/td>\n<\/tr>\n<tr>\n<td class=\"td1\" valign=\"middle\">\n<p class=\"p3\"><span class=\"s1\"><b>Included accessories<\/b><\/span><\/p>\n<\/td>\n<td class=\"td2\" valign=\"middle\">\n<p class=\"p3\"><span class=\"s1\">15V DC \/ 0,8A power supply, dust cover, 7\u2018\u2018 single adapter<\/span><\/p>\n<\/td>\n<\/tr>\n<tr>\n<td class=\"td3\" valign=\"middle\">\n<p class=\"p3\"><span class=\"s1\"><b>Power consumption<\/b><\/span><\/p>\n<\/td>\n<td class=\"td4\" valign=\"middle\">\n<p class=\"p3\"><span class=\"s1\">4,5W<\/span><\/p>\n<\/td>\n<\/tr>\n<tr>\n<td class=\"td1\" valign=\"middle\">\n<p class=\"p3\"><span class=\"s1\"><b>Dimensions<\/b><\/span><\/p>\n<\/td>\n<td class=\"td2\" valign=\"middle\">\n<p class=\"p3\"><span class=\"s1\">420 x 112 x 330mm (WxHxD)<\/span><\/p>\n<\/td>\n<\/tr>\n<tr>\n<td class=\"td5\" valign=\"middle\">\n<p class=\"p3\"><span class=\"s1\"><b>Weight<\/b><\/span><\/p>\n<\/td>\n<td class=\"td6\" valign=\"middle\">\n<p class=\"p4\">3,6 kg net<\/p>\n<\/td>\n<\/tr>\n<\/tbody>\n<\/table>\n<p><a href=\"https:\/\/www.project-audio.com\/en\/product\/e1-2\/\" target=\"_blank\" rel=\"noopener noreferrer\"><span style=\"color: #0000ff;\">Click aqu\u00ed para m\u00e1s informaci\u00f3n del producto.<\/span><\/a><\/p>\n","protected":false},"excerpt":{"rendered":"<p class=\"p1\">La E1.2 Phono ofrece todas las caracter\u00edsticas del modelo base y agrega un preamplificador de phono incorporado, que permite conectar la tornamesa directamente a cualquier entrada de l\u00ednea\/CD. Es la versi\u00f3n renovada de la Pro-Ject E1, pensada para quienes desean entrar en el mundo del vinilo con un aparato sencillo, bien construido, sin complicaciones y con mejoras reales que se sienten en el sonido. Ideal para usuarios que ya tienen pastilla MM o desean usar la que viene (Pick it MM E), y tienen amplificaci\u00f3n o etapa de phono externa.<\/p>\n<ul class=\"ul1\">\n<li class=\"li2\"><b><\/b><span class=\"s1\"><b>Plato de aluminio de 730 g con anillo amortiguador TPE: <\/b>m\u00e1s masa, mejor estabilidad de giro, menos resonancias o vibraciones no deseadas.<span class=\"Apple-converted-space\">\u00a0<\/span><\/span><\/li>\n<li class=\"li2\"><b><\/b><span class=\"s1\"><b>Sub-plato de ABS reforzado con fibra de vidrio: <\/b>similar al de la serie Debut de Pro-Ject; aporta precisi\u00f3n en la rotaci\u00f3n, buen soporte mec\u00e1nico al plato.<span class=\"Apple-converted-space\">\u00a0<\/span><\/span><\/li>\n<li class=\"li2\"><b><\/b><span class=\"s1\"><b>Brazo de 8.6<\/b>\u2033<b>: <\/b>mejora seguimiento, reduce vibraciones y mejora el control de la aguja. Ajustado de f\u00e1brica para que est\u00e9 listo para usar.<span class=\"Apple-converted-space\">\u00a0<\/span><\/span><\/li>\n<li class=\"li2\"><b><\/b><span class=\"s1\"><b>Pastilla Pick it MM E pre-ajustada: <\/b>pastilla MM de baja masa con punta c\u00f3nica, que ofrece sonido c\u00e1lido con buen nivel de detalle, sin mucho ruido de fondo.<span class=\"Apple-converted-space\">\u00a0<\/span><\/span><\/li>\n<li class=\"li2\"><b><\/b><span class=\"s1\"><b>Control electr\u00f3nico de cambio de velocidad entre 33 y 45 RPM: <\/b>cambio sencillo con bot\u00f3n, sin tener que mover correas o poleas manualmente, lo que reduce errores de configuraci\u00f3n.<span class=\"Apple-converted-space\">\u00a0<\/span><\/span><\/li>\n<li class=\"li2\"><b><\/b><span class=\"s1\"><b>Rodamiento s\u00f3lido con eje de acero y buje de bronce: <\/b>mejora en suavidad al girar, menos juego mec\u00e1nico, menor ruido de fondo; contribuye al sonido limpio.<span class=\"Apple-converted-space\">\u00a0<\/span><\/span><\/li>\n<li class=\"li2\"><b><\/b><span class=\"s1\"><b>Chasis de MDF r\u00edgido sin espacios huecos, pies amortiguadores: <\/b>ayuda a minimizar resonancias, vibraciones ambientales, acoplamiento al mueble m\u00e1s limpio.<span class=\"Apple-converted-space\">\u00a0<\/span><\/span><\/li>\n<li class=\"li2\"><b><\/b><span class=\"s1\"><b>Accesorios incluidos \u00fatiles: <\/b>dust cover, adaptador para discos de 7\u2033, fuente de alimentaci\u00f3n de 15V \/ 0.8A.<\/span><\/li>\n<li class=\"li2\"><b><\/b><span class=\"s1\"><b>Acabados disponibles: <\/b>white, black o walnut.<\/span><\/li>\n<\/ul>\n","protected":false},"featured_media":5915,"template":"","meta":[],"product_cat":[37],"product_tag":[40,56,62],"_links":{"self":[{"href":"https:\/\/baflesoviedo.com\/home\/wp-json\/wp\/v2\/product\/5914"}],"collection":[{"href":"https:\/\/baflesoviedo.com\/home\/wp-json\/wp\/v2\/product"}],"about":[{"href":"https:\/\/baflesoviedo.com\/home\/wp-json\/wp\/v2\/types\/product"}],"wp:featuredmedia":[{"embeddable":true,"href":"https:\/\/baflesoviedo.com\/home\/wp-json\/wp\/v2\/media\/5915"}],"wp:attachment":[{"href":"https:\/\/baflesoviedo.com\/home\/wp-json\/wp\/v2\/media?parent=5914"}],"wp:term":[{"taxonomy":"product_cat","embeddable":true,"href":"https:\/\/baflesoviedo.com\/home\/wp-json\/wp\/v2\/product_cat?post=5914"},{"taxonomy":"product_tag","embeddable":true,"href":"https:\/\/baflesoviedo.com\/home\/wp-json\/wp\/v2\/product_tag?post=5914"}],"curies":[{"name":"wp","href":"https:\/\/api.w.org\/{rel}","templated":true}]}}