{"id":5954,"date":"2026-03-04T01:35:24","date_gmt":"2026-03-04T01:35:24","guid":{"rendered":"https:\/\/baflesoviedo.com\/home\/?post_type=product&#038;p=5954"},"modified":"2026-04-01T22:25:26","modified_gmt":"2026-04-01T22:25:26","slug":"combo-2-amp-altavoces-cables-tornamesa","status":"publish","type":"product","link":"https:\/\/baflesoviedo.com\/home\/product\/combo-2-amp-altavoces-cables-tornamesa\/","title":{"rendered":"Combo 2: Amp + Altavoces + Cables + Tornamesa"},"content":{"rendered":"<p class=\"p1\"><b>Links a productos incluidos:<\/b><\/p>\n<p><a href=\"https:\/\/baflesoviedo.com\/home\/product\/pro-ject-stereo-box-s3-bt-amplificador-integrado\/\" target=\"_blank\" rel=\"noopener noreferrer\">Pro-Ject Stereo Box S3 BT<\/a><\/p>\n<p><a href=\"https:\/\/baflesoviedo.com\/home\/product\/pro-ject-speaker-box-3-e-carbon-altavoz-compacto\/\" target=\"_blank\" rel=\"noopener noreferrer\">Pro-Ject Speaker Box 3E Carbon<\/a><\/p>\n<p><a href=\"https:\/\/baflesoviedo.com\/home\/product\/pro-ject-connect-it-ls-e-cable-altavoz\/\" target=\"_blank\" rel=\"noopener noreferrer\">Pro-Ject Connect it LS E (3M)<\/a><\/p>\n<p><a href=\"https:\/\/baflesoviedo.com\/home\/product\/pro-ject-e1-phono-tornamesa\/\" target=\"_blank\" rel=\"noopener noreferrer\">Pro-Ject E1 Phono<\/a><\/p>\n","protected":false},"excerpt":{"rendered":"<p class=\"p1\">El Combo 2 de 60 Aniversario toma la propuesta del Combo 1 y le a\u00f1ade una tornamesa entry level para los amantes del vinilo. Viene armado con el amplificador <b>Pro-Ject Stereo Box S3 BT<\/b>, altavoces <b>Pro-Ject Speaker Box 3E Carbon<\/b>, cables de altavoz <b>Pro-Ject Connect it LS E (3M)<\/b> y tornamesa <b>Pro-Ject E1 Phono<\/b> (con preamplificador de phono incorporado). Este combo va dirigido a quienes quieren un primer sistema completo para sus vinilos, adem\u00e1s de servir como \u201chub\u201d para tu m\u00fasica: pod\u00e9s tambi\u00e9n conectarle tu Spotify por Bluetooth desde tu tel\u00e9fono, o bien a\u00f1adirle un CD player. Adem\u00e1s de vers\u00e1til, el amplificador da un salto de calidad significativo en relaci\u00f3n al modelo de entrada de Pro-Ject (Stereo Box E), de manera que termin\u00e1s con un sistema stereo de sonido superior a un precio m\u00e1s c\u00f3modo. La tornamesa E1 Phono es una opci\u00f3n de entrada con setup muy sencillo, ideal para quienes est\u00e1n entrando en el mundo del vinilo o vienen de un sistema comercial y quieren dar el salto a alta fidelidad.<\/p>\n","protected":false},"featured_media":5955,"template":"","meta":[],"product_cat":[122,129,37,17,19],"product_tag":[234,31,184,214,80,92,62],"_links":{"self":[{"href":"https:\/\/baflesoviedo.com\/home\/wp-json\/wp\/v2\/product\/5954"}],"collection":[{"href":"https:\/\/baflesoviedo.com\/home\/wp-json\/wp\/v2\/product"}],"about":[{"href":"https:\/\/baflesoviedo.com\/home\/wp-json\/wp\/v2\/types\/product"}],"wp:featuredmedia":[{"embeddable":true,"href":"https:\/\/baflesoviedo.com\/home\/wp-json\/wp\/v2\/media\/5955"}],"wp:attachment":[{"href":"https:\/\/baflesoviedo.com\/home\/wp-json\/wp\/v2\/media?parent=5954"}],"wp:term":[{"taxonomy":"product_cat","embeddable":true,"href":"https:\/\/baflesoviedo.com\/home\/wp-json\/wp\/v2\/product_cat?post=5954"},{"taxonomy":"product_tag","embeddable":true,"href":"https:\/\/baflesoviedo.com\/home\/wp-json\/wp\/v2\/product_tag?post=5954"}],"curies":[{"name":"wp","href":"https:\/\/api.w.org\/{rel}","templated":true}]}}