{"id":5960,"date":"2026-03-04T01:48:29","date_gmt":"2026-03-04T01:48:29","guid":{"rendered":"https:\/\/baflesoviedo.com\/home\/?post_type=product&#038;p=5960"},"modified":"2026-04-01T22:22:48","modified_gmt":"2026-04-01T22:22:48","slug":"combo-5-amp-altavoces-cables","status":"publish","type":"product","link":"https:\/\/baflesoviedo.com\/home\/product\/combo-5-amp-altavoces-cables\/","title":{"rendered":"Combo 5: Amp + Altavoces + Cables"},"content":{"rendered":"<p class=\"p1\"><b>Links a productos incluidos:<\/b><\/p>\n<p><a href=\"https:\/\/baflesoviedo.com\/home\/product\/pro-ject-uni-box-s3-amplificador-integrado-streamer\/\" target=\"_blank\" rel=\"noopener noreferrer\">Pro-Ject Uni Box S3<\/a><\/p>\n<p><a href=\"https:\/\/baflesoviedo.com\/home\/product\/elac-debut-3-db53-bk-altavoces-librero\/\" target=\"_blank\" rel=\"noopener noreferrer\">ELAC DB53<\/a><\/p>\n<p><a href=\"https:\/\/baflesoviedo.com\/home\/product\/pro-ject-connect-it-ls-e-cable-altavoz\/\" target=\"_blank\" rel=\"noopener noreferrer\">Pro-Ject Connect it LS E (3M)<\/a><\/p>\n","protected":false},"excerpt":{"rendered":"<p class=\"p1\">El Combo 5 de 60 Aniversario viene armado con el amplificador\/streamer <b>Pro-Ject Uni Box S3<\/b>, altavoces <b>ELAC DB53<\/b> y cables de altavoz <b>Pro-Ject Connect it LS E (3M)<\/b>. Este combo eleva el rendimiento respecto a los Combos 3, 2 y 1, al incorporar el amplificador Pro-Ject Uni Box S3 \u2014este combina amplificador y streamer, HDMI arc, entrada phono, salida para aud\u00edfonos, salida para subwoofer, y adem\u00e1s es fabricado por Pro-Ject en Europa. Supera el desempe\u00f1o y caracter\u00edsticas del amplificador Stereo Box S3 BT, posicion\u00e1ndose como una de las opciones m\u00e1s premium de alta fidelidad dentro de nuestra oferta para el 60 Aniversario. Adem\u00e1s, los altavoces son m\u00e1s grandes y potentes que los del Combo 4. Ideal para quienes buscan un sistema completo Hi-Fi vers\u00e1til, con gran calidad de sonido.<\/p>\n","protected":false},"featured_media":5961,"template":"","meta":[],"product_cat":[122,129,17,19],"product_tag":[234,31,184,214,80,92],"_links":{"self":[{"href":"https:\/\/baflesoviedo.com\/home\/wp-json\/wp\/v2\/product\/5960"}],"collection":[{"href":"https:\/\/baflesoviedo.com\/home\/wp-json\/wp\/v2\/product"}],"about":[{"href":"https:\/\/baflesoviedo.com\/home\/wp-json\/wp\/v2\/types\/product"}],"wp:featuredmedia":[{"embeddable":true,"href":"https:\/\/baflesoviedo.com\/home\/wp-json\/wp\/v2\/media\/5961"}],"wp:attachment":[{"href":"https:\/\/baflesoviedo.com\/home\/wp-json\/wp\/v2\/media?parent=5960"}],"wp:term":[{"taxonomy":"product_cat","embeddable":true,"href":"https:\/\/baflesoviedo.com\/home\/wp-json\/wp\/v2\/product_cat?post=5960"},{"taxonomy":"product_tag","embeddable":true,"href":"https:\/\/baflesoviedo.com\/home\/wp-json\/wp\/v2\/product_tag?post=5960"}],"curies":[{"name":"wp","href":"https:\/\/api.w.org\/{rel}","templated":true}]}}