{"id":615,"date":"2020-04-23T17:13:15","date_gmt":"2020-04-23T17:13:15","guid":{"rendered":"https:\/\/baflesoviedo.com\/home\/?post_type=product&#038;p=615"},"modified":"2023-10-21T03:56:27","modified_gmt":"2023-10-21T03:56:27","slug":"lithe-audio-bluetooth-5-ceiling-speaker-pair-altavoz-de-techo-inalambrico-bluetooth","status":"publish","type":"product","link":"https:\/\/baflesoviedo.com\/home\/product\/lithe-audio-bluetooth-5-ceiling-speaker-pair-altavoz-de-techo-inalambrico-bluetooth\/","title":{"rendered":"Lithe Audio, 03201 Bluetooth 5, Altavoz de techo Inal\u00e1mbrico Bluetooth (Par)"},"content":{"rendered":"<p>&nbsp;<\/p>\n<p><strong>Especificaciones<\/strong><\/p>\n<table style=\"height: 613px;\" width=\"774\">\n<tbody>\n<tr>\n<td width=\"188\">Conectividad<\/td>\n<td width=\"564\">Funciona con cualquier dispositivo Bluetooth v5.0 (compatible con versiones anteriores)<\/td>\n<\/tr>\n<tr>\n<td width=\"188\"><\/td>\n<td width=\"564\">Chipset aptX de baja latencia<\/td>\n<\/tr>\n<tr>\n<td width=\"188\"><\/td>\n<td width=\"564\">Alcance inal\u00e1mbrico: hasta 30 metros (con dispositivos Bluetooth V5.0 compatibles)<\/td>\n<\/tr>\n<tr>\n<td width=\"188\"><\/td>\n<td width=\"564\">Detecta autom\u00e1ticamente la conexi\u00f3n RCA para TV, amplificador, etc.<\/td>\n<\/tr>\n<tr>\n<td width=\"188\"><\/td>\n<td width=\"564\">Salida para altavoz esclavo pasivo adicional<\/td>\n<\/tr>\n<tr>\n<td width=\"188\"><\/td>\n<td width=\"564\">Lithe LINK conecta hasta 3 altavoces BT maestros para reproducir en todos<\/td>\n<\/tr>\n<tr>\n<td width=\"188\">ESPECIFICACIONES DE AUDIO<\/td>\n<td width=\"564\">Woofer: cono tejido de Kevlar de 6.5 &#8220;<\/td>\n<\/tr>\n<tr>\n<td width=\"188\"><\/td>\n<td width=\"564\">Tweeter: cono de titanio de 0.75 &#8220;<\/td>\n<\/tr>\n<tr>\n<td width=\"188\"><\/td>\n<td width=\"564\">Interruptor mono \/ est\u00e9reo<\/td>\n<\/tr>\n<tr>\n<td width=\"188\"><\/td>\n<td width=\"564\">Potencia RMS: 50W RMS<\/td>\n<\/tr>\n<tr>\n<td width=\"188\"><\/td>\n<td width=\"564\">Impedancia: 8 ohmios<\/td>\n<\/tr>\n<tr>\n<td width=\"188\"><\/td>\n<td width=\"564\">Calidad de sonido THD + N 0.009%, 55Hz-20kHZ<\/td>\n<\/tr>\n<tr>\n<td width=\"188\"><\/td>\n<td width=\"564\">Sensibilidad (1W \/ 1m): 90dB<\/td>\n<\/tr>\n<tr>\n<td width=\"188\"><\/td>\n<td width=\"564\">Frecuencia de muestreo de audio: 8 kHz<\/td>\n<\/tr>\n<tr>\n<td width=\"188\"><\/td>\n<td width=\"564\">Amplificador digital clase D<\/td>\n<\/tr>\n<tr>\n<td width=\"188\">ESPECIFICADOR DE ALTAVOZ<\/td>\n<td width=\"564\">Di\u00e1metro de corte de 210 mm<\/td>\n<\/tr>\n<tr>\n<td width=\"188\"><\/td>\n<td width=\"564\">Peso: 3.7kg<\/td>\n<\/tr>\n<tr>\n<td width=\"188\"><\/td>\n<td width=\"564\">Fuente de alimentaci\u00f3n: DC24V \/ 2.5A<\/td>\n<\/tr>\n<tr>\n<td width=\"188\"><\/td>\n<td width=\"564\">Dimensiones: (ancho x profundidad) 230 x 97 mm<\/td>\n<\/tr>\n<tr>\n<td width=\"188\"><\/td>\n<td width=\"564\">Temperatura de funcionamiento: 0\u00ba a 40\u00ba C<\/td>\n<\/tr>\n<tr>\n<td width=\"188\"><\/td>\n<td width=\"564\">Temperatura de almacenamiento: -20\u00ba a 70\u00ba C<\/td>\n<\/tr>\n<\/tbody>\n<\/table>\n<p><a href=\"https:\/\/www.litheaudio.com\/kitchen-ceiling-speakers\/lithe-audio-65-bluetooth-5-ceiling-speaker-pair.html\" target=\"_blank\" rel=\"noopener noreferrer\"><span style=\"color: #0000ff;\">Click aqu\u00ed para m\u00e1s informaci\u00f3n del producto<\/span><\/a><\/p>\n","protected":false},"excerpt":{"rendered":"<p>Los altavoces de techo inal\u00e1mbricos Bluetooth 5 todo en uno combinan un amplificador, un receptor Bluetooth y un altavoz de alta calidad, para ofrecerle la soluci\u00f3n todo en uno ideal para su propiedad.<br \/>\nControle un mundo de m\u00fasica con un toque con cualquier dispositivo Bluetooth, transmitiendo audio directamente desde cualquier aplicaci\u00f3n.<\/p>\n<p>Precio por set.<\/p>\n","protected":false},"featured_media":616,"template":"","meta":[],"product_cat":[23],"product_tag":[31,80,74,75],"_links":{"self":[{"href":"https:\/\/baflesoviedo.com\/home\/wp-json\/wp\/v2\/product\/615"}],"collection":[{"href":"https:\/\/baflesoviedo.com\/home\/wp-json\/wp\/v2\/product"}],"about":[{"href":"https:\/\/baflesoviedo.com\/home\/wp-json\/wp\/v2\/types\/product"}],"wp:featuredmedia":[{"embeddable":true,"href":"https:\/\/baflesoviedo.com\/home\/wp-json\/wp\/v2\/media\/616"}],"wp:attachment":[{"href":"https:\/\/baflesoviedo.com\/home\/wp-json\/wp\/v2\/media?parent=615"}],"wp:term":[{"taxonomy":"product_cat","embeddable":true,"href":"https:\/\/baflesoviedo.com\/home\/wp-json\/wp\/v2\/product_cat?post=615"},{"taxonomy":"product_tag","embeddable":true,"href":"https:\/\/baflesoviedo.com\/home\/wp-json\/wp\/v2\/product_tag?post=615"}],"curies":[{"name":"wp","href":"https:\/\/api.w.org\/{rel}","templated":true}]}}