{"id":625,"date":"2020-04-23T17:33:14","date_gmt":"2020-04-23T17:33:14","guid":{"rendered":"https:\/\/baflesoviedo.com\/home\/?post_type=product&#038;p=625"},"modified":"2023-10-21T22:22:45","modified_gmt":"2023-10-21T22:22:45","slug":"dayton-audio-dc200-8-parlante-woofer","status":"publish","type":"product","link":"https:\/\/baflesoviedo.com\/home\/product\/dayton-audio-dc200-8-parlante-woofer\/","title":{"rendered":"Dayton Audio, DC200-8, Parlante Woofer"},"content":{"rendered":"<p>&nbsp;<\/p>\n<p><strong>Especificaciones<\/strong><\/p>\n<table width=\"341\">\n<tbody>\n<tr>\n<td width=\"216\">Color<\/td>\n<td width=\"125\">Negro<\/td>\n<\/tr>\n<tr>\n<td width=\"216\">Tipo de altavoz<\/td>\n<td width=\"125\">Woofer<\/td>\n<\/tr>\n<tr>\n<td width=\"216\">Di\u00e1metro nominal<\/td>\n<td width=\"125\">8 &#8220;<\/td>\n<\/tr>\n<tr>\n<td width=\"216\">Manejo de potencia (RMS)<\/td>\n<td width=\"125\">60 vatios<\/td>\n<\/tr>\n<tr>\n<td width=\"216\">Manejo de potencia (m\u00e1x.)<\/td>\n<td width=\"125\">120 vatios<\/td>\n<\/tr>\n<tr>\n<td width=\"216\">Impedancia<\/td>\n<td width=\"125\">8 ohmios<\/td>\n<\/tr>\n<tr>\n<td width=\"216\">Sensibilidad<\/td>\n<td width=\"125\">87 dB @ 2.83V \/ 1m<\/td>\n<\/tr>\n<tr>\n<td width=\"216\">Respuesta frecuente<\/td>\n<td width=\"125\">29 &#8211; 3000 Hz<\/td>\n<\/tr>\n<tr>\n<td width=\"216\">Di\u00e1metro de la bobina de voz<\/td>\n<td width=\"125\">35 mm<\/td>\n<\/tr>\n<tr>\n<td width=\"216\">Peso del im\u00e1n<\/td>\n<td width=\"125\">15 onzas<\/td>\n<\/tr>\n<tr>\n<td width=\"216\">Resistencia DC (Re)<\/td>\n<td width=\"125\">6.41 ohmios<\/td>\n<\/tr>\n<tr>\n<td width=\"216\">Inductancia de bobina de voz (Le)<\/td>\n<td width=\"125\">2,32 mH @ 1 kHz<\/td>\n<\/tr>\n<tr>\n<td width=\"216\">Frecuencia Resonante (Fs)<\/td>\n<td width=\"125\">30,3 Hz<\/td>\n<\/tr>\n<\/tbody>\n<\/table>\n<p><a href=\"https:\/\/www.daytonaudio.com\/product\/25\/dc200-8-8-classic-woofer-8-ohm\" target=\"_blank\" rel=\"noopener noreferrer\"><span style=\"color: #0000ff;\">Click aqu\u00ed para m\u00e1s informaci\u00f3n del producto<\/span><\/a><\/p>\n","protected":false},"excerpt":{"rendered":"<p>El woofer Dayton Audios DC200-8 Classic Series de 8 &#8220;ofrece uno de los mejores valores de precio\/rendimiento disponibles en cualquier lugar. Este altavoz DC200-8 de 8&#8221;, y de hecho toda la serie Classic, tiene un cono de papel tratado no presionado, bobina de voz ASV, pieza polar ventilada, borde de goma, tapa de polvo de tela recubierta y excelente rendimiento de baja frecuencia.<\/p>\n","protected":false},"featured_media":631,"template":"","meta":[],"product_cat":[25],"product_tag":[76,84,85],"_links":{"self":[{"href":"https:\/\/baflesoviedo.com\/home\/wp-json\/wp\/v2\/product\/625"}],"collection":[{"href":"https:\/\/baflesoviedo.com\/home\/wp-json\/wp\/v2\/product"}],"about":[{"href":"https:\/\/baflesoviedo.com\/home\/wp-json\/wp\/v2\/types\/product"}],"wp:featuredmedia":[{"embeddable":true,"href":"https:\/\/baflesoviedo.com\/home\/wp-json\/wp\/v2\/media\/631"}],"wp:attachment":[{"href":"https:\/\/baflesoviedo.com\/home\/wp-json\/wp\/v2\/media?parent=625"}],"wp:term":[{"taxonomy":"product_cat","embeddable":true,"href":"https:\/\/baflesoviedo.com\/home\/wp-json\/wp\/v2\/product_cat?post=625"},{"taxonomy":"product_tag","embeddable":true,"href":"https:\/\/baflesoviedo.com\/home\/wp-json\/wp\/v2\/product_tag?post=625"}],"curies":[{"name":"wp","href":"https:\/\/api.w.org\/{rel}","templated":true}]}}