{"id":642,"date":"2020-04-23T17:46:29","date_gmt":"2020-04-23T17:46:29","guid":{"rendered":"https:\/\/baflesoviedo.com\/home\/?post_type=product&#038;p=642"},"modified":"2023-10-21T22:20:35","modified_gmt":"2023-10-21T22:20:35","slug":"dayton-audio-dc25t-8-parlante-tweeter","status":"publish","type":"product","link":"https:\/\/baflesoviedo.com\/home\/product\/dayton-audio-dc25t-8-parlante-tweeter\/","title":{"rendered":"Dayton Audio, DC25T-8, Parlante Tweeter"},"content":{"rendered":"<p>&nbsp;<\/p>\n<p><strong>Especificaciones<\/strong><\/p>\n<table style=\"height: 375px;\" width=\"358\">\n<tbody>\n<tr>\n<td width=\"216\">Color<\/td>\n<td width=\"111\">Negro<\/td>\n<\/tr>\n<tr>\n<td width=\"216\">Tipo de altavoz<\/td>\n<td width=\"111\">Tweeter<\/td>\n<\/tr>\n<tr>\n<td width=\"216\">Di\u00e1metro nominal<\/td>\n<td width=\"111\">1 &#8220;<\/td>\n<\/tr>\n<tr>\n<td width=\"216\">Manejo de potencia (RMS)<\/td>\n<td width=\"111\">50 vatios<\/td>\n<\/tr>\n<tr>\n<td width=\"216\">Manejo de potencia (m\u00e1x.)<\/td>\n<td width=\"111\">100 vatios<\/td>\n<\/tr>\n<tr>\n<td width=\"216\">Impedancia<\/td>\n<td width=\"111\">8 ohmios<\/td>\n<\/tr>\n<tr>\n<td width=\"216\">Sensibilidad<\/td>\n<td width=\"111\">93 dB @ 1W \/ 1m<\/td>\n<\/tr>\n<tr>\n<td width=\"216\">Respuesta frecuente<\/td>\n<td width=\"111\">3000 &#8211; 20<\/td>\n<\/tr>\n<tr>\n<td width=\"216\">Di\u00e1metro de la bobina de voz<\/td>\n<td width=\"111\">25 mm<\/td>\n<\/tr>\n<tr>\n<td width=\"216\">Resistencia DC (Re)<\/td>\n<td width=\"111\">7.7 ohmios<\/td>\n<\/tr>\n<tr>\n<td width=\"216\">Inductancia de bobina de voz (Le)<\/td>\n<td width=\"111\">0.59 mH @ 1 kHz<\/td>\n<\/tr>\n<tr>\n<td width=\"216\">Frecuencia Resonante (Fs)<\/td>\n<td width=\"111\">1468 Hz<\/td>\n<\/tr>\n<\/tbody>\n<\/table>\n<p><a href=\"http:\/\/www.daytonaudio.com\/product\/27\/dc25t-8-1-titanium-dome-tweeter-8-ohm\" target=\"_blank\" rel=\"noopener noreferrer\"><span style=\"color: #0000ff;\">Click aqu\u00ed para m\u00e1s informaci\u00f3n del producto<\/span><\/a><\/p>\n","protected":false},"excerpt":{"rendered":"<p>Cuenta con una bobina m\u00f3vil de aluminio refrigerado por fluido ferro y un borde de goma. La c\u00fapula de titanio de 1 &#8220;y la lente de fase de precisi\u00f3n proporcionan una reproducci\u00f3n de alta frecuencia con un sonido muy natural.<\/p>\n","protected":false},"featured_media":645,"template":"","meta":[],"product_cat":[25],"product_tag":[76,84,86],"_links":{"self":[{"href":"https:\/\/baflesoviedo.com\/home\/wp-json\/wp\/v2\/product\/642"}],"collection":[{"href":"https:\/\/baflesoviedo.com\/home\/wp-json\/wp\/v2\/product"}],"about":[{"href":"https:\/\/baflesoviedo.com\/home\/wp-json\/wp\/v2\/types\/product"}],"wp:featuredmedia":[{"embeddable":true,"href":"https:\/\/baflesoviedo.com\/home\/wp-json\/wp\/v2\/media\/645"}],"wp:attachment":[{"href":"https:\/\/baflesoviedo.com\/home\/wp-json\/wp\/v2\/media?parent=642"}],"wp:term":[{"taxonomy":"product_cat","embeddable":true,"href":"https:\/\/baflesoviedo.com\/home\/wp-json\/wp\/v2\/product_cat?post=642"},{"taxonomy":"product_tag","embeddable":true,"href":"https:\/\/baflesoviedo.com\/home\/wp-json\/wp\/v2\/product_tag?post=642"}],"curies":[{"name":"wp","href":"https:\/\/api.w.org\/{rel}","templated":true}]}}