{"id":646,"date":"2020-04-23T17:51:04","date_gmt":"2020-04-23T17:51:04","guid":{"rendered":"https:\/\/baflesoviedo.com\/home\/?post_type=product&#038;p=646"},"modified":"2023-10-21T22:20:22","modified_gmt":"2023-10-21T22:20:22","slug":"dayton-audio-dc28f-8-parlante-tweeter","status":"publish","type":"product","link":"https:\/\/baflesoviedo.com\/home\/product\/dayton-audio-dc28f-8-parlante-tweeter\/","title":{"rendered":"Dayton Audio, DC28F-8, Parlante Tweeter"},"content":{"rendered":"<p><strong>Especificaciones<\/strong><\/p>\n<p>&nbsp;<\/p>\n<table style=\"height: 366px;\" width=\"373\">\n<tbody>\n<tr>\n<td width=\"216\">Color<\/td>\n<td width=\"115\">Negro<\/td>\n<\/tr>\n<tr>\n<td width=\"216\">Tipo de altavoz<\/td>\n<td width=\"115\">Tweeter<\/td>\n<\/tr>\n<tr>\n<td width=\"216\">Di\u00e1metro nominal<\/td>\n<td width=\"115\">1.125 &#8220;<\/td>\n<\/tr>\n<tr>\n<td width=\"216\">Manejo de potencia (RMS)<\/td>\n<td width=\"115\">50 vatios<\/td>\n<\/tr>\n<tr>\n<td width=\"216\">Manejo de potencia (m\u00e1x.)<\/td>\n<td width=\"115\">100 vatios<\/td>\n<\/tr>\n<tr>\n<td width=\"216\">Impedancia<\/td>\n<td width=\"115\">8 ohmios<\/td>\n<\/tr>\n<tr>\n<td width=\"216\">Sensibilidad<\/td>\n<td width=\"115\">89 dB @ 1W \/ 1m<\/td>\n<\/tr>\n<tr>\n<td width=\"216\">Respuesta frecuente<\/td>\n<td width=\"115\">1300 &#8211; 20<\/td>\n<\/tr>\n<tr>\n<td width=\"216\">Di\u00e1metro de la bobina de voz<\/td>\n<td width=\"115\">29 mm<\/td>\n<\/tr>\n<tr>\n<td width=\"216\">Resistencia DC (Re)<\/td>\n<td width=\"115\">5.4 ohmios<\/td>\n<\/tr>\n<tr>\n<td width=\"216\">Inductancia de bobina de voz (Le)<\/td>\n<td width=\"115\">0.09 mH @ 10 kHz<\/td>\n<\/tr>\n<tr>\n<td width=\"216\">Frecuencia Resonante (Fs)<\/td>\n<td width=\"115\">834 Hz<\/td>\n<\/tr>\n<\/tbody>\n<\/table>\n<p><a href=\"http:\/\/www.daytonaudio.com\/product\/29\/dc28f-8-1-1-8-silk-dome-tweeter-8-ohm\" target=\"_blank\" rel=\"noopener noreferrer\"><span style=\"color: #0000ff;\">Click aqu\u00ed para m\u00e1s informaci\u00f3n del producto<\/span><\/a><\/p>\n","protected":false},"excerpt":{"rendered":"<p>\u00a1Dise\u00f1o y rendimiento europeo superior a una fracci\u00f3n del costo de transductores de alta frecuencia audi\u00f3filos similares! \u00a1Probado cl\u00ednicamente y comparado con Morel con resultados sorprendentemente similares! \u00a1Recomendado para puntos de cruce de hasta 1800 Hz!<\/p>\n","protected":false},"featured_media":649,"template":"","meta":[],"product_cat":[25],"product_tag":[76,84,86],"_links":{"self":[{"href":"https:\/\/baflesoviedo.com\/home\/wp-json\/wp\/v2\/product\/646"}],"collection":[{"href":"https:\/\/baflesoviedo.com\/home\/wp-json\/wp\/v2\/product"}],"about":[{"href":"https:\/\/baflesoviedo.com\/home\/wp-json\/wp\/v2\/types\/product"}],"wp:featuredmedia":[{"embeddable":true,"href":"https:\/\/baflesoviedo.com\/home\/wp-json\/wp\/v2\/media\/649"}],"wp:attachment":[{"href":"https:\/\/baflesoviedo.com\/home\/wp-json\/wp\/v2\/media?parent=646"}],"wp:term":[{"taxonomy":"product_cat","embeddable":true,"href":"https:\/\/baflesoviedo.com\/home\/wp-json\/wp\/v2\/product_cat?post=646"},{"taxonomy":"product_tag","embeddable":true,"href":"https:\/\/baflesoviedo.com\/home\/wp-json\/wp\/v2\/product_tag?post=646"}],"curies":[{"name":"wp","href":"https:\/\/api.w.org\/{rel}","templated":true}]}}