{"id":654,"date":"2020-04-23T18:04:13","date_gmt":"2020-04-23T18:04:13","guid":{"rendered":"https:\/\/baflesoviedo.com\/home\/?post_type=product&#038;p=654"},"modified":"2023-10-21T22:20:01","modified_gmt":"2023-10-21T22:20:01","slug":"dayton-audio-nd25ta-4-parlante-tweeter","status":"publish","type":"product","link":"https:\/\/baflesoviedo.com\/home\/product\/dayton-audio-nd25ta-4-parlante-tweeter\/","title":{"rendered":"Dayton Audio, ND25TA-4, Parlante Tweeter"},"content":{"rendered":"<p>&nbsp;<\/p>\n<p><strong>Especificaciones<\/strong><\/p>\n<table style=\"height: 339px;\" width=\"384\">\n<tbody>\n<tr>\n<td width=\"216\">Color<\/td>\n<td width=\"125\">Negro<\/td>\n<\/tr>\n<tr>\n<td width=\"216\">Tipo de altavoz<\/td>\n<td width=\"125\">Tweeter<\/td>\n<\/tr>\n<tr>\n<td width=\"216\">Manejo de potencia (RMS)<\/td>\n<td width=\"125\">20 vatios<\/td>\n<\/tr>\n<tr>\n<td width=\"216\">Manejo de potencia (m\u00e1x.)<\/td>\n<td width=\"125\">40 vatios<\/td>\n<\/tr>\n<tr>\n<td width=\"216\">Impedancia<\/td>\n<td width=\"125\">4 ohmios<\/td>\n<\/tr>\n<tr>\n<td width=\"216\">Sensibilidad<\/td>\n<td width=\"125\">91 dB @ 2.83V \/ 1m<\/td>\n<\/tr>\n<tr>\n<td width=\"216\">Respuesta de frecuencia<\/td>\n<td width=\"125\">2900 &#8211; 20<\/td>\n<\/tr>\n<tr>\n<td width=\"216\">Di\u00e1metro de la bobina de voz<\/td>\n<td width=\"125\">25 mm<\/td>\n<\/tr>\n<tr>\n<td width=\"216\">Resistencia DC (Re)<\/td>\n<td width=\"125\">3.2 ohmios<\/td>\n<\/tr>\n<tr>\n<td width=\"216\">Inductancia de bobina de voz (Le)<\/td>\n<td width=\"125\">0,48 mH<\/td>\n<\/tr>\n<tr>\n<td width=\"216\">Frecuencia Resonante (Fs)<\/td>\n<td width=\"125\">1470 Hz<\/td>\n<\/tr>\n<\/tbody>\n<\/table>\n<p><a href=\"https:\/\/www.daytonaudio.com\/product\/1195\/nd25ta-4-1-titanium-dome-neodymium-tweeter-4-ohm\" target=\"_blank\" rel=\"noopener noreferrer\"><span style=\"color: #0000ff;\">Click aqu\u00ed para m\u00e1s informaci\u00f3n del producto<\/span><\/a><\/p>\n","protected":false},"excerpt":{"rendered":"<p>El Dayton Audio ND25TA-4 es un tweeter vers\u00e1til de 1 &#8220;con c\u00fapula de titanio que ofrece el rendimiento de los tweeters m\u00e1s caros en un paquete compacto y elegante. Cuenta con un dise\u00f1o de placa frontal redonda exclusiva de Dayton Audio con rejilla de acero perforada integral y un motor de neodimio peque\u00f1o pero potente con disipador t\u00e9rmico de aluminio adjunto y espacio magn\u00e9tico lleno de ferrofluido para una compresi\u00f3n de potencia reducida y un manejo de potencia mejorado a largo plazo. El diafragma de titanio cuidadosamente dise\u00f1ado proporciona una respuesta de agudos limpia y n\u00edtida a m\u00e1s de 22 kHz, y ofrece excelentes detalles sonoros y din\u00e1micas con baja distorsi\u00f3n. Una tapa de polo de cobre reduce a\u00fan m\u00e1s la distorsi\u00f3n y los efectos de inductancia.<\/p>\n","protected":false},"featured_media":657,"template":"","meta":[],"product_cat":[25],"product_tag":[76,84,86],"_links":{"self":[{"href":"https:\/\/baflesoviedo.com\/home\/wp-json\/wp\/v2\/product\/654"}],"collection":[{"href":"https:\/\/baflesoviedo.com\/home\/wp-json\/wp\/v2\/product"}],"about":[{"href":"https:\/\/baflesoviedo.com\/home\/wp-json\/wp\/v2\/types\/product"}],"wp:featuredmedia":[{"embeddable":true,"href":"https:\/\/baflesoviedo.com\/home\/wp-json\/wp\/v2\/media\/657"}],"wp:attachment":[{"href":"https:\/\/baflesoviedo.com\/home\/wp-json\/wp\/v2\/media?parent=654"}],"wp:term":[{"taxonomy":"product_cat","embeddable":true,"href":"https:\/\/baflesoviedo.com\/home\/wp-json\/wp\/v2\/product_cat?post=654"},{"taxonomy":"product_tag","embeddable":true,"href":"https:\/\/baflesoviedo.com\/home\/wp-json\/wp\/v2\/product_tag?post=654"}],"curies":[{"name":"wp","href":"https:\/\/api.w.org\/{rel}","templated":true}]}}