{"id":696,"date":"2020-04-23T21:31:45","date_gmt":"2020-04-23T21:31:45","guid":{"rendered":"https:\/\/baflesoviedo.com\/home\/?post_type=product&#038;p=696"},"modified":"2025-06-11T02:36:59","modified_gmt":"2025-06-11T02:36:59","slug":"hidiamond-diamond-0-xlr-cable-de-senal-xlr","status":"publish","type":"product","link":"https:\/\/baflesoviedo.com\/home\/product\/hidiamond-diamond-0-xlr-cable-de-senal-xlr\/","title":{"rendered":"HiDiamond, Diamond 0 Xlr, Cable Se\u00f1al XLR"},"content":{"rendered":"<p>&nbsp;<\/p>\n<p><strong>Especificaciones<\/strong><\/p>\n<table style=\"height: 175px;\" width=\"360\">\n<tbody>\n<tr>\n<td width=\"167\">Chaqueta externa mm.<\/td>\n<td width=\"126\">7<\/td>\n<\/tr>\n<tr>\n<td width=\"167\">N\u00famero de cond.<\/td>\n<td width=\"126\">3<\/td>\n<\/tr>\n<tr>\n<td width=\"167\">Cond. Cobre<\/td>\n<td width=\"126\">(4VRC)<\/td>\n<\/tr>\n<tr>\n<td width=\"167\">Capacidad max.<\/td>\n<td width=\"126\">55 Pf \/ m.<\/td>\n<\/tr>\n<tr>\n<td width=\"167\">Resistencia del conductor<\/td>\n<td width=\"126\">91 ohmios \/ km.<\/td>\n<\/tr>\n<tr>\n<td width=\"167\">Resistencia al escudo<\/td>\n<td width=\"126\">45 ohmios \/ km.<\/td>\n<\/tr>\n<\/tbody>\n<\/table>\n<p><a href=\"http:\/\/www.hidiamond.eu\/eng\/index.php?option=com_content&amp;view=article&amp;id=356:signal-cable-xlr-0&amp;catid=38:products&amp;Itemid=101&amp;lang=en\" target=\"_blank\" rel=\"noopener noreferrer\"><span style=\"color: #0000ff;\">Click aqu\u00ed para m\u00e1s informaci\u00f3n del producto<\/span><\/a><\/p>\n","protected":false},"excerpt":{"rendered":"<p>CABLE DE SE\u00d1AL XLR 0<\/p>\n<p>Cable con 4VRC \u00a9 patentado, cocci\u00f3n de cobre cuatro veces para obtener una reducci\u00f3n en los valores de inductancia, capacitancia y resistencia, aislador en XLPE donde XLPE y 100 veces mejor que el tefl\u00f3n normal.<\/p>\n","protected":false},"featured_media":697,"template":"","meta":[],"product_cat":[26],"product_tag":[201,88,90],"_links":{"self":[{"href":"https:\/\/baflesoviedo.com\/home\/wp-json\/wp\/v2\/product\/696"}],"collection":[{"href":"https:\/\/baflesoviedo.com\/home\/wp-json\/wp\/v2\/product"}],"about":[{"href":"https:\/\/baflesoviedo.com\/home\/wp-json\/wp\/v2\/types\/product"}],"wp:featuredmedia":[{"embeddable":true,"href":"https:\/\/baflesoviedo.com\/home\/wp-json\/wp\/v2\/media\/697"}],"wp:attachment":[{"href":"https:\/\/baflesoviedo.com\/home\/wp-json\/wp\/v2\/media?parent=696"}],"wp:term":[{"taxonomy":"product_cat","embeddable":true,"href":"https:\/\/baflesoviedo.com\/home\/wp-json\/wp\/v2\/product_cat?post=696"},{"taxonomy":"product_tag","embeddable":true,"href":"https:\/\/baflesoviedo.com\/home\/wp-json\/wp\/v2\/product_tag?post=696"}],"curies":[{"name":"wp","href":"https:\/\/api.w.org\/{rel}","templated":true}]}}