{"id":698,"date":"2020-04-23T21:38:20","date_gmt":"2020-04-23T21:38:20","guid":{"rendered":"https:\/\/baflesoviedo.com\/home\/?post_type=product&#038;p=698"},"modified":"2025-06-11T02:36:44","modified_gmt":"2025-06-11T02:36:44","slug":"hidiamond-diamond-1-xlr-cable-de-senal-xlr","status":"publish","type":"product","link":"https:\/\/baflesoviedo.com\/home\/product\/hidiamond-diamond-1-xlr-cable-de-senal-xlr\/","title":{"rendered":"HiDiamond, Diamond 1 Xlr, Cable Se\u00f1al XLR"},"content":{"rendered":"<p>&nbsp;<\/p>\n<p><strong>Especificaciones<\/strong><\/p>\n<table style=\"height: 189px;\" width=\"324\">\n<tbody>\n<tr>\n<td width=\"167\">Chaqueta externa mm.<\/td>\n<td width=\"117\">7<\/td>\n<\/tr>\n<tr>\n<td width=\"167\">N\u00famero de cond.<\/td>\n<td width=\"117\">3<\/td>\n<\/tr>\n<tr>\n<td width=\"167\">Cond. Cobre<\/td>\n<td width=\"117\">(4VRC)<\/td>\n<\/tr>\n<tr>\n<td width=\"167\">Capacidad max.<\/td>\n<td width=\"117\">87 Pf \/ m.<\/td>\n<\/tr>\n<tr>\n<td width=\"167\">Resistencia del conductor<\/td>\n<td width=\"117\">62 ohmios \/ km.<\/td>\n<\/tr>\n<tr>\n<td width=\"167\">Resistencia al escudo<\/td>\n<td width=\"117\">35 ohmios \/ km.<\/td>\n<\/tr>\n<\/tbody>\n<\/table>\n<p><a href=\"http:\/\/www.hidiamond.eu\/eng\/index.php?option=com_content&amp;view=article&amp;id=166:cavo-di-segnale-xlr-diamond-1&amp;catid=38:prodotti&amp;Itemid=101&amp;lang=en\" target=\"_blank\" rel=\"noopener noreferrer\"><span style=\"color: #0000ff;\">Click aqu\u00ed para m\u00e1s informaci\u00f3n del producto<\/span><\/a><\/p>\n","protected":false},"excerpt":{"rendered":"<p>CABLE DE SE\u00d1AL XLR DIAMOND 1<\/p>\n<p>Cable con 4VRC \u00a9 patentado, cocci\u00f3n de cobre cuatro veces para obtener una reducci\u00f3n en los valores de inductancia, capacitancia y resistencia, aislador en XLPE donde XLPE y 100 veces mejor que el tefl\u00f3n normal. Esto reduce el umbral de escape de la espiga y, por lo tanto, el ancho de la barrera de la se\u00f1al musical que garantiza una mayor linealidad y baja amplitud de la onda sinusoidal de la base para el beneficio de la naturalidad de la emisi\u00f3n de la se\u00f1al musical.<\/p>\n","protected":false},"featured_media":699,"template":"","meta":[],"product_cat":[26],"product_tag":[201,88,90],"_links":{"self":[{"href":"https:\/\/baflesoviedo.com\/home\/wp-json\/wp\/v2\/product\/698"}],"collection":[{"href":"https:\/\/baflesoviedo.com\/home\/wp-json\/wp\/v2\/product"}],"about":[{"href":"https:\/\/baflesoviedo.com\/home\/wp-json\/wp\/v2\/types\/product"}],"wp:featuredmedia":[{"embeddable":true,"href":"https:\/\/baflesoviedo.com\/home\/wp-json\/wp\/v2\/media\/699"}],"wp:attachment":[{"href":"https:\/\/baflesoviedo.com\/home\/wp-json\/wp\/v2\/media?parent=698"}],"wp:term":[{"taxonomy":"product_cat","embeddable":true,"href":"https:\/\/baflesoviedo.com\/home\/wp-json\/wp\/v2\/product_cat?post=698"},{"taxonomy":"product_tag","embeddable":true,"href":"https:\/\/baflesoviedo.com\/home\/wp-json\/wp\/v2\/product_tag?post=698"}],"curies":[{"name":"wp","href":"https:\/\/api.w.org\/{rel}","templated":true}]}}