{"id":702,"date":"2020-04-23T21:50:02","date_gmt":"2020-04-23T21:50:02","guid":{"rendered":"https:\/\/baflesoviedo.com\/home\/?post_type=product&#038;p=702"},"modified":"2025-06-11T02:36:04","modified_gmt":"2025-06-11T02:36:04","slug":"hidiamond-diamond-2-rca-cable-de-senal-rca","status":"publish","type":"product","link":"https:\/\/baflesoviedo.com\/home\/product\/hidiamond-diamond-2-rca-cable-de-senal-rca\/","title":{"rendered":"HiDiamond, Diamond 2 RCA, Cable Se\u00f1al RCA"},"content":{"rendered":"<p>&nbsp;<\/p>\n<p><strong>Especificaciones<\/strong><\/p>\n<table style=\"height: 183px;\" width=\"342\">\n<tbody>\n<tr>\n<td width=\"167\">Chaqueta externa mm.<\/td>\n<td width=\"136\">7<\/td>\n<\/tr>\n<tr>\n<td width=\"167\">N\u00famero de cond.<\/td>\n<td width=\"136\">2<\/td>\n<\/tr>\n<tr>\n<td width=\"167\">Cond. Cobre<\/td>\n<td width=\"136\">(4VRC)<\/td>\n<\/tr>\n<tr>\n<td width=\"167\">Capacidad max.<\/td>\n<td width=\"136\">126 Pf \/ m.<\/td>\n<\/tr>\n<tr>\n<td width=\"167\">Resistencia del conductor<\/td>\n<td width=\"136\">7,5 ohmios \/ 100 m.<\/td>\n<\/tr>\n<tr>\n<td width=\"167\">Resistencia al escudo<\/td>\n<td width=\"136\">3,1 ohmios \/ 100 m.<\/td>\n<\/tr>\n<\/tbody>\n<\/table>\n<p><a href=\"http:\/\/www.hidiamond.eu\/eng\/index.php?option=com_content&amp;view=article&amp;id=110:cavo-di-segnale-diamond-2&amp;catid=38:prodotti&amp;Itemid=101&amp;lang=en\" target=\"_blank\" rel=\"noopener noreferrer\"><span style=\"color: #0000ff;\">Click aqu\u00ed para m\u00e1s informaci\u00f3n del producto<\/span><\/a><\/p>\n","protected":false},"excerpt":{"rendered":"<p>CABLE DE SE\u00d1AL DIAMOND 2<\/p>\n<p>Cable HiDiamond con 4VRC \u00a9 patentado, cocci\u00f3n de cobre cuatro veces para obtener una reducci\u00f3n en los valores de inductancia, capacitancia y resistencia, terminado con conectores de bloqueo de calidad. El sonido neutro, la reconstrucci\u00f3n virtual del escenario, el enfoque, la naturalidad de los planes de sonido es excelente.<\/p>\n","protected":false},"featured_media":703,"template":"","meta":[],"product_cat":[26],"product_tag":[201,88,91],"_links":{"self":[{"href":"https:\/\/baflesoviedo.com\/home\/wp-json\/wp\/v2\/product\/702"}],"collection":[{"href":"https:\/\/baflesoviedo.com\/home\/wp-json\/wp\/v2\/product"}],"about":[{"href":"https:\/\/baflesoviedo.com\/home\/wp-json\/wp\/v2\/types\/product"}],"wp:featuredmedia":[{"embeddable":true,"href":"https:\/\/baflesoviedo.com\/home\/wp-json\/wp\/v2\/media\/703"}],"wp:attachment":[{"href":"https:\/\/baflesoviedo.com\/home\/wp-json\/wp\/v2\/media?parent=702"}],"wp:term":[{"taxonomy":"product_cat","embeddable":true,"href":"https:\/\/baflesoviedo.com\/home\/wp-json\/wp\/v2\/product_cat?post=702"},{"taxonomy":"product_tag","embeddable":true,"href":"https:\/\/baflesoviedo.com\/home\/wp-json\/wp\/v2\/product_tag?post=702"}],"curies":[{"name":"wp","href":"https:\/\/api.w.org\/{rel}","templated":true}]}}