{"id":708,"date":"2020-04-23T22:04:35","date_gmt":"2020-04-23T22:04:35","guid":{"rendered":"https:\/\/baflesoviedo.com\/home\/?post_type=product&#038;p=708"},"modified":"2025-06-11T02:35:34","modified_gmt":"2025-06-11T02:35:34","slug":"hidiamond-diamond-2-speaker-cable-de-senal-para-altavoz","status":"publish","type":"product","link":"https:\/\/baflesoviedo.com\/home\/product\/hidiamond-diamond-2-speaker-cable-de-senal-para-altavoz\/","title":{"rendered":"HiDiamond, Diamond 2 Speaker, Cable Se\u00f1al Altavoz"},"content":{"rendered":"<p>&nbsp;<\/p>\n<p><strong>Especificaciones<\/strong><\/p>\n<table style=\"height: 139px;\" width=\"320\">\n<tbody>\n<tr>\n<td width=\"173\">Chaqueta externa mm.<\/td>\n<td width=\"124\">100<\/td>\n<\/tr>\n<tr>\n<td width=\"173\">N\u00famero de cond.<\/td>\n<td width=\"124\">2<\/td>\n<\/tr>\n<tr>\n<td width=\"173\">Cond. Cobre<\/td>\n<td width=\"124\">(4VRC)<\/td>\n<\/tr>\n<tr>\n<td width=\"173\">Capacidad max.<\/td>\n<td width=\"124\">114 Pf \/ m.<\/td>\n<\/tr>\n<tr>\n<td width=\"173\">Resistencia del conductor<\/td>\n<td width=\"124\">4,95 Ohm \/ 100m.<\/td>\n<\/tr>\n<\/tbody>\n<\/table>\n<p><a href=\"http:\/\/www.hidiamond.eu\/eng\/index.php?option=com_content&amp;view=article&amp;id=161:cavo-di-potenza-diamond-2&amp;catid=38:prodotti&amp;Itemid=101&amp;lang=en\" target=\"_blank\" rel=\"noopener noreferrer\"><span style=\"color: #0000ff;\">Click aqu\u00ed para m\u00e1s informaci\u00f3n del producto<\/span><\/a><\/p>\n","protected":false},"excerpt":{"rendered":"<p>CABLE DE ALTAVOZ DIAMOND 2<\/p>\n<p>Cable con 4VRC \u00a9 patentado, cocci\u00f3n de cobre cuatro veces para obtener una reducci\u00f3n en los valores de inductancia, capacitancia y resistencia, terminado con tapones de pl\u00e1tano de cocodrilo de calidad.<br \/>\nConductores 2 x 4 mm 4VRC \u00a9.<\/p>\n","protected":false},"featured_media":709,"template":"","meta":[],"product_cat":[26],"product_tag":[201,92,88],"_links":{"self":[{"href":"https:\/\/baflesoviedo.com\/home\/wp-json\/wp\/v2\/product\/708"}],"collection":[{"href":"https:\/\/baflesoviedo.com\/home\/wp-json\/wp\/v2\/product"}],"about":[{"href":"https:\/\/baflesoviedo.com\/home\/wp-json\/wp\/v2\/types\/product"}],"wp:featuredmedia":[{"embeddable":true,"href":"https:\/\/baflesoviedo.com\/home\/wp-json\/wp\/v2\/media\/709"}],"wp:attachment":[{"href":"https:\/\/baflesoviedo.com\/home\/wp-json\/wp\/v2\/media?parent=708"}],"wp:term":[{"taxonomy":"product_cat","embeddable":true,"href":"https:\/\/baflesoviedo.com\/home\/wp-json\/wp\/v2\/product_cat?post=708"},{"taxonomy":"product_tag","embeddable":true,"href":"https:\/\/baflesoviedo.com\/home\/wp-json\/wp\/v2\/product_tag?post=708"}],"curies":[{"name":"wp","href":"https:\/\/api.w.org\/{rel}","templated":true}]}}