{"id":710,"date":"2020-04-23T22:08:26","date_gmt":"2020-04-23T22:08:26","guid":{"rendered":"https:\/\/baflesoviedo.com\/home\/?post_type=product&#038;p=710"},"modified":"2025-06-11T02:34:18","modified_gmt":"2025-06-11T02:34:18","slug":"hidiamond-diamond-3-speaker-cable-de-senal-para-altavoz","status":"publish","type":"product","link":"https:\/\/baflesoviedo.com\/home\/product\/hidiamond-diamond-3-speaker-cable-de-senal-para-altavoz\/","title":{"rendered":"HiDiamond, Diamond 3 Speaker, Cable Se\u00f1al Altavoz"},"content":{"rendered":"<p>&nbsp;<\/p>\n<p><strong>Especificaciones<\/strong><\/p>\n<table style=\"height: 134px;\" width=\"327\">\n<tbody>\n<tr>\n<td width=\"173\">Chaqueta externa mm.<\/td>\n<td width=\"124\">120<\/td>\n<\/tr>\n<tr>\n<td width=\"173\">N\u00famero de cond.<\/td>\n<td width=\"124\">4 4<\/td>\n<\/tr>\n<tr>\n<td width=\"173\">Cond. Cobre<\/td>\n<td width=\"124\">(4VRC)<\/td>\n<\/tr>\n<tr>\n<td width=\"173\">Capacidad max.<\/td>\n<td width=\"124\">85 Pf \/ m.<\/td>\n<\/tr>\n<tr>\n<td width=\"173\">Resistencia del conductor<\/td>\n<td width=\"124\">7,4 ohmios \/ km.<\/td>\n<\/tr>\n<\/tbody>\n<\/table>\n<p><a href=\"http:\/\/www.hidiamond.eu\/eng\/index.php?option=com_content&amp;view=article&amp;id=160:cavo-di-potenza-diamond-3&amp;catid=38:prodotti&amp;Itemid=101&amp;lang=en\" target=\"_blank\" rel=\"noopener noreferrer\"><span style=\"color: #0000ff;\">Click aqu\u00ed para m\u00e1s informaci\u00f3n del producto<\/span><\/a><\/p>\n","protected":false},"excerpt":{"rendered":"<p>CABLE DE ALTAVOZ DIAMOND 3<\/p>\n<p>Cable con 4VRC \u00a9 patentado, cocci\u00f3n de cobre cuatro veces para obtener una reducci\u00f3n en los valores de inductancia, capacitancia y resistencia, terminado con tapones de pl\u00e1tano de cocodrilo de calidad.<br \/>\nConductores 4 x 2.5 mm 4VRC \u00a9.<\/p>\n","protected":false},"featured_media":711,"template":"","meta":[],"product_cat":[26],"product_tag":[201,92,88],"_links":{"self":[{"href":"https:\/\/baflesoviedo.com\/home\/wp-json\/wp\/v2\/product\/710"}],"collection":[{"href":"https:\/\/baflesoviedo.com\/home\/wp-json\/wp\/v2\/product"}],"about":[{"href":"https:\/\/baflesoviedo.com\/home\/wp-json\/wp\/v2\/types\/product"}],"wp:featuredmedia":[{"embeddable":true,"href":"https:\/\/baflesoviedo.com\/home\/wp-json\/wp\/v2\/media\/711"}],"wp:attachment":[{"href":"https:\/\/baflesoviedo.com\/home\/wp-json\/wp\/v2\/media?parent=710"}],"wp:term":[{"taxonomy":"product_cat","embeddable":true,"href":"https:\/\/baflesoviedo.com\/home\/wp-json\/wp\/v2\/product_cat?post=710"},{"taxonomy":"product_tag","embeddable":true,"href":"https:\/\/baflesoviedo.com\/home\/wp-json\/wp\/v2\/product_tag?post=710"}],"curies":[{"name":"wp","href":"https:\/\/api.w.org\/{rel}","templated":true}]}}