{"id":712,"date":"2020-04-23T22:12:32","date_gmt":"2020-04-23T22:12:32","guid":{"rendered":"https:\/\/baflesoviedo.com\/home\/?post_type=product&#038;p=712"},"modified":"2025-06-11T02:32:19","modified_gmt":"2025-06-11T02:32:19","slug":"hidiamond-hd-reel-1-speaker-cable-de-senal-para-altavoz","status":"publish","type":"product","link":"https:\/\/baflesoviedo.com\/home\/product\/hidiamond-hd-reel-1-speaker-cable-de-senal-para-altavoz\/","title":{"rendered":"HiDiamond, HD Reel 1 Speaker, Cable Se\u00f1al Altavoz"},"content":{"rendered":"<p>&nbsp;<\/p>\n<p><strong>Especificaciones<\/strong><\/p>\n<table style=\"height: 137px;\" width=\"320\">\n<tbody>\n<tr>\n<td width=\"173\">Chaqueta externa mm.<\/td>\n<td width=\"129\">86<\/td>\n<\/tr>\n<tr>\n<td width=\"173\">N\u00famero de cond.<\/td>\n<td width=\"129\">2<\/td>\n<\/tr>\n<tr>\n<td width=\"173\">Cond. Cobre<\/td>\n<td width=\"129\">(4VRC)<\/td>\n<\/tr>\n<tr>\n<td width=\"173\">Capacidad max.<\/td>\n<td width=\"129\">80 Pf \/ m.<\/td>\n<\/tr>\n<tr>\n<td width=\"173\">Resistencia del conductor<\/td>\n<td width=\"129\">7,4 ohmios \/ 100m.<\/td>\n<\/tr>\n<\/tbody>\n<\/table>\n<p><a href=\"http:\/\/www.hidiamond.eu\/eng\/index.php?option=com_content&amp;view=article&amp;id=279:speaker-cable-hd-reel-1&amp;catid=38:products&amp;Itemid=101&amp;lang=en\" target=\"_blank\" rel=\"noopener noreferrer\"><span style=\"color: #0000ff;\">Click aqu\u00ed para m\u00e1s informaci\u00f3n del producto<\/span><\/a><\/p>\n","protected":false},"excerpt":{"rendered":"<p>CABLE DE ALTAVOZ HD REEL 1<\/p>\n<p>Cable del medidor con tecnolog\u00eda patentada 4VRC \u00a9 (cocci\u00f3n de cobre cuatro veces) para obtener una reducci\u00f3n de los valores de inductancia, capacitancia y resistencia. Conductores 2 x 2.5 mm 4VRC \u00a9.<br \/>\nPara reconocer el polo negativo se ha insertado en el interior de uno de los dos polos del signo menos (-) en cascada para su f\u00e1cil reconocimiento.<\/p>\n<p>Precio por metro<\/p>\n<p>&nbsp;<\/p>\n","protected":false},"featured_media":713,"template":"","meta":[],"product_cat":[26],"product_tag":[201,92,88],"_links":{"self":[{"href":"https:\/\/baflesoviedo.com\/home\/wp-json\/wp\/v2\/product\/712"}],"collection":[{"href":"https:\/\/baflesoviedo.com\/home\/wp-json\/wp\/v2\/product"}],"about":[{"href":"https:\/\/baflesoviedo.com\/home\/wp-json\/wp\/v2\/types\/product"}],"wp:featuredmedia":[{"embeddable":true,"href":"https:\/\/baflesoviedo.com\/home\/wp-json\/wp\/v2\/media\/713"}],"wp:attachment":[{"href":"https:\/\/baflesoviedo.com\/home\/wp-json\/wp\/v2\/media?parent=712"}],"wp:term":[{"taxonomy":"product_cat","embeddable":true,"href":"https:\/\/baflesoviedo.com\/home\/wp-json\/wp\/v2\/product_cat?post=712"},{"taxonomy":"product_tag","embeddable":true,"href":"https:\/\/baflesoviedo.com\/home\/wp-json\/wp\/v2\/product_tag?post=712"}],"curies":[{"name":"wp","href":"https:\/\/api.w.org\/{rel}","templated":true}]}}