{"id":716,"date":"2020-04-23T22:22:13","date_gmt":"2020-04-23T22:22:13","guid":{"rendered":"https:\/\/baflesoviedo.com\/home\/?post_type=product&#038;p=716"},"modified":"2025-06-11T02:41:04","modified_gmt":"2025-06-11T02:41:04","slug":"ice-cable-12-2fx-cable-para-parlante-calibre-12","status":"publish","type":"product","link":"https:\/\/baflesoviedo.com\/home\/product\/ice-cable-12-2fx-cable-para-parlante-calibre-12\/","title":{"rendered":"ICE Cable, 12-2FX, Cable Parlante Calibre 12"},"content":{"rendered":"<p>&nbsp;<\/p>\n<p><strong>Especificaciones<\/strong><\/p>\n<table style=\"height: 162px;\" width=\"424\">\n<tbody>\n<tr>\n<td width=\"224\">Tensi\u00f3n nominal (V)<\/td>\n<td width=\"145\">300<\/td>\n<\/tr>\n<tr>\n<td width=\"224\">Temperatura nominal (\u00baC)<\/td>\n<td width=\"145\">75<\/td>\n<\/tr>\n<tr>\n<td width=\"224\">Certificaci\u00f3n est\u00e1ndar de producto<\/td>\n<td width=\"145\">c (UL) CMG o (UL) CL3<\/td>\n<\/tr>\n<tr>\n<td width=\"224\"><\/td>\n<td width=\"145\">Entierro directo UL<\/td>\n<\/tr>\n<tr>\n<td width=\"224\">Prueba de llama<\/td>\n<td width=\"145\">FT4<\/td>\n<\/tr>\n<\/tbody>\n<\/table>\n<p><a href=\"https:\/\/www.icecable.com\/products\/12-2fx?color=2\" target=\"_blank\" rel=\"noopener noreferrer\"><span style=\"color: #0000ff;\">Click aqu\u00ed para m\u00e1s informaci\u00f3n del producto<\/span><\/a><\/p>\n","protected":false},"excerpt":{"rendered":"<p>Cable de altavoz 12-2FX para uso de interiores.<\/p>\n<p>Precio por metro.<\/p>\n","protected":false},"featured_media":717,"template":"","meta":[],"product_cat":[26],"product_tag":[201,92,94],"_links":{"self":[{"href":"https:\/\/baflesoviedo.com\/home\/wp-json\/wp\/v2\/product\/716"}],"collection":[{"href":"https:\/\/baflesoviedo.com\/home\/wp-json\/wp\/v2\/product"}],"about":[{"href":"https:\/\/baflesoviedo.com\/home\/wp-json\/wp\/v2\/types\/product"}],"wp:featuredmedia":[{"embeddable":true,"href":"https:\/\/baflesoviedo.com\/home\/wp-json\/wp\/v2\/media\/717"}],"wp:attachment":[{"href":"https:\/\/baflesoviedo.com\/home\/wp-json\/wp\/v2\/media?parent=716"}],"wp:term":[{"taxonomy":"product_cat","embeddable":true,"href":"https:\/\/baflesoviedo.com\/home\/wp-json\/wp\/v2\/product_cat?post=716"},{"taxonomy":"product_tag","embeddable":true,"href":"https:\/\/baflesoviedo.com\/home\/wp-json\/wp\/v2\/product_tag?post=716"}],"curies":[{"name":"wp","href":"https:\/\/api.w.org\/{rel}","templated":true}]}}