{"id":724,"date":"2020-04-23T22:33:54","date_gmt":"2020-04-23T22:33:54","guid":{"rendered":"https:\/\/baflesoviedo.com\/home\/?post_type=product&#038;p=724"},"modified":"2025-06-11T02:40:22","modified_gmt":"2025-06-11T02:40:22","slug":"ice-cable-primal-16-2-cable-para-parlante-calibre-16","status":"publish","type":"product","link":"https:\/\/baflesoviedo.com\/home\/product\/ice-cable-primal-16-2-cable-para-parlante-calibre-16\/","title":{"rendered":"ICE Cable, Primal 16-2, Cable Parlante Calibre 16"},"content":{"rendered":"<p>&nbsp;<\/p>\n<p><strong>Especificaciones<\/strong><\/p>\n<table style=\"height: 112px;\" width=\"398\">\n<tbody>\n<tr>\n<td width=\"224\">Tensi\u00f3n nominal (V)<\/td>\n<td width=\"127\">300<\/td>\n<\/tr>\n<tr>\n<td width=\"224\">Temperatura nominal (\u00baC)<\/td>\n<td width=\"127\">75<\/td>\n<\/tr>\n<tr>\n<td width=\"224\">Certificaci\u00f3n est\u00e1ndar de producto<\/td>\n<td width=\"127\">UL CL3 c(UL) CM<\/td>\n<\/tr>\n<tr>\n<td width=\"224\">Prueba de llama<\/td>\n<td width=\"127\">FT4<\/td>\n<\/tr>\n<\/tbody>\n<\/table>\n<p><a href=\"https:\/\/www.icecable.com\/products\/primal-16-2\" target=\"_blank\" rel=\"noopener noreferrer\"><span style=\"color: #0000ff;\">Click aqu\u00ed para m\u00e1s informaci\u00f3n del producto<\/span><\/a><\/p>\n","protected":false},"excerpt":{"rendered":"<p>Cable de altavoz 16-2FX para uso de interiores.<\/p>\n<p>Precio por metro.<\/p>\n","protected":false},"featured_media":725,"template":"","meta":[],"product_cat":[26],"product_tag":[201,92,94],"_links":{"self":[{"href":"https:\/\/baflesoviedo.com\/home\/wp-json\/wp\/v2\/product\/724"}],"collection":[{"href":"https:\/\/baflesoviedo.com\/home\/wp-json\/wp\/v2\/product"}],"about":[{"href":"https:\/\/baflesoviedo.com\/home\/wp-json\/wp\/v2\/types\/product"}],"wp:featuredmedia":[{"embeddable":true,"href":"https:\/\/baflesoviedo.com\/home\/wp-json\/wp\/v2\/media\/725"}],"wp:attachment":[{"href":"https:\/\/baflesoviedo.com\/home\/wp-json\/wp\/v2\/media?parent=724"}],"wp:term":[{"taxonomy":"product_cat","embeddable":true,"href":"https:\/\/baflesoviedo.com\/home\/wp-json\/wp\/v2\/product_cat?post=724"},{"taxonomy":"product_tag","embeddable":true,"href":"https:\/\/baflesoviedo.com\/home\/wp-json\/wp\/v2\/product_tag?post=724"}],"curies":[{"name":"wp","href":"https:\/\/api.w.org\/{rel}","templated":true}]}}