{"id":726,"date":"2020-04-23T22:44:20","date_gmt":"2020-04-23T22:44:20","guid":{"rendered":"https:\/\/baflesoviedo.com\/home\/?post_type=product&#038;p=726"},"modified":"2025-06-11T02:30:20","modified_gmt":"2025-06-11T02:30:20","slug":"liberty-z200fm-conector-rca-hembra-a-enchufes-rca-duplex-macho","status":"publish","type":"product","link":"https:\/\/baflesoviedo.com\/home\/product\/liberty-z200fm-conector-rca-hembra-a-enchufes-rca-duplex-macho\/","title":{"rendered":"Liberty, Z200FM, Conector RCA (hembra) a enchufes RCA d\u00faplex (macho)"},"content":{"rendered":"<p>&nbsp;<\/p>\n<p><strong>Especificaciones<\/strong><\/p>\n<table width=\"525\">\n<tbody>\n<tr>\n<td width=\"525\">Cable de audio &#8220;Y&#8221;.<\/td>\n<\/tr>\n<tr>\n<td width=\"525\">Conector RCA (hembra) a enchufes RCA d\u00faplex (macho).<\/td>\n<\/tr>\n<tr>\n<td width=\"525\">Todas las superficies de contacto chapadas en oro.<\/td>\n<\/tr>\n<tr>\n<td width=\"525\">Cuerpo del conector moldeado con anillos de identificaci\u00f3n de silicona azul y rojo.<\/td>\n<\/tr>\n<tr>\n<td width=\"525\">Construcci\u00f3n de cable coaxial RG58 para audio de baja p\u00e9rdida.<\/td>\n<\/tr>\n<tr>\n<td width=\"525\">Conductores y protectores de cobre sin ox\u00edgeno de alta hebra.<\/td>\n<\/tr>\n<tr>\n<td width=\"525\">Construcci\u00f3n de cremallera siamesa (SPT) f\u00e1cilmente separada.<\/td>\n<\/tr>\n<tr>\n<td width=\"525\">Chaqueta de PVC blando extremadamente flexible.<\/td>\n<\/tr>\n<tr>\n<td width=\"525\">Listado por UL AWM, cumple con RoHS.<\/td>\n<\/tr>\n<\/tbody>\n<\/table>\n<p><a href=\"https:\/\/secure.libertycable.com\/products\/Liberty-Wire-and-Cable\/Z200FM\/Liberty-Z200-Specialty-Audio-Splitter-Cable-RCA-Female-to-2-RCA-Male\" target=\"_blank\" rel=\"noopener noreferrer\"><span style=\"color: #0000ff;\">Click aqu\u00ed para m\u00e1s informaci\u00f3n del producto<\/span><\/a><\/p>\n","protected":false},"excerpt":{"rendered":"<p>Divisi\u00f3n de audio est\u00e9reo no balanceado de nivel de l\u00ednea. Parcheo y enrutamiento de audio entre dispositivos.<\/p>\n","protected":false},"featured_media":727,"template":"","meta":[],"product_cat":[26],"product_tag":[201,96,91],"_links":{"self":[{"href":"https:\/\/baflesoviedo.com\/home\/wp-json\/wp\/v2\/product\/726"}],"collection":[{"href":"https:\/\/baflesoviedo.com\/home\/wp-json\/wp\/v2\/product"}],"about":[{"href":"https:\/\/baflesoviedo.com\/home\/wp-json\/wp\/v2\/types\/product"}],"wp:featuredmedia":[{"embeddable":true,"href":"https:\/\/baflesoviedo.com\/home\/wp-json\/wp\/v2\/media\/727"}],"wp:attachment":[{"href":"https:\/\/baflesoviedo.com\/home\/wp-json\/wp\/v2\/media?parent=726"}],"wp:term":[{"taxonomy":"product_cat","embeddable":true,"href":"https:\/\/baflesoviedo.com\/home\/wp-json\/wp\/v2\/product_cat?post=726"},{"taxonomy":"product_tag","embeddable":true,"href":"https:\/\/baflesoviedo.com\/home\/wp-json\/wp\/v2\/product_tag?post=726"}],"curies":[{"name":"wp","href":"https:\/\/api.w.org\/{rel}","templated":true}]}}