{"id":736,"date":"2020-04-23T23:04:29","date_gmt":"2020-04-23T23:04:29","guid":{"rendered":"https:\/\/baflesoviedo.com\/home\/?post_type=product&#038;p=736"},"modified":"2021-01-06T17:42:28","modified_gmt":"2021-01-06T17:42:28","slug":"liberty-zb03-conectores-para-altavoz-tipo-banana","status":"publish","type":"product","link":"https:\/\/baflesoviedo.com\/home\/product\/liberty-zb03-conectores-para-altavoz-tipo-banana\/","title":{"rendered":"Liberty, ZB03, Conectores para altavoz tipo banana"},"content":{"rendered":"<p>&nbsp;<\/p>\n<p><strong>Especificaciones<\/strong><\/p>\n<table width=\"413\">\n<tbody>\n<tr>\n<td width=\"413\">Par de conectores tipo banana (1 rojo, 1 negro).<\/td>\n<\/tr>\n<tr>\n<td width=\"413\">Todos los conectores, cuerpos y pasadores chapados en oro.<\/td>\n<\/tr>\n<tr>\n<td width=\"413\">Conexi\u00f3n de terminal de tipo de compresi\u00f3n de tornillo manual.<\/td>\n<\/tr>\n<tr>\n<td width=\"413\">Anillos rojos y negros para + y \u2013 ID.<\/td>\n<\/tr>\n<tr>\n<td width=\"413\">Tama\u00f1os de cable de 18 a 10 AWG.<\/td>\n<\/tr>\n<\/tbody>\n<\/table>\n<p><a href=\"https:\/\/secure.libertycable.com\/product_details.php?pitem=ZB03\" target=\"_blank\" rel=\"noopener noreferrer\"><span style=\"color: #0000ff;\">Click aqu\u00ed para m\u00e1s informaci\u00f3n del producto<\/span><\/a><\/p>\n","protected":false},"excerpt":{"rendered":"<p>Pares premium de banana \u00fanica para cable de audio de nivel de altavoz.<br \/>\nConexi\u00f3n de audio de nivel de altavoz. Cable de instrumento, parcheo de corriente continua.<\/p>\n<p>Precio es por par de conectores.<\/p>\n","protected":false},"featured_media":738,"template":"","meta":[],"product_cat":[27],"product_tag":[98,96],"_links":{"self":[{"href":"https:\/\/baflesoviedo.com\/home\/wp-json\/wp\/v2\/product\/736"}],"collection":[{"href":"https:\/\/baflesoviedo.com\/home\/wp-json\/wp\/v2\/product"}],"about":[{"href":"https:\/\/baflesoviedo.com\/home\/wp-json\/wp\/v2\/types\/product"}],"wp:featuredmedia":[{"embeddable":true,"href":"https:\/\/baflesoviedo.com\/home\/wp-json\/wp\/v2\/media\/738"}],"wp:attachment":[{"href":"https:\/\/baflesoviedo.com\/home\/wp-json\/wp\/v2\/media?parent=736"}],"wp:term":[{"taxonomy":"product_cat","embeddable":true,"href":"https:\/\/baflesoviedo.com\/home\/wp-json\/wp\/v2\/product_cat?post=736"},{"taxonomy":"product_tag","embeddable":true,"href":"https:\/\/baflesoviedo.com\/home\/wp-json\/wp\/v2\/product_tag?post=736"}],"curies":[{"name":"wp","href":"https:\/\/api.w.org\/{rel}","templated":true}]}}