{"id":750,"date":"2020-04-28T16:05:32","date_gmt":"2020-04-28T16:05:32","guid":{"rendered":"https:\/\/baflesoviedo.com\/home\/?post_type=product&#038;p=750"},"modified":"2023-10-21T03:11:21","modified_gmt":"2023-10-21T03:11:21","slug":"visaton-fontana-altavoz-de-2-vias","status":"publish","type":"product","link":"https:\/\/baflesoviedo.com\/home\/product\/visaton-fontana-altavoz-de-2-vias\/","title":{"rendered":"Visaton, Fontana, Altavoz de 2 v\u00edas"},"content":{"rendered":"<p>&nbsp;<\/p>\n<p><strong>Especificaciones<\/strong><\/p>\n<table width=\"340\">\n<tbody>\n<tr>\n<td width=\"208\">Potencia nominal<\/td>\n<td width=\"132\">70 W<\/td>\n<\/tr>\n<tr>\n<td width=\"208\">Potencia m\u00e1xima<\/td>\n<td width=\"132\">100 W<\/td>\n<\/tr>\n<tr>\n<td width=\"208\">Impedancia nominal Z<\/td>\n<td width=\"132\">8 ohmios<\/td>\n<\/tr>\n<tr>\n<td width=\"208\">Rango de transmisi\u00f3n (-10 dB)<\/td>\n<td width=\"132\">40-20000 Hz<\/td>\n<\/tr>\n<tr>\n<td width=\"208\">Nivel medio de presi\u00f3n sonora<\/td>\n<td width=\"132\">80 dB (1 W \/ 1 m)<\/td>\n<\/tr>\n<tr>\n<td width=\"208\">Frecuencia de crossover<\/td>\n<td width=\"132\">2000 Hz<\/td>\n<\/tr>\n<tr>\n<td width=\"208\">Tipo de caja<\/td>\n<td width=\"132\">Reflector de graves<\/td>\n<\/tr>\n<tr>\n<td width=\"208\">Volumen neto<\/td>\n<td width=\"132\">30 l<\/td>\n<\/tr>\n<tr>\n<td width=\"208\">Altura de la dimensi\u00f3n externa<\/td>\n<td width=\"132\">1020 mm<\/td>\n<\/tr>\n<tr>\n<td width=\"208\">Ancho de la dimensi\u00f3n exterior<\/td>\n<td width=\"132\">239 mm<\/td>\n<\/tr>\n<tr>\n<td width=\"208\">Dimensi\u00f3n externa profundidad<\/td>\n<td width=\"132\">239 mm<\/td>\n<\/tr>\n<\/tbody>\n<\/table>\n<p><a href=\"https:\/\/www.visaton.de\/en\/products\/2-way-speakers\/fontana\" target=\"_blank\" rel=\"noopener noreferrer\"><span style=\"color: #0000ff;\">Click aqu\u00ed para m\u00e1s informaci\u00f3n del producto<\/span><\/a><\/p>\n","protected":false},"excerpt":{"rendered":"<p>El sistema FONTANA de 2 v\u00edas es un altavoz omnidireccional de 360 \u00b0 con una apariencia muy atractiva y es particularmente adecuado como un altavoz de efectos. Los altavoces est\u00e1n dispuestos de modo que apuntan hacia arriba y reflejan la salida de sonido mediante dos conos con formas especiales. Esto da como resultado una respuesta de frecuencia distribuida uniformemente, que coincide con sus expectativas de audici\u00f3n en la sala.<\/p>\n","protected":false},"featured_media":352,"template":"","meta":[],"product_cat":[82],"product_tag":[31,99,61],"_links":{"self":[{"href":"https:\/\/baflesoviedo.com\/home\/wp-json\/wp\/v2\/product\/750"}],"collection":[{"href":"https:\/\/baflesoviedo.com\/home\/wp-json\/wp\/v2\/product"}],"about":[{"href":"https:\/\/baflesoviedo.com\/home\/wp-json\/wp\/v2\/types\/product"}],"wp:featuredmedia":[{"embeddable":true,"href":"https:\/\/baflesoviedo.com\/home\/wp-json\/wp\/v2\/media\/352"}],"wp:attachment":[{"href":"https:\/\/baflesoviedo.com\/home\/wp-json\/wp\/v2\/media?parent=750"}],"wp:term":[{"taxonomy":"product_cat","embeddable":true,"href":"https:\/\/baflesoviedo.com\/home\/wp-json\/wp\/v2\/product_cat?post=750"},{"taxonomy":"product_tag","embeddable":true,"href":"https:\/\/baflesoviedo.com\/home\/wp-json\/wp\/v2\/product_tag?post=750"}],"curies":[{"name":"wp","href":"https:\/\/api.w.org\/{rel}","templated":true}]}}