{"id":751,"date":"2020-04-28T16:10:35","date_gmt":"2020-04-28T16:10:35","guid":{"rendered":"https:\/\/baflesoviedo.com\/home\/?post_type=product&#038;p=751"},"modified":"2023-10-21T03:11:13","modified_gmt":"2023-10-21T03:11:13","slug":"visaton-mb-208-h-altavoz","status":"publish","type":"product","link":"https:\/\/baflesoviedo.com\/home\/product\/visaton-mb-208-h-altavoz\/","title":{"rendered":"Visaton, MB 208\/H, Altavoz"},"content":{"rendered":"<p>&nbsp;<\/p>\n<p><strong>Especificaciones<\/strong><\/p>\n<table style=\"height: 343px;\" width=\"462\">\n<tbody>\n<tr>\n<td width=\"321\">Potencia nominal<\/td>\n<td width=\"111\">80 W<\/td>\n<\/tr>\n<tr>\n<td width=\"321\">Potencia m\u00e1xima<\/td>\n<td width=\"111\">140 W<\/td>\n<\/tr>\n<tr>\n<td width=\"321\">Impedancia nominal Z<\/td>\n<td width=\"111\">4 ohmios<\/td>\n<\/tr>\n<tr>\n<td width=\"321\">Rango de transmisi\u00f3n (-10 dB)<\/td>\n<td width=\"111\">85-20000 Hz<\/td>\n<\/tr>\n<tr>\n<td width=\"321\">Nivel medio de presi\u00f3n sonora<\/td>\n<td width=\"111\">94 dB (1 W \/ 1 m)<\/td>\n<\/tr>\n<tr>\n<td width=\"321\">Frecuencia de crossover<\/td>\n<td width=\"111\">4500 Hz<\/td>\n<\/tr>\n<tr>\n<td width=\"321\">Tipo de caja<\/td>\n<td width=\"111\">Cerrado<\/td>\n<\/tr>\n<tr>\n<td width=\"321\">Resistencia musical con filtro de paso alto<\/td>\n<td width=\"111\">200 W.<\/td>\n<\/tr>\n<tr>\n<td width=\"321\">Capacidad de carga nominal con filtro de paso alto<\/td>\n<td width=\"111\">300 W.<\/td>\n<\/tr>\n<tr>\n<td width=\"321\">Volumen neto<\/td>\n<td width=\"111\">23 l<\/td>\n<\/tr>\n<tr>\n<td width=\"321\">Altura de la dimensi\u00f3n externa<\/td>\n<td width=\"111\">640 mm<\/td>\n<\/tr>\n<tr>\n<td width=\"321\">Ancho de la dimensi\u00f3n exterior<\/td>\n<td width=\"111\">240 mm<\/td>\n<\/tr>\n<tr>\n<td width=\"321\">Dimensi\u00f3n externa profundidad<\/td>\n<td width=\"111\">240 mm<\/td>\n<\/tr>\n<\/tbody>\n<\/table>\n<p><a href=\"https:\/\/www.visaton.de\/en\/products\/2-way-speakers\/mb-208h\" target=\"_blank\" rel=\"noopener noreferrer\"><span style=\"color: #0000ff;\">Click aqu\u00ed para m\u00e1s informaci\u00f3n del producto<\/span><\/a><\/p>\n","protected":false},"excerpt":{"rendered":"<p>El MB 208 \/ H es un altavoz compacto de alto rendimiento. Est\u00e1 equipado con dos BG 20 &#8211; 8 ohmios de rango completo de alta eficiencia, que funcionan en paralelo, y el tweeter HTH 8.7 &#8211; 8 ohmios. Adem\u00e1s de ser ideal como altavoz de monitor para voces e instrumentos, en salas de tama\u00f1o peque\u00f1o a mediano, tambi\u00e9n es un buen candidato para combinar con un buen subwoofer (por ejemplo, MB 115 \/ B) para eventos de megafon\u00eda m\u00e1s grandes.<\/p>\n","protected":false},"featured_media":596,"template":"","meta":[],"product_cat":[82],"product_tag":[31,99,61],"_links":{"self":[{"href":"https:\/\/baflesoviedo.com\/home\/wp-json\/wp\/v2\/product\/751"}],"collection":[{"href":"https:\/\/baflesoviedo.com\/home\/wp-json\/wp\/v2\/product"}],"about":[{"href":"https:\/\/baflesoviedo.com\/home\/wp-json\/wp\/v2\/types\/product"}],"wp:featuredmedia":[{"embeddable":true,"href":"https:\/\/baflesoviedo.com\/home\/wp-json\/wp\/v2\/media\/596"}],"wp:attachment":[{"href":"https:\/\/baflesoviedo.com\/home\/wp-json\/wp\/v2\/media?parent=751"}],"wp:term":[{"taxonomy":"product_cat","embeddable":true,"href":"https:\/\/baflesoviedo.com\/home\/wp-json\/wp\/v2\/product_cat?post=751"},{"taxonomy":"product_tag","embeddable":true,"href":"https:\/\/baflesoviedo.com\/home\/wp-json\/wp\/v2\/product_tag?post=751"}],"curies":[{"name":"wp","href":"https:\/\/api.w.org\/{rel}","templated":true}]}}