{"id":928,"date":"2020-05-21T16:20:10","date_gmt":"2020-05-21T16:20:10","guid":{"rendered":"https:\/\/baflesoviedo.com\/home\/?post_type=product&#038;p=928"},"modified":"2025-06-15T02:22:51","modified_gmt":"2025-06-15T02:22:51","slug":"cambridge-audio-bt100-receptor-de-audio-bluetooth","status":"publish","type":"product","link":"https:\/\/baflesoviedo.com\/home\/product\/cambridge-audio-bt100-receptor-de-audio-bluetooth\/","title":{"rendered":"Cambridge Audio, BT100, Receptor de Audio Bluetooth"},"content":{"rendered":"<p>Si su smartphone o tableta es compatible con el c\u00f3dec de mejora de audio aptX, el BT100 tambi\u00e9n ser\u00e1 compatible. AptX, que figura en un n\u00famero creciente de dispositivos m\u00f3viles adem\u00e1s de en MacBooks y equipos inform\u00e1ticos de escritorio Apple, permite una transmisi\u00f3n inal\u00e1mbrica de audio cuya calidad es muy superior a la disponible mediante la transmisi\u00f3n Bluetooth est\u00e1ndar. Identificar\u00e1 al instante un mayor rango din\u00e1mico, una reproducci\u00f3n de graves m\u00e1s profunda y una incre\u00edble claridad de los niveles m\u00e1s altos.<\/p>\n<p>El c\u00f3dec Bluetooth est\u00e1ndar (SBC) se caracteriza por proporcionar un rendimiento muy variable y sus limitaciones son obvias para todos los amantes de la m\u00fasica: sufren de una p\u00e9rdida de claridad en los tonos m\u00e1s altos, y de una atenuaci\u00f3n e inconsistencia en la reproducci\u00f3n de instrumentos de cuerda. En cambio, el c\u00f3dec aptX produce un est\u00e1ndar de rendimiento fijo para garantizar una transmisi\u00f3n inal\u00e1mbrica de datos musicales sobre Bluetooth de calidad y consistencia excelente. Al disponer de una reproducci\u00f3n de nivel de calidad casi id\u00e9ntica al de CD, podr\u00e1 disfrutar al instante de unas din\u00e1micas significativamente superiores y un nivel de detalle mucho mayor de su m\u00fasica favorita.<\/p>\n<p><a href=\"https:\/\/www.cambridgeaudio.com\/es\/products\/bt-100\" target=\"_blank\" rel=\"noopener noreferrer\"><span style=\"color: #0000ff;\">Click aqu\u00ed para m\u00e1s informaci\u00f3n del producto<\/span><\/a><\/p>\n","protected":false},"excerpt":{"rendered":"<p>RECEPTOR DE AUDIO BLUETOOTH<\/p>\n<p>Convierta su tel\u00e9fono m\u00f3vil, smartphone, tableta o equipo inform\u00e1tico en un componente de alta fidelidad inal\u00e1mbrico. Mediante la conexi\u00f3n de nuestro nuevo BT100 a cualquier producto compatible de Cambridge Audio, puede transmitir m\u00fasica de manera inal\u00e1mbrica desde su iPhone, smartphone, iPad, tableta, equipo inform\u00e1tico port\u00e1til o desde cualquier dispositivo que sea compatible con Bluetooth a su sistema de alta fidelidad o de entretenimiento.<\/p>\n","protected":false},"featured_media":929,"template":"","meta":[],"product_cat":[19],"product_tag":[80,52,40,220],"_links":{"self":[{"href":"https:\/\/baflesoviedo.com\/home\/wp-json\/wp\/v2\/product\/928"}],"collection":[{"href":"https:\/\/baflesoviedo.com\/home\/wp-json\/wp\/v2\/product"}],"about":[{"href":"https:\/\/baflesoviedo.com\/home\/wp-json\/wp\/v2\/types\/product"}],"wp:featuredmedia":[{"embeddable":true,"href":"https:\/\/baflesoviedo.com\/home\/wp-json\/wp\/v2\/media\/929"}],"wp:attachment":[{"href":"https:\/\/baflesoviedo.com\/home\/wp-json\/wp\/v2\/media?parent=928"}],"wp:term":[{"taxonomy":"product_cat","embeddable":true,"href":"https:\/\/baflesoviedo.com\/home\/wp-json\/wp\/v2\/product_cat?post=928"},{"taxonomy":"product_tag","embeddable":true,"href":"https:\/\/baflesoviedo.com\/home\/wp-json\/wp\/v2\/product_tag?post=928"}],"curies":[{"name":"wp","href":"https:\/\/api.w.org\/{rel}","templated":true}]}}